{"id":16008,"date":"2025-04-03T23:19:56","date_gmt":"2025-04-04T04:19:56","guid":{"rendered":"https:\/\/tiendaflex.ec\/?post_type=product&#038;p=16008"},"modified":"2025-09-02T22:45:27","modified_gmt":"2025-09-03T03:45:27","slug":"kit-de-12-camaras-de-seguridad-1080p-dahua","status":"publish","type":"product","link":"https:\/\/tiendaflex.ec\/en\/product\/kit-de-12-camaras-de-seguridad-1080p-dahua\/","title":{"rendered":"Kit de 12 C\u00e1maras de Seguridad 1080P \u2013 Dahua"},"content":{"rendered":"","protected":false},"excerpt":{"rendered":"<p>\u00a1Mant\u00e9n tu hogar o negocio seguro con el Kit de C\u00e1maras de Seguridad Dahua de alta resoluci\u00f3n! No dejes pasar esta MEGA OFERTA y asegura tu tranquilidad con la mejor tecnolog\u00eda en c\u00e1maras de seguridad.<\/p>\n<p>Caracter\u00edsticas:<\/p>\n<p>Resoluci\u00f3n de 2 MP (1920 x 1080) para im\u00e1genes n\u00edtidas.<br \/>\nLente focal fija de 3.6 mm (opciones de 2.8mm y 6mm disponibles).<br \/>\nSalida de video 4 en 1 (CVI\/CVBS\/AHD\/TVI conmutable).<br \/>\nIR inteligente: Distancia IR de hasta 20 metros para visi\u00f3n nocturna.<br \/>\nIP67: Resistente a condiciones clim\u00e1ticas adversas.<br \/>\nIncluye:<\/p>\n<p>1 DVR 16CH + 8CH IP<br \/>\n7 c\u00e1maras domo 1080P (pl\u00e1stico)<br \/>\n5 c\u00e1maras tubo 1080P (pl\u00e1stico)<br \/>\n12 pares de video balun<br \/>\n12 fuentes de 12V 1A<br \/>\nNO INCLUYE:<\/p>\n<p>Disco duro<br \/>\nCable UTP<\/p>\n<p>\ud83d\udcde Cont\u00e1ctanos: +593984123231<\/p>","protected":false},"featured_media":16009,"comment_status":"open","ping_status":"closed","template":"","meta":{"_acf_changed":false},"product_brand":[],"product_cat":[584,547],"product_tag":[],"class_list":{"0":"post-16008","1":"product","2":"type-product","3":"status-publish","4":"has-post-thumbnail","6":"product_cat-camaras","7":"product_cat-tecnologia-del-hogar","9":"first","10":"outofstock","11":"sale","12":"taxable","13":"shipping-taxable","14":"purchasable","15":"product-type-simple"},"acf":[],"_links":{"self":[{"href":"https:\/\/tiendaflex.ec\/en\/wp-json\/wp\/v2\/product\/16008","targetHints":{"allow":["GET"]}}],"collection":[{"href":"https:\/\/tiendaflex.ec\/en\/wp-json\/wp\/v2\/product"}],"about":[{"href":"https:\/\/tiendaflex.ec\/en\/wp-json\/wp\/v2\/types\/product"}],"replies":[{"embeddable":true,"href":"https:\/\/tiendaflex.ec\/en\/wp-json\/wp\/v2\/comments?post=16008"}],"version-history":[{"count":2,"href":"https:\/\/tiendaflex.ec\/en\/wp-json\/wp\/v2\/product\/16008\/revisions"}],"predecessor-version":[{"id":16011,"href":"https:\/\/tiendaflex.ec\/en\/wp-json\/wp\/v2\/product\/16008\/revisions\/16011"}],"wp:featuredmedia":[{"embeddable":true,"href":"https:\/\/tiendaflex.ec\/en\/wp-json\/wp\/v2\/media\/16009"}],"wp:attachment":[{"href":"https:\/\/tiendaflex.ec\/en\/wp-json\/wp\/v2\/media?parent=16008"}],"wp:term":[{"taxonomy":"product_brand","embeddable":true,"href":"https:\/\/tiendaflex.ec\/en\/wp-json\/wp\/v2\/product_brand?post=16008"},{"taxonomy":"product_cat","embeddable":true,"href":"https:\/\/tiendaflex.ec\/en\/wp-json\/wp\/v2\/product_cat?post=16008"},{"taxonomy":"product_tag","embeddable":true,"href":"https:\/\/tiendaflex.ec\/en\/wp-json\/wp\/v2\/product_tag?post=16008"}],"curies":[{"name":"wp","href":"https:\/\/api.w.org\/{rel}","templated":true}]}}