{"id":15999,"date":"2025-04-03T23:15:16","date_gmt":"2025-04-04T04:15:16","guid":{"rendered":"https:\/\/tiendaflex.ec\/?post_type=product&#038;p=15999"},"modified":"2025-04-15T22:53:18","modified_gmt":"2025-04-16T03:53:18","slug":"rk-150-e-2025-keeway","status":"publish","type":"product","link":"https:\/\/tiendaflex.ec\/en\/product\/rk-150-e-2025-keeway\/","title":{"rendered":"RK 150 E &#8211; 2025 KEEWAY"},"content":{"rendered":"","protected":false},"excerpt":{"rendered":"<p>Con un motor de 149.4 cc y un dise\u00f1o inspirado en las cl\u00e1sicas caf\u00e9 racer, la RK 150 E es la compa\u00f1era ideal para el d\u00eda a d\u00eda. Su combinaci\u00f3n de ruedas con radios, suspensi\u00f3n reforzada y faro central cl\u00e1sico la convierten en una opci\u00f3n atractiva para todo tipo de motociclistas.<\/p>\n<p>\ud83d\udcde Cont\u00e1ctanos: +593984123231<\/p>","protected":false},"featured_media":16000,"comment_status":"open","ping_status":"closed","template":"","meta":{"_acf_changed":false},"product_brand":[],"product_cat":[607,546],"product_tag":[],"class_list":{"0":"post-15999","1":"product","2":"type-product","3":"status-publish","4":"has-post-thumbnail","6":"product_cat-keeway","7":"product_cat-motocicletas","9":"first","10":"instock","11":"sale","12":"taxable","13":"shipping-taxable","14":"purchasable","15":"product-type-variable"},"acf":[],"_links":{"self":[{"href":"https:\/\/tiendaflex.ec\/en\/wp-json\/wp\/v2\/product\/15999","targetHints":{"allow":["GET"]}}],"collection":[{"href":"https:\/\/tiendaflex.ec\/en\/wp-json\/wp\/v2\/product"}],"about":[{"href":"https:\/\/tiendaflex.ec\/en\/wp-json\/wp\/v2\/types\/product"}],"replies":[{"embeddable":true,"href":"https:\/\/tiendaflex.ec\/en\/wp-json\/wp\/v2\/comments?post=15999"}],"version-history":[{"count":2,"href":"https:\/\/tiendaflex.ec\/en\/wp-json\/wp\/v2\/product\/15999\/revisions"}],"predecessor-version":[{"id":16007,"href":"https:\/\/tiendaflex.ec\/en\/wp-json\/wp\/v2\/product\/15999\/revisions\/16007"}],"wp:featuredmedia":[{"embeddable":true,"href":"https:\/\/tiendaflex.ec\/en\/wp-json\/wp\/v2\/media\/16000"}],"wp:attachment":[{"href":"https:\/\/tiendaflex.ec\/en\/wp-json\/wp\/v2\/media?parent=15999"}],"wp:term":[{"taxonomy":"product_brand","embeddable":true,"href":"https:\/\/tiendaflex.ec\/en\/wp-json\/wp\/v2\/product_brand?post=15999"},{"taxonomy":"product_cat","embeddable":true,"href":"https:\/\/tiendaflex.ec\/en\/wp-json\/wp\/v2\/product_cat?post=15999"},{"taxonomy":"product_tag","embeddable":true,"href":"https:\/\/tiendaflex.ec\/en\/wp-json\/wp\/v2\/product_tag?post=15999"}],"curies":[{"name":"wp","href":"https:\/\/api.w.org\/{rel}","templated":true}]}}