{"id":15991,"date":"2025-04-03T23:03:10","date_gmt":"2025-04-04T04:03:10","guid":{"rendered":"https:\/\/tiendaflex.ec\/?post_type=product&#038;p=15991"},"modified":"2026-02-19T18:00:31","modified_gmt":"2026-02-19T23:00:31","slug":"super-posture-chaide-chaide","status":"publish","type":"product","link":"https:\/\/tiendaflex.ec\/en\/product\/super-posture-chaide-chaide\/","title":{"rendered":"Super Posture \u2013 Chaide &#038; Chaide"},"content":{"rendered":"","protected":false},"excerpt":{"rendered":"<p>El Colch\u00f3n Chaide &amp; Chaide Super Posture est\u00e1 dise\u00f1ado para ofrecerte un descanso superior, con un soporte ortop\u00e9dico que se adapta a tu cuerpo y alivia puntos de presi\u00f3n, brind\u00e1ndote un sue\u00f1o reparador durante toda la noche.<\/p>\n<p>\ud83d\udd39 Caracter\u00edsticas destacadas:<br \/>\n\u2705 Tecnolog\u00eda de confort avanzado \u2013 Alivio de puntos de presi\u00f3n y mejor circulaci\u00f3n sangu\u00ednea.<br \/>\n\u2705 Durabilidad excepcional \u2013 Materiales de alta calidad que garantizan su resistencia.<\/p>\n<p>\ud83d\udcde Cont\u00e1ctanos: +593984123231<\/p>","protected":false},"featured_media":15992,"comment_status":"open","ping_status":"closed","template":"","meta":{"_acf_changed":false},"product_brand":[],"product_cat":[543],"product_tag":[],"class_list":{"0":"post-15991","1":"product","2":"type-product","3":"status-publish","4":"has-post-thumbnail","6":"product_cat-colchones","8":"first","9":"instock","10":"sale","11":"taxable","12":"shipping-taxable","13":"purchasable","14":"product-type-variable"},"acf":[],"_links":{"self":[{"href":"https:\/\/tiendaflex.ec\/en\/wp-json\/wp\/v2\/product\/15991","targetHints":{"allow":["GET"]}}],"collection":[{"href":"https:\/\/tiendaflex.ec\/en\/wp-json\/wp\/v2\/product"}],"about":[{"href":"https:\/\/tiendaflex.ec\/en\/wp-json\/wp\/v2\/types\/product"}],"replies":[{"embeddable":true,"href":"https:\/\/tiendaflex.ec\/en\/wp-json\/wp\/v2\/comments?post=15991"}],"version-history":[{"count":2,"href":"https:\/\/tiendaflex.ec\/en\/wp-json\/wp\/v2\/product\/15991\/revisions"}],"predecessor-version":[{"id":15998,"href":"https:\/\/tiendaflex.ec\/en\/wp-json\/wp\/v2\/product\/15991\/revisions\/15998"}],"wp:featuredmedia":[{"embeddable":true,"href":"https:\/\/tiendaflex.ec\/en\/wp-json\/wp\/v2\/media\/15992"}],"wp:attachment":[{"href":"https:\/\/tiendaflex.ec\/en\/wp-json\/wp\/v2\/media?parent=15991"}],"wp:term":[{"taxonomy":"product_brand","embeddable":true,"href":"https:\/\/tiendaflex.ec\/en\/wp-json\/wp\/v2\/product_brand?post=15991"},{"taxonomy":"product_cat","embeddable":true,"href":"https:\/\/tiendaflex.ec\/en\/wp-json\/wp\/v2\/product_cat?post=15991"},{"taxonomy":"product_tag","embeddable":true,"href":"https:\/\/tiendaflex.ec\/en\/wp-json\/wp\/v2\/product_tag?post=15991"}],"curies":[{"name":"wp","href":"https:\/\/api.w.org\/{rel}","templated":true}]}}