{"id":15985,"date":"2025-04-03T22:45:44","date_gmt":"2025-04-04T03:45:44","guid":{"rendered":"https:\/\/tiendaflex.ec\/?post_type=product&#038;p=15985"},"modified":"2026-02-24T11:18:40","modified_gmt":"2026-02-24T16:18:40","slug":"milan-zafiro-cocina-a-gas-24-4-quemadores","status":"publish","type":"product","link":"https:\/\/tiendaflex.ec\/en\/product\/milan-zafiro-cocina-a-gas-24-4-quemadores\/","title":{"rendered":"Mil\u00e1n Zafiro Cocina a Gas 24&#8243; \u2013 4 Quemadores"},"content":{"rendered":"","protected":false},"excerpt":{"rendered":"<p>\u00bfTe gustar\u00eda sorprender a tu familia con los asados m\u00e1s deliciosos? Con la Cocina a Gas Mil\u00e1n Zafiro 4 Quemadores 24&#8243; Croma de Indurama, podr\u00e1s preparar una variedad de comidas deliciosas, \u00a1desde sopas hasta asados, todo en el tiempo que dispongas!<\/p>\n<ul>\n<li>Marca: INDURAMA<\/li>\n<\/ul>\n<p>\u00a1Haz de esta cocina a gas tu nueva compa\u00f1era en la cocina! Prepara deliciosos platillos para toda la familia con la Cocina a Gas Mil\u00e1n Zafiro.<\/p>\n<p>\ud83d\udcde Cont\u00e1ctanos: +593984123231<\/p>","protected":false},"featured_media":15986,"comment_status":"open","ping_status":"closed","template":"","meta":{"_acf_changed":false},"product_brand":[],"product_cat":[581,549],"product_tag":[],"class_list":{"0":"post-15985","1":"product","2":"type-product","3":"status-publish","4":"has-post-thumbnail","6":"product_cat-cocinas","7":"product_cat-electrodomesticos","9":"first","10":"instock","11":"sale","12":"taxable","13":"shipping-taxable","14":"purchasable","15":"product-type-simple"},"acf":[],"_links":{"self":[{"href":"https:\/\/tiendaflex.ec\/en\/wp-json\/wp\/v2\/product\/15985","targetHints":{"allow":["GET"]}}],"collection":[{"href":"https:\/\/tiendaflex.ec\/en\/wp-json\/wp\/v2\/product"}],"about":[{"href":"https:\/\/tiendaflex.ec\/en\/wp-json\/wp\/v2\/types\/product"}],"replies":[{"embeddable":true,"href":"https:\/\/tiendaflex.ec\/en\/wp-json\/wp\/v2\/comments?post=15985"}],"version-history":[{"count":3,"href":"https:\/\/tiendaflex.ec\/en\/wp-json\/wp\/v2\/product\/15985\/revisions"}],"predecessor-version":[{"id":23474,"href":"https:\/\/tiendaflex.ec\/en\/wp-json\/wp\/v2\/product\/15985\/revisions\/23474"}],"wp:featuredmedia":[{"embeddable":true,"href":"https:\/\/tiendaflex.ec\/en\/wp-json\/wp\/v2\/media\/15986"}],"wp:attachment":[{"href":"https:\/\/tiendaflex.ec\/en\/wp-json\/wp\/v2\/media?parent=15985"}],"wp:term":[{"taxonomy":"product_brand","embeddable":true,"href":"https:\/\/tiendaflex.ec\/en\/wp-json\/wp\/v2\/product_brand?post=15985"},{"taxonomy":"product_cat","embeddable":true,"href":"https:\/\/tiendaflex.ec\/en\/wp-json\/wp\/v2\/product_cat?post=15985"},{"taxonomy":"product_tag","embeddable":true,"href":"https:\/\/tiendaflex.ec\/en\/wp-json\/wp\/v2\/product_tag?post=15985"}],"curies":[{"name":"wp","href":"https:\/\/api.w.org\/{rel}","templated":true}]}}