{"id":15981,"date":"2025-04-03T22:15:22","date_gmt":"2025-04-04T03:15:22","guid":{"rendered":"https:\/\/tiendaflex.ec\/?post_type=product&#038;p=15981"},"modified":"2026-02-25T14:11:03","modified_gmt":"2026-02-25T19:11:03","slug":"llave-de-impacto-18v-one-1-2-ryobi","status":"publish","type":"product","link":"https:\/\/tiendaflex.ec\/en\/product\/llave-de-impacto-18v-one-1-2-ryobi\/","title":{"rendered":"Llave de Impacto 18V One+ 1\/2&#8243; \u2013 Ryobi"},"content":{"rendered":"","protected":false},"excerpt":{"rendered":"<p>\u00a1Potencia y velocidad en un solo producto! La Llave de Impacto 18V ONE+ 1\/2&#8243; de RYOBI es ideal para tareas que requieren un torque fuerte, ofreciendo hasta 375 pies-libras de sujeci\u00f3n y hasta 3,100 impactos por minuto. \ud83d\udd25<\/p>\n<p>Caracter\u00edsticas:<\/p>\n<ul>\n<li>Sujeci\u00f3n r\u00e1pida con anillo de fricci\u00f3n para cambios r\u00e1pidos de dados. \ud83d\udd29<\/li>\n<li>Disparador de velocidad variable (0 &#8211; 2,700 RPM) para un control preciso. \u2699\ufe0f<\/li>\n<li>Luz LED incorporada para visibilidad en proyectos oscuros. \ud83d\udca1<\/li>\n<li>Almacenamiento de llave a bordo para un acceso f\u00e1cil y r\u00e1pido. \ud83e\uddf0<\/li>\n<li>Compatible con el sistema RYOBI ONE+ de 18V.<\/li>\n<\/ul>\n<p>\ud83d\udcde Cont\u00e1ctanos: +593984123231<\/p>","protected":false},"featured_media":15984,"comment_status":"open","ping_status":"closed","template":"","meta":{"_acf_changed":false},"product_brand":[],"product_cat":[544,595],"product_tag":[],"class_list":{"0":"post-15981","1":"product","2":"type-product","3":"status-publish","4":"has-post-thumbnail","6":"product_cat-agricultura-e-industria","7":"product_cat-atornilladores-y-destornilladores","9":"first","10":"instock","11":"sale","12":"taxable","13":"shipping-taxable","14":"purchasable","15":"product-type-simple"},"acf":[],"_links":{"self":[{"href":"https:\/\/tiendaflex.ec\/en\/wp-json\/wp\/v2\/product\/15981","targetHints":{"allow":["GET"]}}],"collection":[{"href":"https:\/\/tiendaflex.ec\/en\/wp-json\/wp\/v2\/product"}],"about":[{"href":"https:\/\/tiendaflex.ec\/en\/wp-json\/wp\/v2\/types\/product"}],"replies":[{"embeddable":true,"href":"https:\/\/tiendaflex.ec\/en\/wp-json\/wp\/v2\/comments?post=15981"}],"version-history":[{"count":3,"href":"https:\/\/tiendaflex.ec\/en\/wp-json\/wp\/v2\/product\/15981\/revisions"}],"predecessor-version":[{"id":24140,"href":"https:\/\/tiendaflex.ec\/en\/wp-json\/wp\/v2\/product\/15981\/revisions\/24140"}],"wp:featuredmedia":[{"embeddable":true,"href":"https:\/\/tiendaflex.ec\/en\/wp-json\/wp\/v2\/media\/15984"}],"wp:attachment":[{"href":"https:\/\/tiendaflex.ec\/en\/wp-json\/wp\/v2\/media?parent=15981"}],"wp:term":[{"taxonomy":"product_brand","embeddable":true,"href":"https:\/\/tiendaflex.ec\/en\/wp-json\/wp\/v2\/product_brand?post=15981"},{"taxonomy":"product_cat","embeddable":true,"href":"https:\/\/tiendaflex.ec\/en\/wp-json\/wp\/v2\/product_cat?post=15981"},{"taxonomy":"product_tag","embeddable":true,"href":"https:\/\/tiendaflex.ec\/en\/wp-json\/wp\/v2\/product_tag?post=15981"}],"curies":[{"name":"wp","href":"https:\/\/api.w.org\/{rel}","templated":true}]}}