{"id":15956,"date":"2025-04-03T18:31:50","date_gmt":"2025-04-03T23:31:50","guid":{"rendered":"https:\/\/tiendaflex.ec\/?post_type=product&#038;p=15956"},"modified":"2025-09-10T16:46:39","modified_gmt":"2025-09-10T21:46:39","slug":"ri-289-cd-refrigeradora-top-mount-173l-croma","status":"publish","type":"product","link":"https:\/\/tiendaflex.ec\/en\/product\/ri-289-cd-refrigeradora-top-mount-173l-croma\/","title":{"rendered":"RI-289 CD &#8211; Refrigeradora Top Mount 173L Croma"},"content":{"rendered":"","protected":false},"excerpt":{"rendered":"<p>La Refrigeradora Top Mount RI-289 CD es la elecci\u00f3n perfecta para quienes buscan eficiencia, durabilidad y dise\u00f1o moderno en su cocina. Con 173 litros de capacidad, ofrece un almacenamiento \u00f3ptimo para mantener tus alimentos frescos por m\u00e1s tiempo.<\/p>\n<ul>\n<li>Marca: INDURAMA<\/li>\n<\/ul>\n<p>\ud83c\udf1f Caracter\u00edsticas Destacadas \ud83c\udf1f<br \/>\n\u2705 Alta eficiencia energ\u00e9tica (A) \u2013 Ahorro en consumo el\u00e9ctrico.<br \/>\n\u2705 Dispensador de agua \u2013 Comodidad sin abrir la puerta.<br \/>\n\u2705 Puertas en l\u00e1mina lisa \u2013 Dise\u00f1o elegante y resistente.<br \/>\n\u2705 Balc\u00f3n de alta durabilidad en el congelador \u2013 Mayor organizaci\u00f3n.<br \/>\n\u2705 Bandejas de vidrio templado (una ajustable) \u2013 Soporte robusto para tus alimentos.<br \/>\n\u2705 Legumbrera transparente \u2013 Conserva frutas y verduras en mejor estado.<\/p>\n<div class=\"vtex-flex-layout-0-x-flexRow\" aria-label=\"Secci\u00f3n fila\">\n<div class=\"flex mt0 mb0 pt0 pb0    justify-start vtex-flex-layout-0-x-flexRowContent items-stretch w-100\">\n<div class=\"pr0 items-stretch vtex-flex-layout-0-x-stretchChildrenWidth   flex\"><span class=\"vtex-product-specifications-1-x-specificationName\" data-specification-group=\"Especificaciones T\u00e9cnicas\" data-specification-name=\"Alto\">Alto: <\/span><span class=\"vtex-product-specifications-1-x-specificationValue vtex-product-specifications-1-x-specificationValue--first vtex-product-specifications-1-x-specificationValue--last\" data-specification-group=\"Especificaciones T\u00e9cnicas\" data-specification-name=\"Alto\" data-specification-value=\"125 cm\">125 cm<\/span><\/div>\n<\/div>\n<\/div>\n<div class=\"vtex-flex-layout-0-x-flexRow\" aria-label=\"Secci\u00f3n fila\">\n<div class=\"flex mt0 mb0 pt0 pb0    justify-start vtex-flex-layout-0-x-flexRowContent items-stretch w-100\">\n<div class=\"pr0 items-stretch vtex-flex-layout-0-x-stretchChildrenWidth   flex\"><span class=\"vtex-product-specifications-1-x-specificationName\" data-specification-group=\"Especificaciones T\u00e9cnicas\" data-specification-name=\"Ancho\">Ancho: <\/span><span class=\"vtex-product-specifications-1-x-specificationValue vtex-product-specifications-1-x-specificationValue--first vtex-product-specifications-1-x-specificationValue--last\" data-specification-group=\"Especificaciones T\u00e9cnicas\" data-specification-name=\"Ancho\" data-specification-value=\"49.5 cm\">49.5 cm<\/span><\/div>\n<\/div>\n<\/div>\n<div class=\"vtex-flex-layout-0-x-flexRow\" aria-label=\"Secci\u00f3n fila\">\n<div class=\"flex mt0 mb0 pt0 pb0    justify-start vtex-flex-layout-0-x-flexRowContent items-stretch w-100\">\n<div class=\"pr0 items-stretch vtex-flex-layout-0-x-stretchChildrenWidth   flex\"><span class=\"vtex-product-specifications-1-x-specificationName\" data-specification-group=\"Especificaciones T\u00e9cnicas\" data-specification-name=\"Profundidad\">Profundidad: <\/span><span class=\"vtex-product-specifications-1-x-specificationValue vtex-product-specifications-1-x-specificationValue--first vtex-product-specifications-1-x-specificationValue--last\" data-specification-group=\"Especificaciones T\u00e9cnicas\" data-specification-name=\"Profundidad\" data-specification-value=\"40.5 cm\">40.5 cm<\/span><\/div>\n<\/div>\n<\/div>\n<p>\ud83d\udcde Cont\u00e1ctanos: +593984123231<\/p>","protected":false},"featured_media":15957,"comment_status":"open","ping_status":"closed","template":"","meta":{"_acf_changed":false},"product_brand":[],"product_cat":[549,573],"product_tag":[],"class_list":{"0":"post-15956","1":"product","2":"type-product","3":"status-publish","4":"has-post-thumbnail","6":"product_cat-electrodomesticos","7":"product_cat-refrigeracion","9":"first","10":"instock","11":"sale","12":"taxable","13":"shipping-taxable","14":"purchasable","15":"product-type-simple"},"acf":[],"_links":{"self":[{"href":"https:\/\/tiendaflex.ec\/en\/wp-json\/wp\/v2\/product\/15956","targetHints":{"allow":["GET"]}}],"collection":[{"href":"https:\/\/tiendaflex.ec\/en\/wp-json\/wp\/v2\/product"}],"about":[{"href":"https:\/\/tiendaflex.ec\/en\/wp-json\/wp\/v2\/types\/product"}],"replies":[{"embeddable":true,"href":"https:\/\/tiendaflex.ec\/en\/wp-json\/wp\/v2\/comments?post=15956"}],"version-history":[{"count":3,"href":"https:\/\/tiendaflex.ec\/en\/wp-json\/wp\/v2\/product\/15956\/revisions"}],"predecessor-version":[{"id":23790,"href":"https:\/\/tiendaflex.ec\/en\/wp-json\/wp\/v2\/product\/15956\/revisions\/23790"}],"wp:featuredmedia":[{"embeddable":true,"href":"https:\/\/tiendaflex.ec\/en\/wp-json\/wp\/v2\/media\/15957"}],"wp:attachment":[{"href":"https:\/\/tiendaflex.ec\/en\/wp-json\/wp\/v2\/media?parent=15956"}],"wp:term":[{"taxonomy":"product_brand","embeddable":true,"href":"https:\/\/tiendaflex.ec\/en\/wp-json\/wp\/v2\/product_brand?post=15956"},{"taxonomy":"product_cat","embeddable":true,"href":"https:\/\/tiendaflex.ec\/en\/wp-json\/wp\/v2\/product_cat?post=15956"},{"taxonomy":"product_tag","embeddable":true,"href":"https:\/\/tiendaflex.ec\/en\/wp-json\/wp\/v2\/product_tag?post=15956"}],"curies":[{"name":"wp","href":"https:\/\/api.w.org\/{rel}","templated":true}]}}