{"id":15922,"date":"2025-04-03T14:52:48","date_gmt":"2025-04-03T19:52:48","guid":{"rendered":"https:\/\/tiendaflex.ec\/?post_type=product&#038;p=15922"},"modified":"2025-04-15T22:53:11","modified_gmt":"2025-04-16T03:53:11","slug":"kit-motor-para-puerta-corrediza-600kg-24vdc-fortedoor","status":"publish","type":"product","link":"https:\/\/tiendaflex.ec\/en\/product\/kit-motor-para-puerta-corrediza-600kg-24vdc-fortedoor\/","title":{"rendered":"Kit Motor para Puerta Corrediza 600KG 24VDC \u2013 ForteDoor"},"content":{"rendered":"","protected":false},"excerpt":{"rendered":"<p>Este motor de alta calidad est\u00e1 dise\u00f1ado para soportar puertas corredizas de hasta 600 kg y cuenta con respaldo de energ\u00eda para garantizar su funcionamiento continuo. \u00a1Con 3 cremalleras de acero inoxidable y control remoto, tendr\u00e1s la m\u00e1xima comodidad y seguridad!<\/p>\n<p>\ud83c\udfaf Caracter\u00edsticas destacadas:<\/p>\n<p>Motor ForteDoor (marca americana)<br \/>\nPuerta corrediza de 600 kg<br \/>\nAlimentaci\u00f3n 24VDC con respaldo de energ\u00eda<br \/>\nAlta velocidad de apertura: 24m\/min<br \/>\nFrenado autom\u00e1tico al llegar al punto de cierre o apertura<br \/>\nSoporta hasta 300 controles remoto<\/p>\n<p>\ud83d\udcde Cont\u00e1ctanos: +593984123231<\/p>","protected":false},"featured_media":15923,"comment_status":"open","ping_status":"closed","template":"","meta":{"_acf_changed":false},"product_brand":[],"product_cat":[588,547],"product_tag":[],"class_list":{"0":"post-15922","1":"product","2":"type-product","3":"status-publish","4":"has-post-thumbnail","6":"product_cat-motores","7":"product_cat-tecnologia-del-hogar","9":"first","10":"instock","11":"sale","12":"taxable","13":"shipping-taxable","14":"purchasable","15":"product-type-simple"},"acf":[],"_links":{"self":[{"href":"https:\/\/tiendaflex.ec\/en\/wp-json\/wp\/v2\/product\/15922","targetHints":{"allow":["GET"]}}],"collection":[{"href":"https:\/\/tiendaflex.ec\/en\/wp-json\/wp\/v2\/product"}],"about":[{"href":"https:\/\/tiendaflex.ec\/en\/wp-json\/wp\/v2\/types\/product"}],"replies":[{"embeddable":true,"href":"https:\/\/tiendaflex.ec\/en\/wp-json\/wp\/v2\/comments?post=15922"}],"version-history":[{"count":2,"href":"https:\/\/tiendaflex.ec\/en\/wp-json\/wp\/v2\/product\/15922\/revisions"}],"predecessor-version":[{"id":15925,"href":"https:\/\/tiendaflex.ec\/en\/wp-json\/wp\/v2\/product\/15922\/revisions\/15925"}],"wp:featuredmedia":[{"embeddable":true,"href":"https:\/\/tiendaflex.ec\/en\/wp-json\/wp\/v2\/media\/15923"}],"wp:attachment":[{"href":"https:\/\/tiendaflex.ec\/en\/wp-json\/wp\/v2\/media?parent=15922"}],"wp:term":[{"taxonomy":"product_brand","embeddable":true,"href":"https:\/\/tiendaflex.ec\/en\/wp-json\/wp\/v2\/product_brand?post=15922"},{"taxonomy":"product_cat","embeddable":true,"href":"https:\/\/tiendaflex.ec\/en\/wp-json\/wp\/v2\/product_cat?post=15922"},{"taxonomy":"product_tag","embeddable":true,"href":"https:\/\/tiendaflex.ec\/en\/wp-json\/wp\/v2\/product_tag?post=15922"}],"curies":[{"name":"wp","href":"https:\/\/api.w.org\/{rel}","templated":true}]}}