{"id":15913,"date":"2025-04-03T14:49:27","date_gmt":"2025-04-03T19:49:27","guid":{"rendered":"https:\/\/tiendaflex.ec\/?post_type=product&#038;p=15913"},"modified":"2025-07-31T14:11:04","modified_gmt":"2025-07-31T19:11:04","slug":"sport-es-2024-tvs","status":"publish","type":"product","link":"https:\/\/tiendaflex.ec\/en\/product\/sport-es-2024-tvs\/","title":{"rendered":"SPORT ES &#8211; 2024 TVS"},"content":{"rendered":"","protected":false},"excerpt":{"rendered":"<p>\ud83d\udd25 Ligera, \u00e1gil y con gran rendimiento de combustible, la TVS Sport es la opci\u00f3n ideal para quienes buscan una motocicleta confiable y econ\u00f3mica para la ciudad.<\/p>\n<p>\ud83d\udca5 Caracter\u00edsticas Destacadas \ud83d\udca5<br \/>\n\u2705 Motor de 99.7 cc \u2013 Econ\u00f3mico y eficiente, perfecto para el d\u00eda a d\u00eda.<br \/>\n\u2705 Potencia m\u00e1xima de 7.4 HP @ 7500 rpm \u2013 Ideal para desplazamientos urbanos.<br \/>\n\u2705 Torque m\u00e1ximo de 7.5 Nm @ 5500 rpm \u2013 Respuesta suave y eficiente.<br \/>\n\u2705 Transmisi\u00f3n de 4 velocidades \u2013 Cambio de marchas preciso y confiable.<br \/>\n\u2705 Sistema de inyecci\u00f3n de combustible \u2013 Mayor rendimiento y menor consumo.<br \/>\n\u2705 Dise\u00f1o ergon\u00f3mico y ligero \u2013 M\u00e1ximo confort en cada trayecto.<\/p>\n<p>\ud83d\udcde Cont\u00e1ctanos: +593984123231<\/p>","protected":false},"featured_media":15914,"comment_status":"open","ping_status":"closed","template":"","meta":{"_acf_changed":false},"product_brand":[],"product_cat":[546,578],"product_tag":[],"class_list":{"0":"post-15913","1":"product","2":"type-product","3":"status-publish","4":"has-post-thumbnail","6":"product_cat-motocicletas","7":"product_cat-tvs","9":"first","10":"instock","11":"sale","12":"taxable","13":"shipping-taxable","14":"purchasable","15":"product-type-variable"},"acf":[],"_links":{"self":[{"href":"https:\/\/tiendaflex.ec\/en\/wp-json\/wp\/v2\/product\/15913","targetHints":{"allow":["GET"]}}],"collection":[{"href":"https:\/\/tiendaflex.ec\/en\/wp-json\/wp\/v2\/product"}],"about":[{"href":"https:\/\/tiendaflex.ec\/en\/wp-json\/wp\/v2\/types\/product"}],"replies":[{"embeddable":true,"href":"https:\/\/tiendaflex.ec\/en\/wp-json\/wp\/v2\/comments?post=15913"}],"version-history":[{"count":2,"href":"https:\/\/tiendaflex.ec\/en\/wp-json\/wp\/v2\/product\/15913\/revisions"}],"predecessor-version":[{"id":15921,"href":"https:\/\/tiendaflex.ec\/en\/wp-json\/wp\/v2\/product\/15913\/revisions\/15921"}],"wp:featuredmedia":[{"embeddable":true,"href":"https:\/\/tiendaflex.ec\/en\/wp-json\/wp\/v2\/media\/15914"}],"wp:attachment":[{"href":"https:\/\/tiendaflex.ec\/en\/wp-json\/wp\/v2\/media?parent=15913"}],"wp:term":[{"taxonomy":"product_brand","embeddable":true,"href":"https:\/\/tiendaflex.ec\/en\/wp-json\/wp\/v2\/product_brand?post=15913"},{"taxonomy":"product_cat","embeddable":true,"href":"https:\/\/tiendaflex.ec\/en\/wp-json\/wp\/v2\/product_cat?post=15913"},{"taxonomy":"product_tag","embeddable":true,"href":"https:\/\/tiendaflex.ec\/en\/wp-json\/wp\/v2\/product_tag?post=15913"}],"curies":[{"name":"wp","href":"https:\/\/api.w.org\/{rel}","templated":true}]}}