{"id":15886,"date":"2025-04-03T14:15:15","date_gmt":"2025-04-03T19:15:15","guid":{"rendered":"https:\/\/tiendaflex.ec\/?post_type=product&#038;p=15886"},"modified":"2026-02-24T09:19:07","modified_gmt":"2026-02-24T14:19:07","slug":"43tikjuhd-televisor-43-uhd-google-tv","status":"publish","type":"product","link":"https:\/\/tiendaflex.ec\/en\/product\/43tikjuhd-televisor-43-uhd-google-tv\/","title":{"rendered":"43TIKJUHD &#8211; TELEVISOR 43&#8243; UHD GOOGLE TV"},"content":{"rendered":"","protected":false},"excerpt":{"rendered":"<p>Disfruta de una experiencia visual impresionante con el Televisor 43&#8243; INDURAMA UHD Google TV. Con una resoluci\u00f3n Ultra High Definition (3840 x 2160) y un dise\u00f1o Ultra Slim, este televisor se adapta perfectamente a cualquier espacio de tu hogar, brind\u00e1ndote calidad de imagen superior para tus pel\u00edculas, series y videojuegos favoritos.<\/p>\n<ul>\n<li>Con respaldo tecnol\u00f3gico de Indurama<\/li>\n<\/ul>\n<p>\ud83d\udcde Cont\u00e1ctanos: +593984123231<\/p>","protected":false},"featured_media":15887,"comment_status":"open","ping_status":"closed","template":"","meta":{"_acf_changed":false},"product_brand":[],"product_cat":[549,601],"product_tag":[],"class_list":{"0":"post-15886","1":"product","2":"type-product","3":"status-publish","4":"has-post-thumbnail","6":"product_cat-electrodomesticos","7":"product_cat-televisores","9":"first","10":"outofstock","11":"sale","12":"taxable","13":"shipping-taxable","14":"purchasable","15":"product-type-simple"},"acf":[],"_links":{"self":[{"href":"https:\/\/tiendaflex.ec\/en\/wp-json\/wp\/v2\/product\/15886","targetHints":{"allow":["GET"]}}],"collection":[{"href":"https:\/\/tiendaflex.ec\/en\/wp-json\/wp\/v2\/product"}],"about":[{"href":"https:\/\/tiendaflex.ec\/en\/wp-json\/wp\/v2\/types\/product"}],"replies":[{"embeddable":true,"href":"https:\/\/tiendaflex.ec\/en\/wp-json\/wp\/v2\/comments?post=15886"}],"version-history":[{"count":5,"href":"https:\/\/tiendaflex.ec\/en\/wp-json\/wp\/v2\/product\/15886\/revisions"}],"predecessor-version":[{"id":23559,"href":"https:\/\/tiendaflex.ec\/en\/wp-json\/wp\/v2\/product\/15886\/revisions\/23559"}],"wp:featuredmedia":[{"embeddable":true,"href":"https:\/\/tiendaflex.ec\/en\/wp-json\/wp\/v2\/media\/15887"}],"wp:attachment":[{"href":"https:\/\/tiendaflex.ec\/en\/wp-json\/wp\/v2\/media?parent=15886"}],"wp:term":[{"taxonomy":"product_brand","embeddable":true,"href":"https:\/\/tiendaflex.ec\/en\/wp-json\/wp\/v2\/product_brand?post=15886"},{"taxonomy":"product_cat","embeddable":true,"href":"https:\/\/tiendaflex.ec\/en\/wp-json\/wp\/v2\/product_cat?post=15886"},{"taxonomy":"product_tag","embeddable":true,"href":"https:\/\/tiendaflex.ec\/en\/wp-json\/wp\/v2\/product_tag?post=15886"}],"curies":[{"name":"wp","href":"https:\/\/api.w.org\/{rel}","templated":true}]}}