{"id":15869,"date":"2025-04-03T14:03:09","date_gmt":"2025-04-03T19:03:09","guid":{"rendered":"https:\/\/tiendaflex.ec\/?post_type=product&#038;p=15869"},"modified":"2026-02-19T18:14:17","modified_gmt":"2026-02-19T23:14:17","slug":"suave-brisa-tradicional-chaide-chaide","status":"publish","type":"product","link":"https:\/\/tiendaflex.ec\/en\/product\/suave-brisa-tradicional-chaide-chaide\/","title":{"rendered":"Suave Brisa Tradicional &#8211; Chaide &#038; Chaide"},"content":{"rendered":"","protected":false},"excerpt":{"rendered":"<p>Disfruta de un descanso de calidad con el Colch\u00f3n Suave Brisa Tradicional de Chaide y Chaide. Su dise\u00f1o y confort garantizan noches de descanso profundo, adapt\u00e1ndose a tus necesidades para que despiertes renovado cada d\u00eda.<\/p>\n<p>\ud83c\udf1f Caracter\u00edsticas destacadas:<br \/>\n\u2705 Confort excepcional \u2013 Adaptable a tu cuerpo para un descanso reparador<br \/>\n\u2705 Firmeza ideal \u2013 Perfecto para quienes buscan un colch\u00f3n suave y c\u00f3modo<br \/>\n\u2705 Durabilidad \u2013 Fabricado con materiales de alta calidad para una larga vida \u00fatil<\/p>\n<p>\ud83d\udcde Cont\u00e1ctanos: +593984123231<\/p>","protected":false},"featured_media":15870,"comment_status":"open","ping_status":"closed","template":"","meta":{"_acf_changed":false},"product_brand":[],"product_cat":[543],"product_tag":[],"class_list":{"0":"post-15869","1":"product","2":"type-product","3":"status-publish","4":"has-post-thumbnail","6":"product_cat-colchones","8":"first","9":"instock","10":"sale","11":"taxable","12":"shipping-taxable","13":"purchasable","14":"product-type-variable"},"acf":[],"_links":{"self":[{"href":"https:\/\/tiendaflex.ec\/en\/wp-json\/wp\/v2\/product\/15869","targetHints":{"allow":["GET"]}}],"collection":[{"href":"https:\/\/tiendaflex.ec\/en\/wp-json\/wp\/v2\/product"}],"about":[{"href":"https:\/\/tiendaflex.ec\/en\/wp-json\/wp\/v2\/types\/product"}],"replies":[{"embeddable":true,"href":"https:\/\/tiendaflex.ec\/en\/wp-json\/wp\/v2\/comments?post=15869"}],"version-history":[{"count":2,"href":"https:\/\/tiendaflex.ec\/en\/wp-json\/wp\/v2\/product\/15869\/revisions"}],"predecessor-version":[{"id":15876,"href":"https:\/\/tiendaflex.ec\/en\/wp-json\/wp\/v2\/product\/15869\/revisions\/15876"}],"wp:featuredmedia":[{"embeddable":true,"href":"https:\/\/tiendaflex.ec\/en\/wp-json\/wp\/v2\/media\/15870"}],"wp:attachment":[{"href":"https:\/\/tiendaflex.ec\/en\/wp-json\/wp\/v2\/media?parent=15869"}],"wp:term":[{"taxonomy":"product_brand","embeddable":true,"href":"https:\/\/tiendaflex.ec\/en\/wp-json\/wp\/v2\/product_brand?post=15869"},{"taxonomy":"product_cat","embeddable":true,"href":"https:\/\/tiendaflex.ec\/en\/wp-json\/wp\/v2\/product_cat?post=15869"},{"taxonomy":"product_tag","embeddable":true,"href":"https:\/\/tiendaflex.ec\/en\/wp-json\/wp\/v2\/product_tag?post=15869"}],"curies":[{"name":"wp","href":"https:\/\/api.w.org\/{rel}","templated":true}]}}