{"id":15864,"date":"2025-04-03T13:55:30","date_gmt":"2025-04-03T18:55:30","guid":{"rendered":"https:\/\/tiendaflex.ec\/?post_type=product&#038;p=15864"},"modified":"2025-09-08T23:00:22","modified_gmt":"2025-09-09T04:00:22","slug":"cei-75ne-campana-extractora","status":"publish","type":"product","link":"https:\/\/tiendaflex.ec\/en\/product\/cei-75ne-campana-extractora\/","title":{"rendered":"CEI-75NE &#8211; Campana Extractora"},"content":{"rendered":"","protected":false},"excerpt":{"rendered":"<p>Haz que tu cocina sea m\u00e1s agradable con la Campana Extractora CEI-75NE, una opci\u00f3n ideal para mantener tu espacio libre de humo y malos olores. Con su dise\u00f1o moderno y tecnolog\u00eda eficiente, es el complemento perfecto para tu cocina.<\/p>\n<ul>\n<li>Marca: INDURAMA<\/li>\n<\/ul>\n<p>\ud83c\udf1f Caracter\u00edsticas destacadas:<br \/>\n\u2705 Campana de pared \u2013 Ideal para espacios compactos<br \/>\n\u2705 Poder de succi\u00f3n \u2013 300 m\u00b3\/h para una eliminaci\u00f3n r\u00e1pida de olores y humo<br \/>\n\u2705 3 velocidades \u2013 Ajusta el flujo de aire seg\u00fan tus necesidades<br \/>\n\u2705 Funcionamiento vers\u00e1til \u2013 Por ducto o recirculaci\u00f3n de aire<br \/>\n\u2705 2 luces LED \u2013 Iluminaci\u00f3n eficiente para tu espacio de cocina<br \/>\n\u2705 Acabado en acero inoxidable \u2013 Elegante y f\u00e1cil de limpiar<\/p>\n<p>\ud83d\udd27 Accesorios incluidos:<\/p>\n<p>Filtros de aluminio lavable de 5 capas<br \/>\nFiltro de carb\u00f3n<\/p>\n<p>Medidas del producto: 13,5 cm de alto, 75 cm de ancho y 49,4 cm de profundidad.<\/p>\n<p>\ud83d\udcde Cont\u00e1ctanos: +593984123231<\/p>","protected":false},"featured_media":15865,"comment_status":"open","ping_status":"closed","template":"","meta":{"_acf_changed":false},"product_brand":[],"product_cat":[585,549],"product_tag":[],"class_list":{"0":"post-15864","1":"product","2":"type-product","3":"status-publish","4":"has-post-thumbnail","6":"product_cat-campanas","7":"product_cat-electrodomesticos","9":"first","10":"instock","11":"sale","12":"taxable","13":"shipping-taxable","14":"purchasable","15":"product-type-simple"},"acf":[],"_links":{"self":[{"href":"https:\/\/tiendaflex.ec\/en\/wp-json\/wp\/v2\/product\/15864","targetHints":{"allow":["GET"]}}],"collection":[{"href":"https:\/\/tiendaflex.ec\/en\/wp-json\/wp\/v2\/product"}],"about":[{"href":"https:\/\/tiendaflex.ec\/en\/wp-json\/wp\/v2\/types\/product"}],"replies":[{"embeddable":true,"href":"https:\/\/tiendaflex.ec\/en\/wp-json\/wp\/v2\/comments?post=15864"}],"version-history":[{"count":3,"href":"https:\/\/tiendaflex.ec\/en\/wp-json\/wp\/v2\/product\/15864\/revisions"}],"predecessor-version":[{"id":23446,"href":"https:\/\/tiendaflex.ec\/en\/wp-json\/wp\/v2\/product\/15864\/revisions\/23446"}],"wp:featuredmedia":[{"embeddable":true,"href":"https:\/\/tiendaflex.ec\/en\/wp-json\/wp\/v2\/media\/15865"}],"wp:attachment":[{"href":"https:\/\/tiendaflex.ec\/en\/wp-json\/wp\/v2\/media?parent=15864"}],"wp:term":[{"taxonomy":"product_brand","embeddable":true,"href":"https:\/\/tiendaflex.ec\/en\/wp-json\/wp\/v2\/product_brand?post=15864"},{"taxonomy":"product_cat","embeddable":true,"href":"https:\/\/tiendaflex.ec\/en\/wp-json\/wp\/v2\/product_cat?post=15864"},{"taxonomy":"product_tag","embeddable":true,"href":"https:\/\/tiendaflex.ec\/en\/wp-json\/wp\/v2\/product_tag?post=15864"}],"curies":[{"name":"wp","href":"https:\/\/api.w.org\/{rel}","templated":true}]}}