{"id":15860,"date":"2025-04-03T13:51:56","date_gmt":"2025-04-03T18:51:56","guid":{"rendered":"https:\/\/tiendaflex.ec\/?post_type=product&#038;p=15860"},"modified":"2025-09-17T15:12:03","modified_gmt":"2025-09-17T20:12:03","slug":"cortacesped-electrico-60v-max-22-smartstow-auto-drive","status":"publish","type":"product","link":"https:\/\/tiendaflex.ec\/en\/product\/cortacesped-electrico-60v-max-22-smartstow-auto-drive\/","title":{"rendered":"Cortac\u00e9sped El\u00e9ctrico 60V MAX 22&#8243; \u2013 SmartStow\u00ae &#038; Auto-Drive\u2122"},"content":{"rendered":"","protected":false},"excerpt":{"rendered":"<p>\u00a1Corta el c\u00e9sped de manera m\u00e1s eficiente y sencilla con el *Cortac\u00e9sped El\u00e9ctrico de Bater\u00eda 60V MAX de 22&#8243; (56 cm)**!<\/p>\n<ul>\n<li>Marca: TORO<\/li>\n<\/ul>\n<p>Dise\u00f1ado para adaptarse a tu ritmo, con potentes caracter\u00edsticas que facilitan el trabajo de jardiner\u00eda. Sin complicaciones, sin palancas, solo agarra el manillar y comienza a cortar.<\/p>\n<p>Cont\u00e1ctanos: +593984123231<\/p>","protected":false},"featured_media":15861,"comment_status":"open","ping_status":"closed","template":"","meta":{"_acf_changed":false},"product_brand":[],"product_cat":[544,611],"product_tag":[],"class_list":{"0":"post-15860","1":"product","2":"type-product","3":"status-publish","4":"has-post-thumbnail","6":"product_cat-agricultura-e-industria","7":"product_cat-cortacespedes","9":"first","10":"instock","11":"sale","12":"taxable","13":"shipping-taxable","14":"purchasable","15":"product-type-simple"},"acf":[],"_links":{"self":[{"href":"https:\/\/tiendaflex.ec\/en\/wp-json\/wp\/v2\/product\/15860","targetHints":{"allow":["GET"]}}],"collection":[{"href":"https:\/\/tiendaflex.ec\/en\/wp-json\/wp\/v2\/product"}],"about":[{"href":"https:\/\/tiendaflex.ec\/en\/wp-json\/wp\/v2\/types\/product"}],"replies":[{"embeddable":true,"href":"https:\/\/tiendaflex.ec\/en\/wp-json\/wp\/v2\/comments?post=15860"}],"version-history":[{"count":3,"href":"https:\/\/tiendaflex.ec\/en\/wp-json\/wp\/v2\/product\/15860\/revisions"}],"predecessor-version":[{"id":23344,"href":"https:\/\/tiendaflex.ec\/en\/wp-json\/wp\/v2\/product\/15860\/revisions\/23344"}],"wp:featuredmedia":[{"embeddable":true,"href":"https:\/\/tiendaflex.ec\/en\/wp-json\/wp\/v2\/media\/15861"}],"wp:attachment":[{"href":"https:\/\/tiendaflex.ec\/en\/wp-json\/wp\/v2\/media?parent=15860"}],"wp:term":[{"taxonomy":"product_brand","embeddable":true,"href":"https:\/\/tiendaflex.ec\/en\/wp-json\/wp\/v2\/product_brand?post=15860"},{"taxonomy":"product_cat","embeddable":true,"href":"https:\/\/tiendaflex.ec\/en\/wp-json\/wp\/v2\/product_cat?post=15860"},{"taxonomy":"product_tag","embeddable":true,"href":"https:\/\/tiendaflex.ec\/en\/wp-json\/wp\/v2\/product_tag?post=15860"}],"curies":[{"name":"wp","href":"https:\/\/api.w.org\/{rel}","templated":true}]}}