{"id":15838,"date":"2025-04-03T13:32:25","date_gmt":"2025-04-03T18:32:25","guid":{"rendered":"https:\/\/tiendaflex.ec\/?post_type=product&#038;p=15838"},"modified":"2025-06-03T23:08:39","modified_gmt":"2025-06-04T04:08:39","slug":"excellence-non-flip-de-chaide-chaide","status":"publish","type":"product","link":"https:\/\/tiendaflex.ec\/en\/product\/excellence-non-flip-de-chaide-chaide\/","title":{"rendered":"Excellence Non Flip de Chaide &#038; Chaide"},"content":{"rendered":"","protected":false},"excerpt":{"rendered":"<p>Disfruta de un descanso inigualable con el Colch\u00f3n Excellence Non Flip de Chaide y Chaide, dise\u00f1ado para ofrecer la m\u00e1xima comodidad sin la necesidad de voltearlo. Su innovadora tecnolog\u00eda y materiales de primera calidad aseguran noches de sue\u00f1o profundo y revitalizante.<\/p>\n<p>\ud83c\udf1f Razones para elegirlo:<br \/>\n\u2714\ufe0f Sistema Non Flip \u2013 Olv\u00eddate de girarlo, solo rel\u00e1jate y disfruta<br \/>\n\u2714\ufe0f Comodidad excepcional \u2013 Se ajusta a tu cuerpo para un descanso placentero<br \/>\n\u2714\ufe0f Larga vida \u00fatil \u2013 Elaborado con materiales de alta resistencia para mayor durabilidad<\/p>\n<p>\ud83d\udcde Comun\u00edcate con nosotros: +593984123231<\/p>","protected":false},"featured_media":15839,"comment_status":"open","ping_status":"closed","template":"","meta":{"_acf_changed":false},"product_brand":[],"product_cat":[543],"product_tag":[],"class_list":{"0":"post-15838","1":"product","2":"type-product","3":"status-publish","4":"has-post-thumbnail","6":"product_cat-colchones","8":"first","9":"instock","10":"sale","11":"taxable","12":"shipping-taxable","13":"purchasable","14":"product-type-variable"},"acf":[],"_links":{"self":[{"href":"https:\/\/tiendaflex.ec\/en\/wp-json\/wp\/v2\/product\/15838","targetHints":{"allow":["GET"]}}],"collection":[{"href":"https:\/\/tiendaflex.ec\/en\/wp-json\/wp\/v2\/product"}],"about":[{"href":"https:\/\/tiendaflex.ec\/en\/wp-json\/wp\/v2\/types\/product"}],"replies":[{"embeddable":true,"href":"https:\/\/tiendaflex.ec\/en\/wp-json\/wp\/v2\/comments?post=15838"}],"version-history":[{"count":2,"href":"https:\/\/tiendaflex.ec\/en\/wp-json\/wp\/v2\/product\/15838\/revisions"}],"predecessor-version":[{"id":19152,"href":"https:\/\/tiendaflex.ec\/en\/wp-json\/wp\/v2\/product\/15838\/revisions\/19152"}],"wp:featuredmedia":[{"embeddable":true,"href":"https:\/\/tiendaflex.ec\/en\/wp-json\/wp\/v2\/media\/15839"}],"wp:attachment":[{"href":"https:\/\/tiendaflex.ec\/en\/wp-json\/wp\/v2\/media?parent=15838"}],"wp:term":[{"taxonomy":"product_brand","embeddable":true,"href":"https:\/\/tiendaflex.ec\/en\/wp-json\/wp\/v2\/product_brand?post=15838"},{"taxonomy":"product_cat","embeddable":true,"href":"https:\/\/tiendaflex.ec\/en\/wp-json\/wp\/v2\/product_cat?post=15838"},{"taxonomy":"product_tag","embeddable":true,"href":"https:\/\/tiendaflex.ec\/en\/wp-json\/wp\/v2\/product_tag?post=15838"}],"curies":[{"name":"wp","href":"https:\/\/api.w.org\/{rel}","templated":true}]}}