{"id":15802,"date":"2025-04-02T23:44:34","date_gmt":"2025-04-03T04:44:34","guid":{"rendered":"https:\/\/tiendaflex.ec\/?post_type=product&#038;p=15802"},"modified":"2025-09-10T16:23:15","modified_gmt":"2025-09-10T21:23:15","slug":"hei-75gn-horno-a-gas-75-litros","status":"publish","type":"product","link":"https:\/\/tiendaflex.ec\/en\/product\/hei-75gn-horno-a-gas-75-litros\/","title":{"rendered":"HEI-75GN &#8211; Horno a Gas 75 Litros"},"content":{"rendered":"","protected":false},"excerpt":{"rendered":"<p>\u00a1Cocina con precisi\u00f3n y disfruta de una cocci\u00f3n uniforme y dorada perfecta con el Horno a Gas HEI-75GN! Este horno cuenta con caracter\u00edsticas avanzadas que te garantizan seguridad y eficiencia, ideal para todos tus platillos favoritos.<\/p>\n<p><strong>Dimensiones producto:<\/strong><\/p>\n<ul>\n<li>Alto: 59,5 cm.<\/li>\n<li>Ancho: 59,5 cm.<\/li>\n<li>Prof.: 57,5 cm.<\/li>\n<\/ul>\n<p><strong>Dimensiones para empotrar:<\/strong><\/p>\n<ul>\n<li>Alto: 59,8 cm.<\/li>\n<li>Ancho: 56,5 cm.<\/li>\n<li>Prof.: 58,5 cm.<\/li>\n<\/ul>\n<ul>\n<li>Marca: INDURAMA<\/li>\n<\/ul>\n<p>\ud83d\udcde Cont\u00e1ctanos: +593984123231<\/p>","protected":false},"featured_media":15803,"comment_status":"open","ping_status":"closed","template":"","meta":{"_acf_changed":false},"product_brand":[],"product_cat":[549,600],"product_tag":[],"class_list":{"0":"post-15802","1":"product","2":"type-product","3":"status-publish","4":"has-post-thumbnail","6":"product_cat-electrodomesticos","7":"product_cat-hornos","9":"first","10":"instock","11":"sale","12":"taxable","13":"shipping-taxable","14":"purchasable","15":"product-type-simple"},"acf":[],"_links":{"self":[{"href":"https:\/\/tiendaflex.ec\/en\/wp-json\/wp\/v2\/product\/15802","targetHints":{"allow":["GET"]}}],"collection":[{"href":"https:\/\/tiendaflex.ec\/en\/wp-json\/wp\/v2\/product"}],"about":[{"href":"https:\/\/tiendaflex.ec\/en\/wp-json\/wp\/v2\/types\/product"}],"replies":[{"embeddable":true,"href":"https:\/\/tiendaflex.ec\/en\/wp-json\/wp\/v2\/comments?post=15802"}],"version-history":[{"count":3,"href":"https:\/\/tiendaflex.ec\/en\/wp-json\/wp\/v2\/product\/15802\/revisions"}],"predecessor-version":[{"id":23781,"href":"https:\/\/tiendaflex.ec\/en\/wp-json\/wp\/v2\/product\/15802\/revisions\/23781"}],"wp:featuredmedia":[{"embeddable":true,"href":"https:\/\/tiendaflex.ec\/en\/wp-json\/wp\/v2\/media\/15803"}],"wp:attachment":[{"href":"https:\/\/tiendaflex.ec\/en\/wp-json\/wp\/v2\/media?parent=15802"}],"wp:term":[{"taxonomy":"product_brand","embeddable":true,"href":"https:\/\/tiendaflex.ec\/en\/wp-json\/wp\/v2\/product_brand?post=15802"},{"taxonomy":"product_cat","embeddable":true,"href":"https:\/\/tiendaflex.ec\/en\/wp-json\/wp\/v2\/product_cat?post=15802"},{"taxonomy":"product_tag","embeddable":true,"href":"https:\/\/tiendaflex.ec\/en\/wp-json\/wp\/v2\/product_tag?post=15802"}],"curies":[{"name":"wp","href":"https:\/\/api.w.org\/{rel}","templated":true}]}}