{"id":15775,"date":"2025-04-02T23:24:12","date_gmt":"2025-04-03T04:24:12","guid":{"rendered":"https:\/\/tiendaflex.ec\/?post_type=product&#038;p=15775"},"modified":"2025-06-03T19:07:08","modified_gmt":"2025-06-04T00:07:08","slug":"zafiro-29-de-chaide-chaide","status":"publish","type":"product","link":"https:\/\/tiendaflex.ec\/en\/product\/zafiro-29-de-chaide-chaide\/","title":{"rendered":"Zafiro 29 Chaide &#038; Chaide"},"content":{"rendered":"","protected":false},"excerpt":{"rendered":"<p>Disfruta de un descanso inmejorable con el Colch\u00f3n Safiro 29 de Chaide y Chaide, un colch\u00f3n de alta calidad que combina confort, resistencia y tecnolog\u00eda para un sue\u00f1o reparador todas las noches.<\/p>\n<p>\ud83c\udf1f Caracter\u00edsticas destacadas:<br \/>\n\u2705 Materiales de alta calidad \u2013 Durabilidad y soporte para un descanso prolongado<br \/>\n\u2705 Confort ideal \u2013 Perfecto para un descanso reparador, sin importar tu posici\u00f3n al dormir<\/p>\n<p>\ud83d\udcde Cont\u00e1ctanos: +593984123231<\/p>","protected":false},"featured_media":15776,"comment_status":"open","ping_status":"closed","template":"","meta":{"_acf_changed":false},"product_brand":[],"product_cat":[543],"product_tag":[],"class_list":{"0":"post-15775","1":"product","2":"type-product","3":"status-publish","4":"has-post-thumbnail","6":"product_cat-colchones","8":"first","9":"instock","10":"sale","11":"taxable","12":"shipping-taxable","13":"purchasable","14":"product-type-variable"},"acf":[],"_links":{"self":[{"href":"https:\/\/tiendaflex.ec\/en\/wp-json\/wp\/v2\/product\/15775","targetHints":{"allow":["GET"]}}],"collection":[{"href":"https:\/\/tiendaflex.ec\/en\/wp-json\/wp\/v2\/product"}],"about":[{"href":"https:\/\/tiendaflex.ec\/en\/wp-json\/wp\/v2\/types\/product"}],"replies":[{"embeddable":true,"href":"https:\/\/tiendaflex.ec\/en\/wp-json\/wp\/v2\/comments?post=15775"}],"version-history":[{"count":3,"href":"https:\/\/tiendaflex.ec\/en\/wp-json\/wp\/v2\/product\/15775\/revisions"}],"predecessor-version":[{"id":19137,"href":"https:\/\/tiendaflex.ec\/en\/wp-json\/wp\/v2\/product\/15775\/revisions\/19137"}],"wp:featuredmedia":[{"embeddable":true,"href":"https:\/\/tiendaflex.ec\/en\/wp-json\/wp\/v2\/media\/15776"}],"wp:attachment":[{"href":"https:\/\/tiendaflex.ec\/en\/wp-json\/wp\/v2\/media?parent=15775"}],"wp:term":[{"taxonomy":"product_brand","embeddable":true,"href":"https:\/\/tiendaflex.ec\/en\/wp-json\/wp\/v2\/product_brand?post=15775"},{"taxonomy":"product_cat","embeddable":true,"href":"https:\/\/tiendaflex.ec\/en\/wp-json\/wp\/v2\/product_cat?post=15775"},{"taxonomy":"product_tag","embeddable":true,"href":"https:\/\/tiendaflex.ec\/en\/wp-json\/wp\/v2\/product_tag?post=15775"}],"curies":[{"name":"wp","href":"https:\/\/api.w.org\/{rel}","templated":true}]}}