{"id":15746,"date":"2025-04-02T23:03:57","date_gmt":"2025-04-03T04:03:57","guid":{"rendered":"https:\/\/tiendaflex.ec\/?post_type=product&#038;p=15746"},"modified":"2025-06-03T23:40:36","modified_gmt":"2025-06-04T04:40:36","slug":"excellence-smart-chaide-chaide","status":"publish","type":"product","link":"https:\/\/tiendaflex.ec\/en\/product\/excellence-smart-chaide-chaide\/","title":{"rendered":"Excellence Smart &#8211; Chaide Chaide"},"content":{"rendered":"","protected":false},"excerpt":{"rendered":"<p>Descansa como nunca con el Colch\u00f3n Excellence Smart, dise\u00f1ado para brindarte el m\u00e1ximo confort y soporte ideal para tu cuerpo. Su tecnolog\u00eda avanzada asegura un descanso profundo y reparador cada noche.<\/p>\n<p>Caracter\u00edsticas principales:<br \/>\n\u2705 Material de alta calidad \u2013 Resistente y duradero<br \/>\n\u2705 Soporte \u00f3ptimo \u2013 Ideal para un descanso sin interrupciones<br \/>\n\u2705 Dise\u00f1o elegante \u2013 Acabados premium para un toque de lujo en tu habitaci\u00f3n<\/p>\n<p>\ud83d\udcde Cont\u00e1ctanos: +593984123231<\/p>","protected":false},"featured_media":15747,"comment_status":"open","ping_status":"closed","template":"","meta":{"_acf_changed":false},"product_brand":[],"product_cat":[543,613],"product_tag":[],"class_list":{"0":"post-15746","1":"product","2":"type-product","3":"status-publish","4":"has-post-thumbnail","6":"product_cat-colchones","7":"product_cat-smart","9":"first","10":"instock","11":"sale","12":"taxable","13":"shipping-taxable","14":"purchasable","15":"product-type-variable"},"acf":[],"_links":{"self":[{"href":"https:\/\/tiendaflex.ec\/en\/wp-json\/wp\/v2\/product\/15746","targetHints":{"allow":["GET"]}}],"collection":[{"href":"https:\/\/tiendaflex.ec\/en\/wp-json\/wp\/v2\/product"}],"about":[{"href":"https:\/\/tiendaflex.ec\/en\/wp-json\/wp\/v2\/types\/product"}],"replies":[{"embeddable":true,"href":"https:\/\/tiendaflex.ec\/en\/wp-json\/wp\/v2\/comments?post=15746"}],"version-history":[{"count":1,"href":"https:\/\/tiendaflex.ec\/en\/wp-json\/wp\/v2\/product\/15746\/revisions"}],"predecessor-version":[{"id":15752,"href":"https:\/\/tiendaflex.ec\/en\/wp-json\/wp\/v2\/product\/15746\/revisions\/15752"}],"wp:featuredmedia":[{"embeddable":true,"href":"https:\/\/tiendaflex.ec\/en\/wp-json\/wp\/v2\/media\/15747"}],"wp:attachment":[{"href":"https:\/\/tiendaflex.ec\/en\/wp-json\/wp\/v2\/media?parent=15746"}],"wp:term":[{"taxonomy":"product_brand","embeddable":true,"href":"https:\/\/tiendaflex.ec\/en\/wp-json\/wp\/v2\/product_brand?post=15746"},{"taxonomy":"product_cat","embeddable":true,"href":"https:\/\/tiendaflex.ec\/en\/wp-json\/wp\/v2\/product_cat?post=15746"},{"taxonomy":"product_tag","embeddable":true,"href":"https:\/\/tiendaflex.ec\/en\/wp-json\/wp\/v2\/product_tag?post=15746"}],"curies":[{"name":"wp","href":"https:\/\/api.w.org\/{rel}","templated":true}]}}