{"id":15738,"date":"2025-04-02T22:52:17","date_gmt":"2025-04-03T03:52:17","guid":{"rendered":"https:\/\/tiendaflex.ec\/?post_type=product&#038;p=15738"},"modified":"2026-02-25T16:31:19","modified_gmt":"2026-02-25T21:31:19","slug":"aspiradora-picadora-de-hojas-ryobi-40v","status":"publish","type":"product","link":"https:\/\/tiendaflex.ec\/en\/product\/aspiradora-picadora-de-hojas-ryobi-40v\/","title":{"rendered":"Aspiradora \/ Picadora de Hojas  &#8211; Ryobi 40V"},"content":{"rendered":"","protected":false},"excerpt":{"rendered":"<p>\u00a1Haz que la limpieza de tu jard\u00edn sea m\u00e1s eficiente y r\u00e1pida con la Aspiradora\/Picadora de Hojas RYOBI 40V! Con funciones de vac\u00edo y mantillo, es la herramienta ideal para mantener tu patio limpio y ordenado.<\/p>\n<ul>\n<li>Marca: RYOBI<\/li>\n<\/ul>\n<p>Accesorios incluidos:<\/p>\n<ul>\n<li>Aspiradora de hojas RY40405 40V<\/li>\n<li>Ruedas<\/li>\n<li>Bolsa resistente<\/li>\n<li>Manual del operador<\/li>\n<\/ul>\n<p>\ud83d\udcde Cont\u00e1ctanos y haz tu pedido: +593984123231<\/p>","protected":false},"featured_media":15739,"comment_status":"open","ping_status":"closed","template":"","meta":{"_acf_changed":false},"product_brand":[],"product_cat":[544,603],"product_tag":[],"class_list":{"0":"post-15738","1":"product","2":"type-product","3":"status-publish","4":"has-post-thumbnail","6":"product_cat-agricultura-e-industria","7":"product_cat-aspiradoras","9":"first","10":"instock","11":"sale","12":"taxable","13":"shipping-taxable","14":"purchasable","15":"product-type-simple"},"acf":[],"_links":{"self":[{"href":"https:\/\/tiendaflex.ec\/en\/wp-json\/wp\/v2\/product\/15738","targetHints":{"allow":["GET"]}}],"collection":[{"href":"https:\/\/tiendaflex.ec\/en\/wp-json\/wp\/v2\/product"}],"about":[{"href":"https:\/\/tiendaflex.ec\/en\/wp-json\/wp\/v2\/types\/product"}],"replies":[{"embeddable":true,"href":"https:\/\/tiendaflex.ec\/en\/wp-json\/wp\/v2\/comments?post=15738"}],"version-history":[{"count":5,"href":"https:\/\/tiendaflex.ec\/en\/wp-json\/wp\/v2\/product\/15738\/revisions"}],"predecessor-version":[{"id":26351,"href":"https:\/\/tiendaflex.ec\/en\/wp-json\/wp\/v2\/product\/15738\/revisions\/26351"}],"wp:featuredmedia":[{"embeddable":true,"href":"https:\/\/tiendaflex.ec\/en\/wp-json\/wp\/v2\/media\/15739"}],"wp:attachment":[{"href":"https:\/\/tiendaflex.ec\/en\/wp-json\/wp\/v2\/media?parent=15738"}],"wp:term":[{"taxonomy":"product_brand","embeddable":true,"href":"https:\/\/tiendaflex.ec\/en\/wp-json\/wp\/v2\/product_brand?post=15738"},{"taxonomy":"product_cat","embeddable":true,"href":"https:\/\/tiendaflex.ec\/en\/wp-json\/wp\/v2\/product_cat?post=15738"},{"taxonomy":"product_tag","embeddable":true,"href":"https:\/\/tiendaflex.ec\/en\/wp-json\/wp\/v2\/product_tag?post=15738"}],"curies":[{"name":"wp","href":"https:\/\/api.w.org\/{rel}","templated":true}]}}