{"id":15717,"date":"2025-04-02T22:23:03","date_gmt":"2025-04-03T03:23:03","guid":{"rendered":"https:\/\/tiendaflex.ec\/?post_type=product&#038;p=15717"},"modified":"2025-06-03T23:43:34","modified_gmt":"2025-06-04T04:43:34","slug":"titanium-smart-chaide-y-chaide","status":"publish","type":"product","link":"https:\/\/tiendaflex.ec\/en\/product\/titanium-smart-chaide-y-chaide\/","title":{"rendered":"Titanium Smart &#8211; Chaide y Chaide"},"content":{"rendered":"","protected":false},"excerpt":{"rendered":"<p>Disfruta de un descanso reparador con el Colch\u00f3n Titanium de Chaide y Chaide, dise\u00f1ado para brindar el m\u00e1ximo soporte y comodidad. Su estructura de alta calidad y materiales resistentes aseguran una larga durabilidad, ofreci\u00e9ndote el descanso que mereces.<\/p>\n<p>Caracter\u00edsticas principales:<br \/>\n\u2705 Material de alta densidad \u2013 Mayor firmeza y soporte<br \/>\n\u2705 Durabilidad garantizada \u2013 Calidad premium para a\u00f1os de descanso placentero<br \/>\n\u2705 Superficie acolchada \u2013 Mayor suavidad y confort<\/p>\n<p>\ud83d\udcde Cont\u00e1ctanos: +593984123231<\/p>","protected":false},"featured_media":15718,"comment_status":"open","ping_status":"closed","template":"","meta":{"_acf_changed":false},"product_brand":[],"product_cat":[543,613],"product_tag":[],"class_list":{"0":"post-15717","1":"product","2":"type-product","3":"status-publish","4":"has-post-thumbnail","6":"product_cat-colchones","7":"product_cat-smart","9":"first","10":"instock","11":"sale","12":"taxable","13":"shipping-taxable","14":"purchasable","15":"product-type-variable"},"acf":[],"_links":{"self":[{"href":"https:\/\/tiendaflex.ec\/en\/wp-json\/wp\/v2\/product\/15717","targetHints":{"allow":["GET"]}}],"collection":[{"href":"https:\/\/tiendaflex.ec\/en\/wp-json\/wp\/v2\/product"}],"about":[{"href":"https:\/\/tiendaflex.ec\/en\/wp-json\/wp\/v2\/types\/product"}],"replies":[{"embeddable":true,"href":"https:\/\/tiendaflex.ec\/en\/wp-json\/wp\/v2\/comments?post=15717"}],"version-history":[{"count":2,"href":"https:\/\/tiendaflex.ec\/en\/wp-json\/wp\/v2\/product\/15717\/revisions"}],"predecessor-version":[{"id":19160,"href":"https:\/\/tiendaflex.ec\/en\/wp-json\/wp\/v2\/product\/15717\/revisions\/19160"}],"wp:featuredmedia":[{"embeddable":true,"href":"https:\/\/tiendaflex.ec\/en\/wp-json\/wp\/v2\/media\/15718"}],"wp:attachment":[{"href":"https:\/\/tiendaflex.ec\/en\/wp-json\/wp\/v2\/media?parent=15717"}],"wp:term":[{"taxonomy":"product_brand","embeddable":true,"href":"https:\/\/tiendaflex.ec\/en\/wp-json\/wp\/v2\/product_brand?post=15717"},{"taxonomy":"product_cat","embeddable":true,"href":"https:\/\/tiendaflex.ec\/en\/wp-json\/wp\/v2\/product_cat?post=15717"},{"taxonomy":"product_tag","embeddable":true,"href":"https:\/\/tiendaflex.ec\/en\/wp-json\/wp\/v2\/product_tag?post=15717"}],"curies":[{"name":"wp","href":"https:\/\/api.w.org\/{rel}","templated":true}]}}