{"id":15702,"date":"2025-04-02T22:01:56","date_gmt":"2025-04-03T03:01:56","guid":{"rendered":"https:\/\/tiendaflex.ec\/?post_type=product&#038;p=15702"},"modified":"2025-09-02T23:34:19","modified_gmt":"2025-09-03T04:34:19","slug":"kit-16-camaras-1080p-dahua","status":"publish","type":"product","link":"https:\/\/tiendaflex.ec\/en\/product\/kit-16-camaras-1080p-dahua\/","title":{"rendered":"KIT 16 C\u00e1maras 1080P &#8211; DAHUA"},"content":{"rendered":"","protected":false},"excerpt":{"rendered":"<p>\u00a1No dejes pasar esta oportunidad \u00fanica de garantizar la seguridad de tu hogar o negocio con el KIT 16 C\u00e1maras 1080P DAHUA! Obt\u00e9n im\u00e1genes de alta resoluci\u00f3n y visualiza todo desde tu PC o celular, est\u00e9s donde est\u00e9s.<\/p>\n<p>Caracter\u00edsticas destacadas:<br \/>\n\u2705 Resoluci\u00f3n de 2 MP \u2013 Im\u00e1genes n\u00edtidas con 1920 x 1080<br \/>\n\u2705 Lente focal fija de 3.6 mm \u2013 Opci\u00f3n de lentes de 2.8 mm o 6 mm para adaptarse a tus necesidades<br \/>\n\u2705 Salida de video 4 en 1 \u2013 Compatible con CVI, CVBS, AHD y TVI<br \/>\n\u2705 IR inteligente \u2013 Visi\u00f3n nocturna hasta 20 metros<br \/>\n\u2705 IP67 \u2013 Resistente al agua y al polvo, ideal para exteriores<\/p>\n<p>Contenido del paquete:<br \/>\n1 DVR 16CH + 8CH IP<br \/>\n8 C\u00e1maras domo 1080P pl\u00e1sticas<br \/>\n8 C\u00e1maras tubo 1080P pl\u00e1sticas<br \/>\n16 Pares de video balun<br \/>\n16 Fuentes de 12V 1A<br \/>\nRequiere (No incluido):<br \/>\nDisco duro<br \/>\nCable UTP<\/p>\n<p>\ud83d\udcde Cont\u00e1ctanos y haz tu pedido: +593984123231<br \/>\n\u00a1Asegura tu propiedad con la tecnolog\u00eda m\u00e1s avanzada y disfruta de la tranquilidad de estar siempre conectado! \ud83d\udcf1\ud83d\udcbb<\/p>","protected":false},"featured_media":15703,"comment_status":"open","ping_status":"closed","template":"","meta":{"_acf_changed":false},"product_brand":[],"product_cat":[584,547],"product_tag":[],"class_list":{"0":"post-15702","1":"product","2":"type-product","3":"status-publish","4":"has-post-thumbnail","6":"product_cat-camaras","7":"product_cat-tecnologia-del-hogar","9":"first","10":"outofstock","11":"sale","12":"taxable","13":"shipping-taxable","14":"purchasable","15":"product-type-simple"},"acf":[],"_links":{"self":[{"href":"https:\/\/tiendaflex.ec\/en\/wp-json\/wp\/v2\/product\/15702","targetHints":{"allow":["GET"]}}],"collection":[{"href":"https:\/\/tiendaflex.ec\/en\/wp-json\/wp\/v2\/product"}],"about":[{"href":"https:\/\/tiendaflex.ec\/en\/wp-json\/wp\/v2\/types\/product"}],"replies":[{"embeddable":true,"href":"https:\/\/tiendaflex.ec\/en\/wp-json\/wp\/v2\/comments?post=15702"}],"version-history":[{"count":2,"href":"https:\/\/tiendaflex.ec\/en\/wp-json\/wp\/v2\/product\/15702\/revisions"}],"predecessor-version":[{"id":15705,"href":"https:\/\/tiendaflex.ec\/en\/wp-json\/wp\/v2\/product\/15702\/revisions\/15705"}],"wp:featuredmedia":[{"embeddable":true,"href":"https:\/\/tiendaflex.ec\/en\/wp-json\/wp\/v2\/media\/15703"}],"wp:attachment":[{"href":"https:\/\/tiendaflex.ec\/en\/wp-json\/wp\/v2\/media?parent=15702"}],"wp:term":[{"taxonomy":"product_brand","embeddable":true,"href":"https:\/\/tiendaflex.ec\/en\/wp-json\/wp\/v2\/product_brand?post=15702"},{"taxonomy":"product_cat","embeddable":true,"href":"https:\/\/tiendaflex.ec\/en\/wp-json\/wp\/v2\/product_cat?post=15702"},{"taxonomy":"product_tag","embeddable":true,"href":"https:\/\/tiendaflex.ec\/en\/wp-json\/wp\/v2\/product_tag?post=15702"}],"curies":[{"name":"wp","href":"https:\/\/api.w.org\/{rel}","templated":true}]}}