{"id":15685,"date":"2025-04-02T21:47:02","date_gmt":"2025-04-03T02:47:02","guid":{"rendered":"https:\/\/tiendaflex.ec\/?post_type=product&#038;p=15685"},"modified":"2025-06-03T23:22:48","modified_gmt":"2025-06-04T04:22:48","slug":"escape-smart-de-chaide-chaide","status":"publish","type":"product","link":"https:\/\/tiendaflex.ec\/en\/product\/escape-smart-de-chaide-chaide\/","title":{"rendered":"Escape Smart de Chaide &#038; Chaide"},"content":{"rendered":"","protected":false},"excerpt":{"rendered":"<p>Descansa como nunca antes con el Colch\u00f3n Escape Smart de Chaide &amp; Chaide, dise\u00f1ado para brindarte una experiencia \u00fanica de comodidad, soporte y durabilidad. Su tecnolog\u00eda de avanzada proporciona una adaptaci\u00f3n perfecta al cuerpo, asegurando un sue\u00f1o profundo y reparador.<\/p>\n<p>Caracter\u00edsticas principales:<br \/>\n\u2705 Materiales de alta calidad \u2013 Durabilidad y resistencia garantizada<br \/>\n\u2705 Superficie acolchada \u2013 Mayor suavidad y confort absoluto<\/p>\n<p>\ud83d\udcde Cont\u00e1ctanos: +593984123231<\/p>","protected":false},"featured_media":15686,"comment_status":"open","ping_status":"closed","template":"","meta":{"_acf_changed":false},"product_brand":[],"product_cat":[543,613],"product_tag":[],"class_list":{"0":"post-15685","1":"product","2":"type-product","3":"status-publish","4":"has-post-thumbnail","6":"product_cat-colchones","7":"product_cat-smart","9":"first","10":"instock","11":"sale","12":"taxable","13":"shipping-taxable","14":"purchasable","15":"product-type-variable"},"acf":[],"_links":{"self":[{"href":"https:\/\/tiendaflex.ec\/en\/wp-json\/wp\/v2\/product\/15685","targetHints":{"allow":["GET"]}}],"collection":[{"href":"https:\/\/tiendaflex.ec\/en\/wp-json\/wp\/v2\/product"}],"about":[{"href":"https:\/\/tiendaflex.ec\/en\/wp-json\/wp\/v2\/types\/product"}],"replies":[{"embeddable":true,"href":"https:\/\/tiendaflex.ec\/en\/wp-json\/wp\/v2\/comments?post=15685"}],"version-history":[{"count":2,"href":"https:\/\/tiendaflex.ec\/en\/wp-json\/wp\/v2\/product\/15685\/revisions"}],"predecessor-version":[{"id":19156,"href":"https:\/\/tiendaflex.ec\/en\/wp-json\/wp\/v2\/product\/15685\/revisions\/19156"}],"wp:featuredmedia":[{"embeddable":true,"href":"https:\/\/tiendaflex.ec\/en\/wp-json\/wp\/v2\/media\/15686"}],"wp:attachment":[{"href":"https:\/\/tiendaflex.ec\/en\/wp-json\/wp\/v2\/media?parent=15685"}],"wp:term":[{"taxonomy":"product_brand","embeddable":true,"href":"https:\/\/tiendaflex.ec\/en\/wp-json\/wp\/v2\/product_brand?post=15685"},{"taxonomy":"product_cat","embeddable":true,"href":"https:\/\/tiendaflex.ec\/en\/wp-json\/wp\/v2\/product_cat?post=15685"},{"taxonomy":"product_tag","embeddable":true,"href":"https:\/\/tiendaflex.ec\/en\/wp-json\/wp\/v2\/product_tag?post=15685"}],"curies":[{"name":"wp","href":"https:\/\/api.w.org\/{rel}","templated":true}]}}