{"id":15637,"date":"2025-04-02T20:55:24","date_gmt":"2025-04-03T01:55:24","guid":{"rendered":"https:\/\/tiendaflex.ec\/?post_type=product&#038;p=15637"},"modified":"2026-02-25T13:31:36","modified_gmt":"2026-02-25T18:31:36","slug":"barrera-de-drenaje-18v-one-solo-herramienta-ryobi","status":"publish","type":"product","link":"https:\/\/tiendaflex.ec\/en\/product\/barrera-de-drenaje-18v-one-solo-herramienta-ryobi\/","title":{"rendered":"Barrera de Drenaje 18V One+ (Solo Herramienta) \u2013 Ryobi"},"content":{"rendered":"","protected":false},"excerpt":{"rendered":"<p>\u00a1Di adi\u00f3s a los desag\u00fces obstruidos! Con la Barrera de Drenaje ONE+ de 18 V, desatasca r\u00e1pidamente fregaderos y ba\u00f1eras con tuber\u00edas de hasta 2 pulgadas de ancho. \ud83d\udcaa<\/p>\n<p>Caracter\u00edsticas:<br \/>\nPotente motor para desatascar drenajes f\u00e1cilmente \u26a1<br \/>\nCable reforzado de 25 pies para llegar a la obstrucci\u00f3n \ud83d\udd27<br \/>\nAlimentaci\u00f3n autom\u00e1tica con bloqueo, facilita el uso \ud83d\udcbc<br \/>\nCompatible con todas las bater\u00edas ONE+ de 18 V \ud83d\udd0b<br \/>\nDesatasca tuber\u00edas hasta de 2 pulgadas de ancho \ud83d\udebf<br \/>\nRespaldado por garant\u00eda de 3 a\u00f1os \ud83d\udcc5<\/p>\n<p>\ud83d\udcde Cont\u00e1ctanos y haz tu pedido: +593984123231<\/p>","protected":false},"featured_media":15638,"comment_status":"open","ping_status":"closed","template":"","meta":{"_acf_changed":false},"product_brand":[],"product_cat":[544],"product_tag":[],"class_list":{"0":"post-15637","1":"product","2":"type-product","3":"status-publish","4":"has-post-thumbnail","6":"product_cat-agricultura-e-industria","8":"first","9":"instock","10":"sale","11":"taxable","12":"shipping-taxable","13":"purchasable","14":"product-type-simple"},"acf":[],"_links":{"self":[{"href":"https:\/\/tiendaflex.ec\/en\/wp-json\/wp\/v2\/product\/15637","targetHints":{"allow":["GET"]}}],"collection":[{"href":"https:\/\/tiendaflex.ec\/en\/wp-json\/wp\/v2\/product"}],"about":[{"href":"https:\/\/tiendaflex.ec\/en\/wp-json\/wp\/v2\/types\/product"}],"replies":[{"embeddable":true,"href":"https:\/\/tiendaflex.ec\/en\/wp-json\/wp\/v2\/comments?post=15637"}],"version-history":[{"count":2,"href":"https:\/\/tiendaflex.ec\/en\/wp-json\/wp\/v2\/product\/15637\/revisions"}],"predecessor-version":[{"id":26336,"href":"https:\/\/tiendaflex.ec\/en\/wp-json\/wp\/v2\/product\/15637\/revisions\/26336"}],"wp:featuredmedia":[{"embeddable":true,"href":"https:\/\/tiendaflex.ec\/en\/wp-json\/wp\/v2\/media\/15638"}],"wp:attachment":[{"href":"https:\/\/tiendaflex.ec\/en\/wp-json\/wp\/v2\/media?parent=15637"}],"wp:term":[{"taxonomy":"product_brand","embeddable":true,"href":"https:\/\/tiendaflex.ec\/en\/wp-json\/wp\/v2\/product_brand?post=15637"},{"taxonomy":"product_cat","embeddable":true,"href":"https:\/\/tiendaflex.ec\/en\/wp-json\/wp\/v2\/product_cat?post=15637"},{"taxonomy":"product_tag","embeddable":true,"href":"https:\/\/tiendaflex.ec\/en\/wp-json\/wp\/v2\/product_tag?post=15637"}],"curies":[{"name":"wp","href":"https:\/\/api.w.org\/{rel}","templated":true}]}}