{"id":15619,"date":"2025-04-02T20:37:11","date_gmt":"2025-04-03T01:37:11","guid":{"rendered":"https:\/\/tiendaflex.ec\/?post_type=product&#038;p=15619"},"modified":"2025-06-03T19:40:57","modified_gmt":"2025-06-04T00:40:57","slug":"flex-21-smart-chaide-chaide","status":"publish","type":"product","link":"https:\/\/tiendaflex.ec\/en\/product\/flex-21-smart-chaide-chaide\/","title":{"rendered":"Flex 21 Smart &#8211; Chaide &#038; Chaide"},"content":{"rendered":"","protected":false},"excerpt":{"rendered":"<p>El Colch\u00f3n Flex 21 Smart de Chaide &amp; Chaide es la combinaci\u00f3n perfecta de comodidad y tecnolog\u00eda para un descanso de calidad. \u00a1Disfruta de noches reparadoras con el mejor soporte para tu cuerpo!<\/p>\n<p>Caracter\u00edsticas:<br \/>\nTecnolog\u00eda Smart: Adaptaci\u00f3n perfecta al contorno de tu cuerpo<br \/>\nDoble capa de confort: Para un descanso suave y firme<br \/>\nDurabilidad: Materiales de alta calidad que garantizan una larga vida \u00fatil<\/p>\n<p>\ud83d\udcde Cont\u00e1ctanos y haz tu pedido: +593984123231 \ud83d\udcf2<\/p>","protected":false},"featured_media":15620,"comment_status":"open","ping_status":"closed","template":"","meta":{"_acf_changed":false},"product_brand":[],"product_cat":[543,613],"product_tag":[],"class_list":{"0":"post-15619","1":"product","2":"type-product","3":"status-publish","4":"has-post-thumbnail","6":"product_cat-colchones","7":"product_cat-smart","9":"first","10":"instock","11":"sale","12":"taxable","13":"shipping-taxable","14":"purchasable","15":"product-type-variable"},"acf":[],"_links":{"self":[{"href":"https:\/\/tiendaflex.ec\/en\/wp-json\/wp\/v2\/product\/15619","targetHints":{"allow":["GET"]}}],"collection":[{"href":"https:\/\/tiendaflex.ec\/en\/wp-json\/wp\/v2\/product"}],"about":[{"href":"https:\/\/tiendaflex.ec\/en\/wp-json\/wp\/v2\/types\/product"}],"replies":[{"embeddable":true,"href":"https:\/\/tiendaflex.ec\/en\/wp-json\/wp\/v2\/comments?post=15619"}],"version-history":[{"count":2,"href":"https:\/\/tiendaflex.ec\/en\/wp-json\/wp\/v2\/product\/15619\/revisions"}],"predecessor-version":[{"id":19138,"href":"https:\/\/tiendaflex.ec\/en\/wp-json\/wp\/v2\/product\/15619\/revisions\/19138"}],"wp:featuredmedia":[{"embeddable":true,"href":"https:\/\/tiendaflex.ec\/en\/wp-json\/wp\/v2\/media\/15620"}],"wp:attachment":[{"href":"https:\/\/tiendaflex.ec\/en\/wp-json\/wp\/v2\/media?parent=15619"}],"wp:term":[{"taxonomy":"product_brand","embeddable":true,"href":"https:\/\/tiendaflex.ec\/en\/wp-json\/wp\/v2\/product_brand?post=15619"},{"taxonomy":"product_cat","embeddable":true,"href":"https:\/\/tiendaflex.ec\/en\/wp-json\/wp\/v2\/product_cat?post=15619"},{"taxonomy":"product_tag","embeddable":true,"href":"https:\/\/tiendaflex.ec\/en\/wp-json\/wp\/v2\/product_tag?post=15619"}],"curies":[{"name":"wp","href":"https:\/\/api.w.org\/{rel}","templated":true}]}}