{"id":15574,"date":"2025-04-02T19:34:12","date_gmt":"2025-04-03T00:34:12","guid":{"rendered":"https:\/\/tiendaflex.ec\/?post_type=product&#038;p=15574"},"modified":"2025-07-30T01:42:24","modified_gmt":"2025-07-30T06:42:24","slug":"motosierra-one-de-10-y-18v-ryobi","status":"publish","type":"product","link":"https:\/\/tiendaflex.ec\/en\/product\/motosierra-one-de-10-y-18v-ryobi\/","title":{"rendered":"MOTOSIERRA ONE+ DE 10&#8243; Y 18V &#8211; RYOBI"},"content":{"rendered":"","protected":false},"excerpt":{"rendered":"<p>\u00a1Corta y poda con facilidad gracias a la motosierra ONE+ de 10&#8243; y 18V de RYOBI! Ideal para el hogar, perfecta para podar y desramar \u00e1rboles y arbustos. \ud83c\udf3f<\/p>\n<p>Caracter\u00edsticas:<br \/>\nMotor potente para cortes r\u00e1pidos, hasta 2 veces m\u00e1s r\u00e1pido que modelos anteriores \u26a1<br \/>\nGatillo de velocidad variable para un control preciso \ud83d\udd79\ufe0f<br \/>\nEngrasador de cadena con bot\u00f3n pulsador para mantenimiento f\u00e1cil \ud83d\udd27<br \/>\nParte del sistema ONE+: compatible con todas las bater\u00edas y cargadores 18V ONE+ de RYOBI \ud83d\udd0b<\/p>\n<p>\ud83d\udcde Cont\u00e1ctanos y haz tu pedido: +593984123231<\/p>","protected":false},"featured_media":15575,"comment_status":"open","ping_status":"closed","template":"","meta":{"_acf_changed":false},"product_brand":[],"product_cat":[544,559],"product_tag":[],"class_list":{"0":"post-15574","1":"product","2":"type-product","3":"status-publish","4":"has-post-thumbnail","6":"product_cat-agricultura-e-industria","7":"product_cat-sierras","9":"first","10":"instock","11":"sale","12":"taxable","13":"shipping-taxable","14":"purchasable","15":"product-type-simple"},"acf":[],"_links":{"self":[{"href":"https:\/\/tiendaflex.ec\/en\/wp-json\/wp\/v2\/product\/15574","targetHints":{"allow":["GET"]}}],"collection":[{"href":"https:\/\/tiendaflex.ec\/en\/wp-json\/wp\/v2\/product"}],"about":[{"href":"https:\/\/tiendaflex.ec\/en\/wp-json\/wp\/v2\/types\/product"}],"replies":[{"embeddable":true,"href":"https:\/\/tiendaflex.ec\/en\/wp-json\/wp\/v2\/comments?post=15574"}],"version-history":[{"count":2,"href":"https:\/\/tiendaflex.ec\/en\/wp-json\/wp\/v2\/product\/15574\/revisions"}],"predecessor-version":[{"id":15577,"href":"https:\/\/tiendaflex.ec\/en\/wp-json\/wp\/v2\/product\/15574\/revisions\/15577"}],"wp:featuredmedia":[{"embeddable":true,"href":"https:\/\/tiendaflex.ec\/en\/wp-json\/wp\/v2\/media\/15575"}],"wp:attachment":[{"href":"https:\/\/tiendaflex.ec\/en\/wp-json\/wp\/v2\/media?parent=15574"}],"wp:term":[{"taxonomy":"product_brand","embeddable":true,"href":"https:\/\/tiendaflex.ec\/en\/wp-json\/wp\/v2\/product_brand?post=15574"},{"taxonomy":"product_cat","embeddable":true,"href":"https:\/\/tiendaflex.ec\/en\/wp-json\/wp\/v2\/product_cat?post=15574"},{"taxonomy":"product_tag","embeddable":true,"href":"https:\/\/tiendaflex.ec\/en\/wp-json\/wp\/v2\/product_tag?post=15574"}],"curies":[{"name":"wp","href":"https:\/\/api.w.org\/{rel}","templated":true}]}}