{"id":15495,"date":"2025-04-01T23:49:01","date_gmt":"2025-04-02T04:49:01","guid":{"rendered":"https:\/\/tiendaflex.ec\/?post_type=product&#038;p=15495"},"modified":"2025-04-15T22:52:21","modified_gmt":"2025-04-16T03:52:21","slug":"igm-venture-150-modelo-2023","status":"publish","type":"product","link":"https:\/\/tiendaflex.ec\/en\/product\/igm-venture-150-modelo-2023\/","title":{"rendered":"Venture 150 &#8211; 2023 IGM"},"content":{"rendered":"","protected":false},"excerpt":{"rendered":"<p>La Venture 150 Modelo 2024 es el compa\u00f1ero perfecto para tus aventuras al aire libre. Este veh\u00edculo compacto y vers\u00e1til combina lo mejor de la potencia y el dise\u00f1o para brindarte una experiencia \u00fanica en cada recorrido.<\/p>\n<p>\ud83d\udca5 \u00bfPor qu\u00e9 elegir la Venture 150? \ud83d\udca5<br \/>\n\u2705 Motor potente de 149.4 C.C. \u2013 11 HP @ 8500 RPM para m\u00e1xima eficiencia \u26a1<br \/>\n\u2705 Doble freno de disco para una frenada precisa y segura \ud83d\uded1<br \/>\n\u2705 Tablero digital completo \u2013 od\u00f3metro f\u00e1cil de leer para control preciso \ud83d\udcca<br \/>\n\u2705 Llantas off road para todo tipo de terreno \ud83c\udf0d<br \/>\n\u2705 Protector de manos para mayor seguridad en cada viaje \ud83d\udc4b<br \/>\n\u2705 Luces delanteras para visibilidad superior en condiciones oscuras \ud83c\udf1f<\/p>\n<p>\ud83d\udcde Cont\u00e1ctanos para m\u00e1s informaci\u00f3n: +593984123231<\/p>","protected":false},"featured_media":15496,"comment_status":"open","ping_status":"closed","template":"","meta":{"_acf_changed":false},"product_brand":[],"product_cat":[561,546],"product_tag":[],"class_list":{"0":"post-15495","1":"product","2":"type-product","3":"status-publish","4":"has-post-thumbnail","6":"product_cat-igm","7":"product_cat-motocicletas","9":"first","10":"instock","11":"sale","12":"taxable","13":"shipping-taxable","14":"purchasable","15":"product-type-variable"},"acf":[],"_links":{"self":[{"href":"https:\/\/tiendaflex.ec\/en\/wp-json\/wp\/v2\/product\/15495","targetHints":{"allow":["GET"]}}],"collection":[{"href":"https:\/\/tiendaflex.ec\/en\/wp-json\/wp\/v2\/product"}],"about":[{"href":"https:\/\/tiendaflex.ec\/en\/wp-json\/wp\/v2\/types\/product"}],"replies":[{"embeddable":true,"href":"https:\/\/tiendaflex.ec\/en\/wp-json\/wp\/v2\/comments?post=15495"}],"version-history":[{"count":4,"href":"https:\/\/tiendaflex.ec\/en\/wp-json\/wp\/v2\/product\/15495\/revisions"}],"predecessor-version":[{"id":15544,"href":"https:\/\/tiendaflex.ec\/en\/wp-json\/wp\/v2\/product\/15495\/revisions\/15544"}],"wp:featuredmedia":[{"embeddable":true,"href":"https:\/\/tiendaflex.ec\/en\/wp-json\/wp\/v2\/media\/15496"}],"wp:attachment":[{"href":"https:\/\/tiendaflex.ec\/en\/wp-json\/wp\/v2\/media?parent=15495"}],"wp:term":[{"taxonomy":"product_brand","embeddable":true,"href":"https:\/\/tiendaflex.ec\/en\/wp-json\/wp\/v2\/product_brand?post=15495"},{"taxonomy":"product_cat","embeddable":true,"href":"https:\/\/tiendaflex.ec\/en\/wp-json\/wp\/v2\/product_cat?post=15495"},{"taxonomy":"product_tag","embeddable":true,"href":"https:\/\/tiendaflex.ec\/en\/wp-json\/wp\/v2\/product_tag?post=15495"}],"curies":[{"name":"wp","href":"https:\/\/api.w.org\/{rel}","templated":true}]}}