{"id":15482,"date":"2025-04-01T23:36:25","date_gmt":"2025-04-02T04:36:25","guid":{"rendered":"https:\/\/tiendaflex.ec\/?post_type=product&#038;p=15482"},"modified":"2026-02-25T13:10:57","modified_gmt":"2026-02-25T18:10:57","slug":"sierra-de-pertiga-one-8-y-18v-ryobi","status":"publish","type":"product","link":"https:\/\/tiendaflex.ec\/en\/product\/sierra-de-pertiga-one-8-y-18v-ryobi\/","title":{"rendered":"SIERRA DE P\u00c9RTIGA ONE+ 8&#8243; Y 18V &#8211; RYOBI"},"content":{"rendered":"","protected":false},"excerpt":{"rendered":"<p>\u00a1Haz que podar y desramar sea m\u00e1s f\u00e1cil con la Sierra de P\u00e9rtiga ONE+ 8&#8243; y 18V de RYOBI! \ud83c\udf33 Su potente motor y su dise\u00f1o ergon\u00f3mico te brindan cortes r\u00e1pidos y precisos, sin necesidad de gasolina ni cables. \ud83d\ude80<\/p>\n<p>\ud83d\udd39 Caracter\u00edsticas:<br \/>\n\u2714 Barra y cadena de 8&#8243; \u2013 Ideal para cortar ramas de hasta 6&#8243; \ud83c\udf3f<br \/>\n\u2714 Motor potente \u2013 Hasta 16 cortes por carga \u26a1<br \/>\n\u2714 Cadena de complemento completo \u2013 Mayor tiempo de uso y cortes m\u00e1s r\u00e1pidos \ud83d\udd25<br \/>\n\u2714 Cabezal en \u00e1ngulo y extensi\u00f3n de 9,5\u2019 \u2013 Para cortes precisos \ud83d\udccf<br \/>\n\u2714 Dise\u00f1o sin aceite y tensor de cadena con herramientas \ud83d\udee0\ufe0f<br \/>\n\u2714 Compatible con la cadena de repuesto RY8C1 de 8&#8243; \u2705<br \/>\n\u2714 Parte del sistema ONE+ \u2013 Funciona con cualquier bater\u00eda ONE+ de 18V \ud83d\udd0b<\/p>\n<p>\ud83d\udce6 Incluye:<br \/>\n\u2705 P\u00e9rtiga con mango<br \/>\n\u2705 P\u00e9rtiga intermedia<br \/>\n\u2705 Llave combinada<br \/>\n\u2705 Funda<br \/>\n\u2705 Arn\u00e9s para el hombro<\/p>\n<p>\ud83d\udcde Cont\u00e1ctanos y haz tu pedido: +593984123231<\/p>","protected":false},"featured_media":15483,"comment_status":"open","ping_status":"closed","template":"","meta":{"_acf_changed":false},"product_brand":[],"product_cat":[544,559],"product_tag":[],"class_list":{"0":"post-15482","1":"product","2":"type-product","3":"status-publish","4":"has-post-thumbnail","6":"product_cat-agricultura-e-industria","7":"product_cat-sierras","9":"first","10":"instock","11":"sale","12":"taxable","13":"shipping-taxable","14":"purchasable","15":"product-type-simple"},"acf":[],"_links":{"self":[{"href":"https:\/\/tiendaflex.ec\/en\/wp-json\/wp\/v2\/product\/15482","targetHints":{"allow":["GET"]}}],"collection":[{"href":"https:\/\/tiendaflex.ec\/en\/wp-json\/wp\/v2\/product"}],"about":[{"href":"https:\/\/tiendaflex.ec\/en\/wp-json\/wp\/v2\/types\/product"}],"replies":[{"embeddable":true,"href":"https:\/\/tiendaflex.ec\/en\/wp-json\/wp\/v2\/comments?post=15482"}],"version-history":[{"count":2,"href":"https:\/\/tiendaflex.ec\/en\/wp-json\/wp\/v2\/product\/15482\/revisions"}],"predecessor-version":[{"id":15485,"href":"https:\/\/tiendaflex.ec\/en\/wp-json\/wp\/v2\/product\/15482\/revisions\/15485"}],"wp:featuredmedia":[{"embeddable":true,"href":"https:\/\/tiendaflex.ec\/en\/wp-json\/wp\/v2\/media\/15483"}],"wp:attachment":[{"href":"https:\/\/tiendaflex.ec\/en\/wp-json\/wp\/v2\/media?parent=15482"}],"wp:term":[{"taxonomy":"product_brand","embeddable":true,"href":"https:\/\/tiendaflex.ec\/en\/wp-json\/wp\/v2\/product_brand?post=15482"},{"taxonomy":"product_cat","embeddable":true,"href":"https:\/\/tiendaflex.ec\/en\/wp-json\/wp\/v2\/product_cat?post=15482"},{"taxonomy":"product_tag","embeddable":true,"href":"https:\/\/tiendaflex.ec\/en\/wp-json\/wp\/v2\/product_tag?post=15482"}],"curies":[{"name":"wp","href":"https:\/\/api.w.org\/{rel}","templated":true}]}}