{"id":15478,"date":"2025-04-01T23:33:59","date_gmt":"2025-04-02T04:33:59","guid":{"rendered":"https:\/\/tiendaflex.ec\/?post_type=product&#038;p=15478"},"modified":"2025-09-08T23:01:16","modified_gmt":"2025-09-09T04:01:16","slug":"campana-extractora-cei-90ne-espacio-libre-de-humo-y-olores","status":"publish","type":"product","link":"https:\/\/tiendaflex.ec\/en\/product\/campana-extractora-cei-90ne-espacio-libre-de-humo-y-olores\/","title":{"rendered":"CEI-90NE CAMPANA EXTRACTORA"},"content":{"rendered":"","protected":false},"excerpt":{"rendered":"<p>Mejora la calidad del aire en tu cocina con la Campana Extractora CEI-90NE, dise\u00f1ada para mantener tu espacio libre de humo y olores. Con un potente sistema de succi\u00f3n y opciones de recirculaci\u00f3n, esta campana combina eficiencia y estilo.<\/p>\n<ul>\n<li>Marca: INDURAMA<\/li>\n<\/ul>\n<p>\ud83d\udd39 Especificaciones generales:<br \/>\n\u2714 Tipo: Campana de pared<br \/>\n\u2714 Voltaje \/ Frecuencia: 110V \/ 60Hz \u26a1<br \/>\n\u2714 Poder de succi\u00f3n: 480 m\u00b3\/hr \ud83d\udca8<br \/>\n\u2714 Panel con pulsantes \ud83c\udf9b\ufe0f<br \/>\n\u2714 Acabado en acero inoxidable \ud83c\udfc6<\/p>\n<p>\ud83d\udd39 Funciones:<br \/>\n\u2714 3 velocidades de extracci\u00f3n \ud83c\udf2c\ufe0f<br \/>\n\u2714 Funcionamiento por ducto o recirculaci\u00f3n de aire \ud83d\udd04<br \/>\n\u2714 Iluminaci\u00f3n LED doble \ud83d\udca1<\/p>\n<p>\ud83d\udd39 Accesorios incluidos:<br \/>\n\u2705 Filtros de aluminio lavable de 5 capas<br \/>\n\u2705 Filtro de carb\u00f3n para mejor absorci\u00f3n de olores<\/p>\n<p>\ud83d\udccf Medidas:<br \/>\n\ud83d\udccc Producto y empotre:<\/p>\n<p>Alto: 13.5 cm<br \/>\nAncho: 90 cm<br \/>\nProfundidad: 49.4 cm<\/p>\n<p>\ud83d\udcde Cont\u00e1ctanos y haz tu pedido: +593984123231<\/p>","protected":false},"featured_media":15479,"comment_status":"open","ping_status":"closed","template":"","meta":{"_acf_changed":false},"product_brand":[],"product_cat":[585,549],"product_tag":[],"class_list":{"0":"post-15478","1":"product","2":"type-product","3":"status-publish","4":"has-post-thumbnail","6":"product_cat-campanas","7":"product_cat-electrodomesticos","9":"first","10":"instock","11":"sale","12":"taxable","13":"shipping-taxable","14":"purchasable","15":"product-type-simple"},"acf":[],"_links":{"self":[{"href":"https:\/\/tiendaflex.ec\/en\/wp-json\/wp\/v2\/product\/15478","targetHints":{"allow":["GET"]}}],"collection":[{"href":"https:\/\/tiendaflex.ec\/en\/wp-json\/wp\/v2\/product"}],"about":[{"href":"https:\/\/tiendaflex.ec\/en\/wp-json\/wp\/v2\/types\/product"}],"replies":[{"embeddable":true,"href":"https:\/\/tiendaflex.ec\/en\/wp-json\/wp\/v2\/comments?post=15478"}],"version-history":[{"count":5,"href":"https:\/\/tiendaflex.ec\/en\/wp-json\/wp\/v2\/product\/15478\/revisions"}],"predecessor-version":[{"id":23447,"href":"https:\/\/tiendaflex.ec\/en\/wp-json\/wp\/v2\/product\/15478\/revisions\/23447"}],"wp:featuredmedia":[{"embeddable":true,"href":"https:\/\/tiendaflex.ec\/en\/wp-json\/wp\/v2\/media\/15479"}],"wp:attachment":[{"href":"https:\/\/tiendaflex.ec\/en\/wp-json\/wp\/v2\/media?parent=15478"}],"wp:term":[{"taxonomy":"product_brand","embeddable":true,"href":"https:\/\/tiendaflex.ec\/en\/wp-json\/wp\/v2\/product_brand?post=15478"},{"taxonomy":"product_cat","embeddable":true,"href":"https:\/\/tiendaflex.ec\/en\/wp-json\/wp\/v2\/product_cat?post=15478"},{"taxonomy":"product_tag","embeddable":true,"href":"https:\/\/tiendaflex.ec\/en\/wp-json\/wp\/v2\/product_tag?post=15478"}],"curies":[{"name":"wp","href":"https:\/\/api.w.org\/{rel}","templated":true}]}}