{"id":15357,"date":"2025-04-01T21:07:05","date_gmt":"2025-04-02T02:07:05","guid":{"rendered":"https:\/\/tiendaflex.ec\/?post_type=product&#038;p=15357"},"modified":"2026-02-19T18:37:30","modified_gmt":"2026-02-19T23:37:30","slug":"colchon-semiortopedico-chaide-chaide","status":"publish","type":"product","link":"https:\/\/tiendaflex.ec\/en\/product\/colchon-semiortopedico-chaide-chaide\/","title":{"rendered":"SEMIORTOP\u00c9DICO &#8211; CHAIDE &#038; CHAIDE"},"content":{"rendered":"","protected":false},"excerpt":{"rendered":"<p>El colch\u00f3n semi firme de Chaide &amp; Chaide est\u00e1 dise\u00f1ado para brindarte el equilibrio perfecto entre confort y estabilidad. Su estructura de alta calidad garantiza un descanso saludable, reduciendo los puntos de presi\u00f3n y mejorando la postura mientras duermes.<\/p>\n<p>\ud83c\udf1f Caracter\u00edsticas principales \ud83c\udf1f<br \/>\n\u2705 Soporte semi firme \u2013 mayor estabilidad para un descanso \u00f3ptimo \ud83d\udca4<br \/>\n\u2705 Materiales de alta calidad \u2013 durabilidad y resistencia garantizadas \ud83c\udfc5<br \/>\n\u2705 Dise\u00f1o ergon\u00f3mico \u2013 se adapta a la forma natural del cuerpo \ud83c\udfcb\ufe0f\u200d\u2642\ufe0f<br \/>\n\u2705 Ventilaci\u00f3n mejorada \u2013 mantiene la frescura y evita la acumulaci\u00f3n de humedad \ud83c\udf2c\ufe0f<\/p>\n<p>\ud83d\udcde Cont\u00e1ctanos para m\u00e1s informaci\u00f3n: +593984123231<\/p>","protected":false},"featured_media":15358,"comment_status":"open","ping_status":"closed","template":"","meta":{"_acf_changed":false},"product_brand":[],"product_cat":[543],"product_tag":[],"class_list":{"0":"post-15357","1":"product","2":"type-product","3":"status-publish","4":"has-post-thumbnail","6":"product_cat-colchones","8":"first","9":"instock","10":"sale","11":"taxable","12":"shipping-taxable","13":"purchasable","14":"product-type-variable"},"acf":[],"_links":{"self":[{"href":"https:\/\/tiendaflex.ec\/en\/wp-json\/wp\/v2\/product\/15357","targetHints":{"allow":["GET"]}}],"collection":[{"href":"https:\/\/tiendaflex.ec\/en\/wp-json\/wp\/v2\/product"}],"about":[{"href":"https:\/\/tiendaflex.ec\/en\/wp-json\/wp\/v2\/types\/product"}],"replies":[{"embeddable":true,"href":"https:\/\/tiendaflex.ec\/en\/wp-json\/wp\/v2\/comments?post=15357"}],"version-history":[{"count":3,"href":"https:\/\/tiendaflex.ec\/en\/wp-json\/wp\/v2\/product\/15357\/revisions"}],"predecessor-version":[{"id":15516,"href":"https:\/\/tiendaflex.ec\/en\/wp-json\/wp\/v2\/product\/15357\/revisions\/15516"}],"wp:featuredmedia":[{"embeddable":true,"href":"https:\/\/tiendaflex.ec\/en\/wp-json\/wp\/v2\/media\/15358"}],"wp:attachment":[{"href":"https:\/\/tiendaflex.ec\/en\/wp-json\/wp\/v2\/media?parent=15357"}],"wp:term":[{"taxonomy":"product_brand","embeddable":true,"href":"https:\/\/tiendaflex.ec\/en\/wp-json\/wp\/v2\/product_brand?post=15357"},{"taxonomy":"product_cat","embeddable":true,"href":"https:\/\/tiendaflex.ec\/en\/wp-json\/wp\/v2\/product_cat?post=15357"},{"taxonomy":"product_tag","embeddable":true,"href":"https:\/\/tiendaflex.ec\/en\/wp-json\/wp\/v2\/product_tag?post=15357"}],"curies":[{"name":"wp","href":"https:\/\/api.w.org\/{rel}","templated":true}]}}