{"id":15331,"date":"2025-04-01T20:40:09","date_gmt":"2025-04-02T01:40:09","guid":{"rendered":"https:\/\/tiendaflex.ec\/?post_type=product&#038;p=15331"},"modified":"2026-02-25T13:44:06","modified_gmt":"2026-02-25T18:44:06","slug":"atornillador-de-impacto-ryobi-one-hp-18v-1-4-pblid02b","status":"publish","type":"product","link":"https:\/\/tiendaflex.ec\/en\/product\/atornillador-de-impacto-ryobi-one-hp-18v-1-4-pblid02b\/","title":{"rendered":"ATORNILLADOR DE IMPACTO RYOBI ONE+ HP 18V &#8211; 1\/4\u201d (PBLID02B)"},"content":{"rendered":"","protected":false},"excerpt":{"rendered":"<p>El atornillador de impacto RYOBI ONE+ HP de 18V te ofrece un 25% m\u00e1s de velocidad y hasta 2200 in-lbs de torque, permiti\u00e9ndote enfrentar cualquier proyecto con facilidad. Gracias a su mecanismo de impacto optimizado alcanza hasta 4000 IPM, garantizando mayor eficiencia en cada aplicaci\u00f3n.<\/p>\n<ul>\n<li>Marca RYOBI<\/li>\n<\/ul>\n<p>\ud83c\udf1f CARACTER\u00cdSTICAS DESTACADAS \ud83c\udf1f<br \/>\n\u2705 Motor sin escobillas \u2013 Mayor rendimiento y durabilidad \ud83d\udcaa<br \/>\n\u2705 4 modos de control \u2013 Ajusta la potencia seg\u00fan la necesidad del trabajo \ud83d\udd27<br \/>\n\u2705 2200 in-lbs de torque \u2013 M\u00e1xima fuerza para trabajos exigentes \u2699\ufe0f<br \/>\n\u2705 Hasta 4000 IPM \u2013 Impactos por minuto optimizados para mayor rapidez \u26a1<\/p>\n<p>\ud83d\udce6 INCLUYE \ud83d\udce6<br \/>\n\u2714\ufe0f Atornillador de impacto de 1\/4\u201d sin escobillas ONE+ HP de 18V<\/p>\n<p>\ud83d\udcde Cont\u00e1ctanos para m\u00e1s informaci\u00f3n: +593984123231<\/p>","protected":false},"featured_media":15332,"comment_status":"open","ping_status":"closed","template":"","meta":{"_acf_changed":false},"product_brand":[],"product_cat":[544,595],"product_tag":[],"class_list":{"0":"post-15331","1":"product","2":"type-product","3":"status-publish","4":"has-post-thumbnail","6":"product_cat-agricultura-e-industria","7":"product_cat-atornilladores-y-destornilladores","9":"first","10":"instock","11":"sale","12":"taxable","13":"shipping-taxable","14":"purchasable","15":"product-type-simple"},"acf":[],"_links":{"self":[{"href":"https:\/\/tiendaflex.ec\/en\/wp-json\/wp\/v2\/product\/15331","targetHints":{"allow":["GET"]}}],"collection":[{"href":"https:\/\/tiendaflex.ec\/en\/wp-json\/wp\/v2\/product"}],"about":[{"href":"https:\/\/tiendaflex.ec\/en\/wp-json\/wp\/v2\/types\/product"}],"replies":[{"embeddable":true,"href":"https:\/\/tiendaflex.ec\/en\/wp-json\/wp\/v2\/comments?post=15331"}],"version-history":[{"count":2,"href":"https:\/\/tiendaflex.ec\/en\/wp-json\/wp\/v2\/product\/15331\/revisions"}],"predecessor-version":[{"id":23258,"href":"https:\/\/tiendaflex.ec\/en\/wp-json\/wp\/v2\/product\/15331\/revisions\/23258"}],"wp:featuredmedia":[{"embeddable":true,"href":"https:\/\/tiendaflex.ec\/en\/wp-json\/wp\/v2\/media\/15332"}],"wp:attachment":[{"href":"https:\/\/tiendaflex.ec\/en\/wp-json\/wp\/v2\/media?parent=15331"}],"wp:term":[{"taxonomy":"product_brand","embeddable":true,"href":"https:\/\/tiendaflex.ec\/en\/wp-json\/wp\/v2\/product_brand?post=15331"},{"taxonomy":"product_cat","embeddable":true,"href":"https:\/\/tiendaflex.ec\/en\/wp-json\/wp\/v2\/product_cat?post=15331"},{"taxonomy":"product_tag","embeddable":true,"href":"https:\/\/tiendaflex.ec\/en\/wp-json\/wp\/v2\/product_tag?post=15331"}],"curies":[{"name":"wp","href":"https:\/\/api.w.org\/{rel}","templated":true}]}}