{"id":15282,"date":"2025-03-31T20:30:09","date_gmt":"2025-04-01T01:30:09","guid":{"rendered":"https:\/\/tiendaflex.ec\/?post_type=product&#038;p=15282"},"modified":"2025-04-15T23:08:01","modified_gmt":"2025-04-16T04:08:01","slug":"cerradura-inteligente-wifi-tuya-smart-5-pistones-apertura-huella-2","status":"publish","type":"product","link":"https:\/\/tiendaflex.ec\/en\/product\/cerradura-inteligente-wifi-tuya-smart-5-pistones-apertura-huella-2\/","title":{"rendered":"CERRADURA INTELIGENTE WIFI \u2013 TUYA SMART \u2013 5 PISTONES \u2013 APERTURA HUELLA"},"content":{"rendered":"","protected":false},"excerpt":{"rendered":"<p>\u00a1Aprovecha nuestras MEGAS OFERTAS y asegura tu hogar o negocio con la \u00faltima tecnolog\u00eda en cerraduras inteligentes! \ud83c\udf1f<\/p>\n<p>La Cerradura Inteligente Wifi Tuya Smart ofrece m\u00e1xima seguridad y comodidad con 5 m\u00e9todos de apertura para tu puerta: huella digital, contrase\u00f1a, tarjeta de aproximaci\u00f3n, llave f\u00edsica de emergencia y apertura remota desde la aplicaci\u00f3n gratuita. Compatible con Smart Life y Tuya Smart, la soluci\u00f3n perfecta para un hogar inteligente.<\/p>\n<p>\ud83d\udd39 Caracter\u00edsticas:<br \/>\n\u2714 M\u00e9todos de apertura: 5 opciones (huella digital, contrase\u00f1a, tarjeta, llave f\u00edsica y apertura remota).<br \/>\n\u2714 Capacidad:<\/p>\n<p>Tarjetas: Hasta 100<br \/>\nHuella digital: Hasta 100 huellas<br \/>\nContrase\u00f1as: 9 contrase\u00f1as, 6 d\u00edgitos cada una<br \/>\n\u2714 Seguridad: Bloqueo con 5 pistones y alarma antisabotaje.<br \/>\n\u2714 Bater\u00eda: Funciona con 4 bater\u00edas AA (aproximadamente 5000 aperturas).<br \/>\n\u2714 Advertencia de bater\u00eda baja: Aviso con 50 aperturas restantes.<br \/>\n\u2714 Compatibilidad de puerta: Espesor de 38mm \u2013 60mm.<br \/>\n\u2714 Posici\u00f3n: Bidireccional.<br \/>\n\u2714 Tipo de tarjeta: MIFARE.<br \/>\n\ud83d\udd39 Incluye:<br \/>\n\u2714 Cerradura Smart<br \/>\n\u2714 Bloqueo de 5 pistones<br \/>\n\u2714 2 Tarjetas maestras<br \/>\n\u2714 2 Llaves de emergencia<br \/>\n\u2714 Plantillas de instalaci\u00f3n<br \/>\n\u2714 Manual de usuario y video tutorial de instalaci\u00f3n<\/p>\n<p>\ud83d\udcde Cont\u00e1ctanos para m\u00e1s informaci\u00f3n: +593984123231<\/p>","protected":false},"featured_media":15283,"comment_status":"open","ping_status":"closed","template":"","meta":{"_acf_changed":false},"product_brand":[],"product_cat":[592,547],"product_tag":[],"class_list":{"0":"post-15282","1":"product","2":"type-product","3":"status-publish","4":"has-post-thumbnail","6":"product_cat-cerraduras","7":"product_cat-tecnologia-del-hogar","9":"first","10":"instock","11":"sale","12":"taxable","13":"shipping-taxable","14":"purchasable","15":"product-type-simple"},"acf":[],"_links":{"self":[{"href":"https:\/\/tiendaflex.ec\/en\/wp-json\/wp\/v2\/product\/15282","targetHints":{"allow":["GET"]}}],"collection":[{"href":"https:\/\/tiendaflex.ec\/en\/wp-json\/wp\/v2\/product"}],"about":[{"href":"https:\/\/tiendaflex.ec\/en\/wp-json\/wp\/v2\/types\/product"}],"replies":[{"embeddable":true,"href":"https:\/\/tiendaflex.ec\/en\/wp-json\/wp\/v2\/comments?post=15282"}],"version-history":[{"count":2,"href":"https:\/\/tiendaflex.ec\/en\/wp-json\/wp\/v2\/product\/15282\/revisions"}],"predecessor-version":[{"id":15285,"href":"https:\/\/tiendaflex.ec\/en\/wp-json\/wp\/v2\/product\/15282\/revisions\/15285"}],"wp:featuredmedia":[{"embeddable":true,"href":"https:\/\/tiendaflex.ec\/en\/wp-json\/wp\/v2\/media\/15283"}],"wp:attachment":[{"href":"https:\/\/tiendaflex.ec\/en\/wp-json\/wp\/v2\/media?parent=15282"}],"wp:term":[{"taxonomy":"product_brand","embeddable":true,"href":"https:\/\/tiendaflex.ec\/en\/wp-json\/wp\/v2\/product_brand?post=15282"},{"taxonomy":"product_cat","embeddable":true,"href":"https:\/\/tiendaflex.ec\/en\/wp-json\/wp\/v2\/product_cat?post=15282"},{"taxonomy":"product_tag","embeddable":true,"href":"https:\/\/tiendaflex.ec\/en\/wp-json\/wp\/v2\/product_tag?post=15282"}],"curies":[{"name":"wp","href":"https:\/\/api.w.org\/{rel}","templated":true}]}}