{"id":15256,"date":"2025-03-31T20:07:43","date_gmt":"2025-04-01T01:07:43","guid":{"rendered":"https:\/\/tiendaflex.ec\/?post_type=product&#038;p=15256"},"modified":"2026-02-25T14:45:15","modified_gmt":"2026-02-25T19:45:15","slug":"kit-de-ventilador-nebulizador-de-18v-one-whisper-series-de-7-5-con-cubeta","status":"publish","type":"product","link":"https:\/\/tiendaflex.ec\/en\/product\/kit-de-ventilador-nebulizador-de-18v-one-whisper-series-de-7-5-con-cubeta\/","title":{"rendered":"Kit de Ventilador Nebulizador de 18V ONE+ Whisper Series de 7.5\u201d con Cubeta"},"content":{"rendered":"","protected":false},"excerpt":{"rendered":"<p>Mantente fresco y c\u00f3modo con el ventilador nebulizador RYOBI ONE+ de 18V, ahora parte de la SERIE WHISPER, ofreciendo un 44% menos de ruido sin comprometer su potencia. Perfecto para exteriores, garantiza hasta 4.2 m de cobertura con m\u00e1s de 5 horas de funcionamiento continuo.<\/p>\n<ul>\n<li>Marca: RYOBI<\/li>\n<\/ul>\n<p>\u2705 SERIE WHISPER \u2013 Un 44% m\u00e1s silencioso.<br \/>\n\u2705 Gran cobertura \u2013 Nebulizaci\u00f3n de hasta 4.2 metros.<br \/>\n\u2705 Doble velocidad y nebulizaci\u00f3n \u2013 Personaliza tu experiencia.<br \/>\n\u2705 Cabezal pivotante \u2013 Dirige el flujo de aire\/nebulizaci\u00f3n a donde lo necesites.<br \/>\n\u2705 Vers\u00e1til y port\u00e1til \u2013 Se conecta a mangueras de jard\u00edn est\u00e1ndar o usa agua desde cubetas de 5 galones.<br \/>\n\u2705 Compatible con el sistema RYOBI ONE+ de 18V \u2013 Usa cualquier bater\u00eda ONE+ de 18V.<br \/>\n\u2705 Dise\u00f1o robusto con asa y almacenamiento integrado \u2013 F\u00e1cil de transportar y guardar.<\/p>\n<p>\ud83d\udcde Cont\u00e1ctanos para m\u00e1s informaci\u00f3n: +593984123231<\/p>","protected":false},"featured_media":15257,"comment_status":"open","ping_status":"closed","template":"","meta":{"_acf_changed":false},"product_brand":[],"product_cat":[544,590],"product_tag":[],"class_list":{"0":"post-15256","1":"product","2":"type-product","3":"status-publish","4":"has-post-thumbnail","6":"product_cat-agricultura-e-industria","7":"product_cat-ventiladores","9":"first","10":"instock","11":"sale","12":"taxable","13":"shipping-taxable","14":"purchasable","15":"product-type-simple"},"acf":[],"_links":{"self":[{"href":"https:\/\/tiendaflex.ec\/en\/wp-json\/wp\/v2\/product\/15256","targetHints":{"allow":["GET"]}}],"collection":[{"href":"https:\/\/tiendaflex.ec\/en\/wp-json\/wp\/v2\/product"}],"about":[{"href":"https:\/\/tiendaflex.ec\/en\/wp-json\/wp\/v2\/types\/product"}],"replies":[{"embeddable":true,"href":"https:\/\/tiendaflex.ec\/en\/wp-json\/wp\/v2\/comments?post=15256"}],"version-history":[{"count":2,"href":"https:\/\/tiendaflex.ec\/en\/wp-json\/wp\/v2\/product\/15256\/revisions"}],"predecessor-version":[{"id":23748,"href":"https:\/\/tiendaflex.ec\/en\/wp-json\/wp\/v2\/product\/15256\/revisions\/23748"}],"wp:featuredmedia":[{"embeddable":true,"href":"https:\/\/tiendaflex.ec\/en\/wp-json\/wp\/v2\/media\/15257"}],"wp:attachment":[{"href":"https:\/\/tiendaflex.ec\/en\/wp-json\/wp\/v2\/media?parent=15256"}],"wp:term":[{"taxonomy":"product_brand","embeddable":true,"href":"https:\/\/tiendaflex.ec\/en\/wp-json\/wp\/v2\/product_brand?post=15256"},{"taxonomy":"product_cat","embeddable":true,"href":"https:\/\/tiendaflex.ec\/en\/wp-json\/wp\/v2\/product_cat?post=15256"},{"taxonomy":"product_tag","embeddable":true,"href":"https:\/\/tiendaflex.ec\/en\/wp-json\/wp\/v2\/product_tag?post=15256"}],"curies":[{"name":"wp","href":"https:\/\/api.w.org\/{rel}","templated":true}]}}