{"id":15226,"date":"2025-03-31T19:34:22","date_gmt":"2025-04-01T00:34:22","guid":{"rendered":"https:\/\/tiendaflex.ec\/?post_type=product&#038;p=15226"},"modified":"2026-02-19T18:43:05","modified_gmt":"2026-02-19T23:43:05","slug":"base-chaide-chaide-tapiz-soporte-firme-y-duradero","status":"publish","type":"product","link":"https:\/\/tiendaflex.ec\/en\/product\/base-chaide-chaide-tapiz-soporte-firme-y-duradero\/","title":{"rendered":"Base TAPIZ Chaide &#038; Chaide"},"content":{"rendered":"","protected":false},"excerpt":{"rendered":"<p>La Base Chaide &amp; Chaide es el complemento ideal para tu colch\u00f3n, brindando estabilidad y resistencia para un descanso pleno. Su dise\u00f1o s\u00f3lido y materiales de alta calidad garantizan una mayor durabilidad y confort.\u00bb<\/p>\n<p>\u2705 Estructura reforzada \u2013 Soporte firme y resistente.<br \/>\n\u2705 Mayor estabilidad \u2013 Evita movimientos y prolonga la vida \u00fatil del colch\u00f3n.<br \/>\n\u2705 Dise\u00f1o moderno y funcional \u2013 Se adapta a cualquier estilo de habitaci\u00f3n.<br \/>\n\u2705 Disponible en varios tama\u00f1os \u2013 Ideal para todas las necesidades de descanso.<\/p>\n<p>\ud83d\udcde Cont\u00e1ctanos para m\u00e1s informaci\u00f3n: +593984123231<\/p>","protected":false},"featured_media":15227,"comment_status":"open","ping_status":"closed","template":"","meta":{"_acf_changed":false},"product_brand":[],"product_cat":[577,542],"product_tag":[],"class_list":{"0":"post-15226","1":"product","2":"type-product","3":"status-publish","4":"has-post-thumbnail","6":"product_cat-bases-de-cama","7":"product_cat-muebles","9":"first","10":"instock","11":"sale","12":"taxable","13":"shipping-taxable","14":"purchasable","15":"product-type-variable"},"acf":[],"_links":{"self":[{"href":"https:\/\/tiendaflex.ec\/en\/wp-json\/wp\/v2\/product\/15226","targetHints":{"allow":["GET"]}}],"collection":[{"href":"https:\/\/tiendaflex.ec\/en\/wp-json\/wp\/v2\/product"}],"about":[{"href":"https:\/\/tiendaflex.ec\/en\/wp-json\/wp\/v2\/types\/product"}],"replies":[{"embeddable":true,"href":"https:\/\/tiendaflex.ec\/en\/wp-json\/wp\/v2\/comments?post=15226"}],"version-history":[{"count":3,"href":"https:\/\/tiendaflex.ec\/en\/wp-json\/wp\/v2\/product\/15226\/revisions"}],"predecessor-version":[{"id":15521,"href":"https:\/\/tiendaflex.ec\/en\/wp-json\/wp\/v2\/product\/15226\/revisions\/15521"}],"wp:featuredmedia":[{"embeddable":true,"href":"https:\/\/tiendaflex.ec\/en\/wp-json\/wp\/v2\/media\/15227"}],"wp:attachment":[{"href":"https:\/\/tiendaflex.ec\/en\/wp-json\/wp\/v2\/media?parent=15226"}],"wp:term":[{"taxonomy":"product_brand","embeddable":true,"href":"https:\/\/tiendaflex.ec\/en\/wp-json\/wp\/v2\/product_brand?post=15226"},{"taxonomy":"product_cat","embeddable":true,"href":"https:\/\/tiendaflex.ec\/en\/wp-json\/wp\/v2\/product_cat?post=15226"},{"taxonomy":"product_tag","embeddable":true,"href":"https:\/\/tiendaflex.ec\/en\/wp-json\/wp\/v2\/product_tag?post=15226"}],"curies":[{"name":"wp","href":"https:\/\/api.w.org\/{rel}","templated":true}]}}