{"id":15217,"date":"2025-03-31T19:21:43","date_gmt":"2025-04-01T00:21:43","guid":{"rendered":"https:\/\/tiendaflex.ec\/?post_type=product&#038;p=15217"},"modified":"2025-09-08T23:01:24","modified_gmt":"2025-09-09T04:01:24","slug":"campana-extractora-cei-90crp","status":"publish","type":"product","link":"https:\/\/tiendaflex.ec\/en\/product\/campana-extractora-cei-90crp\/","title":{"rendered":"CEI-90CRP CAMPANA EXTRACTORA"},"content":{"rendered":"","protected":false},"excerpt":{"rendered":"<p>Mant\u00e9n tu cocina libre de humo y olores con la Campana Extractora CEI-90CRP, dise\u00f1ada para brindar m\u00e1xima eficiencia y un toque elegante con su acabado en acero inoxidable.\u00bb<\/p>\n<ul>\n<li>Marca: INDURAMA<\/li>\n<\/ul>\n<p>\u00ab\ud83d\udd39 Caracter\u00edsticas destacadas:<br \/>\n\u2714\ufe0f Poder de succi\u00f3n: 480 m\u00b3\/hr \u2013 Elimina eficazmente olores y vapores.<br \/>\n\u2714\ufe0f 3 velocidades \u2013 Ajusta la potencia seg\u00fan la intensidad de cocci\u00f3n.<br \/>\n\u2714\ufe0f Funcionamiento por ducto o recirculaci\u00f3n de aire \u2013 Adaptable a cualquier tipo de cocina.<br \/>\n\u2714\ufe0f Panel con pulsantes \u2013 F\u00e1cil control con un dise\u00f1o intuitivo.<br \/>\n\u2714\ufe0f 2 luces LED \u2013 Iluminaci\u00f3n eficiente y de bajo consumo.<\/p>\n<p>\ud83d\udd39 Especificaciones t\u00e9cnicas:<br \/>\n\ud83d\udd38 Voltaje \/ Frecuencia: 110V \/ 60 Hz<br \/>\n\ud83d\udd38 Acabados en acero inoxidable \u2013 Resistente y f\u00e1cil de limpiar.<\/p>\n<p>\ud83d\udd39 Accesorios incluidos:<br \/>\n\u2705 Filtros de aluminio lavables de 5 capas \u2013 Capturan la grasa y prolongan la vida \u00fatil del equipo.<br \/>\n\u2705 Filtro de carb\u00f3n \u2013 Ideal para la recirculaci\u00f3n de aire, eliminando olores no deseados.<\/p>\n<p>\u2022PRODUCTO<br \/>\nAlto 13,5 cm Ancho: 90 cm Prof: 49,4 cm<\/p>\n<p>\u2022PARA EMPOTRAR<br \/>\nAlto: 13,5 cm Ancho 90 cm Prof: 49,4 cm<\/p>\n<p>\ud83d\udcde Cont\u00e1ctanos para m\u00e1s informaci\u00f3n: +593984123231<\/p>","protected":false},"featured_media":15218,"comment_status":"open","ping_status":"closed","template":"","meta":{"_acf_changed":false},"product_brand":[],"product_cat":[585,549],"product_tag":[],"class_list":{"0":"post-15217","1":"product","2":"type-product","3":"status-publish","4":"has-post-thumbnail","6":"product_cat-campanas","7":"product_cat-electrodomesticos","9":"first","10":"instock","11":"sale","12":"taxable","13":"shipping-taxable","14":"purchasable","15":"product-type-simple"},"acf":[],"_links":{"self":[{"href":"https:\/\/tiendaflex.ec\/en\/wp-json\/wp\/v2\/product\/15217","targetHints":{"allow":["GET"]}}],"collection":[{"href":"https:\/\/tiendaflex.ec\/en\/wp-json\/wp\/v2\/product"}],"about":[{"href":"https:\/\/tiendaflex.ec\/en\/wp-json\/wp\/v2\/types\/product"}],"replies":[{"embeddable":true,"href":"https:\/\/tiendaflex.ec\/en\/wp-json\/wp\/v2\/comments?post=15217"}],"version-history":[{"count":5,"href":"https:\/\/tiendaflex.ec\/en\/wp-json\/wp\/v2\/product\/15217\/revisions"}],"predecessor-version":[{"id":23448,"href":"https:\/\/tiendaflex.ec\/en\/wp-json\/wp\/v2\/product\/15217\/revisions\/23448"}],"wp:featuredmedia":[{"embeddable":true,"href":"https:\/\/tiendaflex.ec\/en\/wp-json\/wp\/v2\/media\/15218"}],"wp:attachment":[{"href":"https:\/\/tiendaflex.ec\/en\/wp-json\/wp\/v2\/media?parent=15217"}],"wp:term":[{"taxonomy":"product_brand","embeddable":true,"href":"https:\/\/tiendaflex.ec\/en\/wp-json\/wp\/v2\/product_brand?post=15217"},{"taxonomy":"product_cat","embeddable":true,"href":"https:\/\/tiendaflex.ec\/en\/wp-json\/wp\/v2\/product_cat?post=15217"},{"taxonomy":"product_tag","embeddable":true,"href":"https:\/\/tiendaflex.ec\/en\/wp-json\/wp\/v2\/product_tag?post=15217"}],"curies":[{"name":"wp","href":"https:\/\/api.w.org\/{rel}","templated":true}]}}