{"id":15209,"date":"2025-03-31T19:02:19","date_gmt":"2025-04-01T00:02:19","guid":{"rendered":"https:\/\/tiendaflex.ec\/?post_type=product&#038;p=15209"},"modified":"2025-04-15T23:07:47","modified_gmt":"2025-04-16T04:07:47","slug":"sala-kanpur-comodidad-y-estilo-en-tu-hogar","status":"publish","type":"product","link":"https:\/\/tiendaflex.ec\/en\/product\/sala-kanpur-comodidad-y-estilo-en-tu-hogar\/","title":{"rendered":"Sala Kanpur"},"content":{"rendered":"","protected":false},"excerpt":{"rendered":"<p>Convierte tu sala en el centro de atenci\u00f3n con esta elegante y c\u00f3moda opci\u00f3n, perfecta para cualquier tipo de ambiente.<\/p>\n<p>\ud83d\udd39 Caracter\u00edsticas:<br \/>\n\u2705 Estructura en Madera Laurel Negro del Oriente \u2013 Resistente y de alta calidad.<br \/>\n\u2705 Tratamiento anti-insectos y microorganismos \u2013 Para mayor durabilidad y protecci\u00f3n.<br \/>\n\u2705 Esponja de alta densidad \u2013 Confort excepcional para tu comodidad.<br \/>\n\u2705 Color y tipo de tapiz \u2013 \u00a1A elecci\u00f3n del cliente! Personaliza a tu gusto.<br \/>\n\u2705 Color de la madera \u2013 \u00a1A elecci\u00f3n del cliente! Escoge el tono perfecto.<\/p>\n<p>\ud83d\udd39 Incluye:<br \/>\n\ud83d\udd38 Sala en L \u2013 Dise\u00f1ada para maximizar el espacio y brindar confort.<br \/>\n\ud83d\udd38 3 cojines peque\u00f1os \u2013 Para complementar el dise\u00f1o y a\u00f1adir mayor comodidad.<\/p>\n<p>Dimensiones Generales:<br \/>\nLongitud Total: 239 cm<br \/>\nProfundidad: 100 cm<br \/>\nAltura del Respaldo: 60 cm<br \/>\nAltura del Asiento: 45 cm<br \/>\nLongitud del Chaise Longue: 156 cm<br \/>\nAltura Total Chaise Longue: 75 cm<br \/>\nLongitud del brazo Chaise Longue: 89 cm<br \/>\nLongitud del Asiento principal: 151 cm<\/p>\n<p>\ud83d\udcde Cont\u00e1ctanos para m\u00e1s informaci\u00f3n: +593984123231<\/p>","protected":false},"featured_media":15210,"comment_status":"open","ping_status":"closed","template":"","meta":{"_acf_changed":false},"product_brand":[],"product_cat":[542,579],"product_tag":[],"class_list":{"0":"post-15209","1":"product","2":"type-product","3":"status-publish","4":"has-post-thumbnail","6":"product_cat-muebles","7":"product_cat-salas","9":"first","10":"instock","11":"sale","12":"taxable","13":"shipping-taxable","14":"purchasable","15":"product-type-simple"},"acf":[],"_links":{"self":[{"href":"https:\/\/tiendaflex.ec\/en\/wp-json\/wp\/v2\/product\/15209","targetHints":{"allow":["GET"]}}],"collection":[{"href":"https:\/\/tiendaflex.ec\/en\/wp-json\/wp\/v2\/product"}],"about":[{"href":"https:\/\/tiendaflex.ec\/en\/wp-json\/wp\/v2\/types\/product"}],"replies":[{"embeddable":true,"href":"https:\/\/tiendaflex.ec\/en\/wp-json\/wp\/v2\/comments?post=15209"}],"version-history":[{"count":2,"href":"https:\/\/tiendaflex.ec\/en\/wp-json\/wp\/v2\/product\/15209\/revisions"}],"predecessor-version":[{"id":15824,"href":"https:\/\/tiendaflex.ec\/en\/wp-json\/wp\/v2\/product\/15209\/revisions\/15824"}],"wp:featuredmedia":[{"embeddable":true,"href":"https:\/\/tiendaflex.ec\/en\/wp-json\/wp\/v2\/media\/15210"}],"wp:attachment":[{"href":"https:\/\/tiendaflex.ec\/en\/wp-json\/wp\/v2\/media?parent=15209"}],"wp:term":[{"taxonomy":"product_brand","embeddable":true,"href":"https:\/\/tiendaflex.ec\/en\/wp-json\/wp\/v2\/product_brand?post=15209"},{"taxonomy":"product_cat","embeddable":true,"href":"https:\/\/tiendaflex.ec\/en\/wp-json\/wp\/v2\/product_cat?post=15209"},{"taxonomy":"product_tag","embeddable":true,"href":"https:\/\/tiendaflex.ec\/en\/wp-json\/wp\/v2\/product_tag?post=15209"}],"curies":[{"name":"wp","href":"https:\/\/api.w.org\/{rel}","templated":true}]}}