{"id":15182,"date":"2025-03-31T18:38:59","date_gmt":"2025-03-31T23:38:59","guid":{"rendered":"https:\/\/tiendaflex.ec\/?post_type=product&#038;p=15182"},"modified":"2026-02-25T14:50:50","modified_gmt":"2026-02-25T19:50:50","slug":"kit-de-soplador-one-de-18v-y-350-cfm-ryobi","status":"publish","type":"product","link":"https:\/\/tiendaflex.ec\/en\/product\/kit-de-soplador-one-de-18v-y-350-cfm-ryobi\/","title":{"rendered":"Kit de Soplador ONE+ de 18V y 350 CFM \u2013 RYOBI"},"content":{"rendered":"","protected":false},"excerpt":{"rendered":"<p>Mant\u00e9n tu jard\u00edn y espacios exteriores impecables con el soplador RYOBI ONE+ de 18V. Dise\u00f1ado para ofrecer un rendimiento potente y sin esfuerzo, este equipo es ideal para superficies duras y hojas secas.\u00bb<\/p>\n<p>\u2705 Incluye:<br \/>\n\ud83d\udd39 Soplador ONE+ de 350 CFM y 100 MPH \u2013 Potencia \u00f3ptima para limpiar r\u00e1pidamente.<br \/>\n\ud83d\udd39 Bater\u00eda de 18V y 4 Ah \u2013 Hasta 70 minutos de autonom\u00eda.<br \/>\n\ud83d\udd39 Cargador ONE+ de 18V \u2013 Compatible con toda la l\u00ednea de herramientas ONE+.<\/p>\n<p>\ud83d\udd39 Caracter\u00edsticas Destacadas:<br \/>\n\u2714\ufe0f Gatillo de velocidad variable \u2013 Ajusta la potencia seg\u00fan la aplicaci\u00f3n.<br \/>\n\u2714\ufe0f Dise\u00f1o ligero y ergon\u00f3mico \u2013 F\u00e1cil de manejar y almacenar.<br \/>\n\u2714\ufe0f Parte del sistema RYOBI ONE+ \u2013 Compatible con todas las bater\u00edas ONE+ de 18V.<br \/>\n\u2714\ufe0f Sin cables ni gasolina \u2013 Mayor comodidad y libertad de movimiento.<\/p>\n<p>\ud83d\udcde Cont\u00e1ctanos para m\u00e1s informaci\u00f3n: +593984123231<\/p>","protected":false},"featured_media":15183,"comment_status":"open","ping_status":"closed","template":"","meta":{"_acf_changed":false},"product_brand":[],"product_cat":[544,583],"product_tag":[],"class_list":{"0":"post-15182","1":"product","2":"type-product","3":"status-publish","4":"has-post-thumbnail","6":"product_cat-agricultura-e-industria","7":"product_cat-sopladoras","9":"first","10":"instock","11":"sale","12":"taxable","13":"shipping-taxable","14":"purchasable","15":"product-type-simple"},"acf":[],"_links":{"self":[{"href":"https:\/\/tiendaflex.ec\/en\/wp-json\/wp\/v2\/product\/15182","targetHints":{"allow":["GET"]}}],"collection":[{"href":"https:\/\/tiendaflex.ec\/en\/wp-json\/wp\/v2\/product"}],"about":[{"href":"https:\/\/tiendaflex.ec\/en\/wp-json\/wp\/v2\/types\/product"}],"replies":[{"embeddable":true,"href":"https:\/\/tiendaflex.ec\/en\/wp-json\/wp\/v2\/comments?post=15182"}],"version-history":[{"count":5,"href":"https:\/\/tiendaflex.ec\/en\/wp-json\/wp\/v2\/product\/15182\/revisions"}],"predecessor-version":[{"id":26347,"href":"https:\/\/tiendaflex.ec\/en\/wp-json\/wp\/v2\/product\/15182\/revisions\/26347"}],"wp:featuredmedia":[{"embeddable":true,"href":"https:\/\/tiendaflex.ec\/en\/wp-json\/wp\/v2\/media\/15183"}],"wp:attachment":[{"href":"https:\/\/tiendaflex.ec\/en\/wp-json\/wp\/v2\/media?parent=15182"}],"wp:term":[{"taxonomy":"product_brand","embeddable":true,"href":"https:\/\/tiendaflex.ec\/en\/wp-json\/wp\/v2\/product_brand?post=15182"},{"taxonomy":"product_cat","embeddable":true,"href":"https:\/\/tiendaflex.ec\/en\/wp-json\/wp\/v2\/product_cat?post=15182"},{"taxonomy":"product_tag","embeddable":true,"href":"https:\/\/tiendaflex.ec\/en\/wp-json\/wp\/v2\/product_tag?post=15182"}],"curies":[{"name":"wp","href":"https:\/\/api.w.org\/{rel}","templated":true}]}}