{"id":15173,"date":"2025-03-31T18:26:39","date_gmt":"2025-03-31T23:26:39","guid":{"rendered":"https:\/\/tiendaflex.ec\/?post_type=product&#038;p=15173"},"modified":"2025-04-15T23:07:39","modified_gmt":"2025-04-16T04:07:39","slug":"kit-alarma-comunitaria-con-sirena-potente-maadok","status":"publish","type":"product","link":"https:\/\/tiendaflex.ec\/en\/product\/kit-alarma-comunitaria-con-sirena-potente-maadok\/","title":{"rendered":"KIT ALARMA COMUNITARIA CON SIRENA POTENTE \u2013 MAADOK"},"content":{"rendered":"","protected":false},"excerpt":{"rendered":"<p>\u00a1Aprovecha nuestras MEGA OFERTAS! \ud83c\udf1f No dejes pasar esta oferta especial para mantener tu hogar o negocio a salvo. Activaci\u00f3n mediante App M\u00f3vil o Control Remoto. \u00a1Tu seguridad al alcance de tu mano!<\/p>\n<p>\ud83d\udd39 Caracter\u00edsticas principales:<br \/>\n\u2705 Aplicaci\u00f3n compatible: TuyaSmart \/ SmartLife<br \/>\n\u2705 Compatible con Amazon Alexa y GoogleHome<br \/>\n\u2705 Conexi\u00f3n Wifi 2.4GHz \u2013 Sin cables, m\u00e1s comodidad<br \/>\n\u2705 Sirena impermeable para exterior \u2013 Potente, 90W de sonido, 110VAC<br \/>\n\u2705 Admite hasta 65 usuarios \u2013 Escalable hasta 255 usuarios<br \/>\n\u2705 Hasta 16 controles remotos \u2013 Acceso flexible y f\u00e1cil<br \/>\n\u2705 Frecuencia control remoto: 433 MHz<\/p>\n<p>\ud83d\udd39 Incluye:<br \/>\n\ud83d\udd38 1 Switch 110VAC<br \/>\n\ud83d\udd38 1 Control remoto<br \/>\n\ud83d\udd38 1 Bot\u00f3n de p\u00e1nico Wifi \u2013 Para emergencias r\u00e1pidas<br \/>\n\ud83d\udd38 1 Sirena 90W \u2013 Sonido potente para alertas efectivas<\/p>\n<p>\ud83d\udcde Cont\u00e1ctanos para m\u00e1s informaci\u00f3n: +593984123231<\/p>","protected":false},"featured_media":15176,"comment_status":"open","ping_status":"closed","template":"","meta":{"_acf_changed":false},"product_brand":[],"product_cat":[580,547],"product_tag":[],"class_list":{"0":"post-15173","1":"product","2":"type-product","3":"status-publish","4":"has-post-thumbnail","6":"product_cat-alarmas","7":"product_cat-tecnologia-del-hogar","9":"first","10":"instock","11":"sale","12":"taxable","13":"shipping-taxable","14":"purchasable","15":"product-type-simple"},"acf":[],"_links":{"self":[{"href":"https:\/\/tiendaflex.ec\/en\/wp-json\/wp\/v2\/product\/15173","targetHints":{"allow":["GET"]}}],"collection":[{"href":"https:\/\/tiendaflex.ec\/en\/wp-json\/wp\/v2\/product"}],"about":[{"href":"https:\/\/tiendaflex.ec\/en\/wp-json\/wp\/v2\/types\/product"}],"replies":[{"embeddable":true,"href":"https:\/\/tiendaflex.ec\/en\/wp-json\/wp\/v2\/comments?post=15173"}],"version-history":[{"count":1,"href":"https:\/\/tiendaflex.ec\/en\/wp-json\/wp\/v2\/product\/15173\/revisions"}],"predecessor-version":[{"id":15174,"href":"https:\/\/tiendaflex.ec\/en\/wp-json\/wp\/v2\/product\/15173\/revisions\/15174"}],"wp:featuredmedia":[{"embeddable":true,"href":"https:\/\/tiendaflex.ec\/en\/wp-json\/wp\/v2\/media\/15176"}],"wp:attachment":[{"href":"https:\/\/tiendaflex.ec\/en\/wp-json\/wp\/v2\/media?parent=15173"}],"wp:term":[{"taxonomy":"product_brand","embeddable":true,"href":"https:\/\/tiendaflex.ec\/en\/wp-json\/wp\/v2\/product_brand?post=15173"},{"taxonomy":"product_cat","embeddable":true,"href":"https:\/\/tiendaflex.ec\/en\/wp-json\/wp\/v2\/product_cat?post=15173"},{"taxonomy":"product_tag","embeddable":true,"href":"https:\/\/tiendaflex.ec\/en\/wp-json\/wp\/v2\/product_tag?post=15173"}],"curies":[{"name":"wp","href":"https:\/\/api.w.org\/{rel}","templated":true}]}}