{"id":15169,"date":"2025-03-31T18:23:35","date_gmt":"2025-03-31T23:23:35","guid":{"rendered":"https:\/\/tiendaflex.ec\/?post_type=product&#038;p=15169"},"modified":"2025-04-15T23:07:39","modified_gmt":"2025-04-16T04:07:39","slug":"sala-ontario-estilo-y-confort-para-tu-hogar","status":"publish","type":"product","link":"https:\/\/tiendaflex.ec\/en\/product\/sala-ontario-estilo-y-confort-para-tu-hogar\/","title":{"rendered":"Sala Ontario"},"content":{"rendered":"","protected":false},"excerpt":{"rendered":"<p>Con la Sala Ontario, disfruta de la m\u00e1xima comodidad y dise\u00f1o con un toque de elegancia. Perfecta para cualquier espacio.<\/p>\n<p>\ud83d\udd39 Caracter\u00edsticas:<br \/>\n\u2705 Estructura en Madera Laurel Negro del Oriente \u2013 Alta calidad y durabilidad.<br \/>\n\u2705 Tratamiento anti-insectos y microorganismos \u2013 Protege tu mueble y prolonga su vida \u00fatil.<br \/>\n\u2705 Esponja de alta densidad \u2013 Comodidad y firmeza en cada asiento.<br \/>\n\u2705 Color y tipo de tapiz \u2013 \u00a1A elecci\u00f3n del cliente! Personaliza el estilo de tu sala.<br \/>\n\u2705 Color de la madera \u2013 \u00a1A elecci\u00f3n del cliente! Escoge el tono que mejor se ajuste a tu decoraci\u00f3n.<\/p>\n<p>\ud83d\udd39 Incluye:<br \/>\n\ud83d\udd38 Sala en L \u2013 Ideal para espacios amplios.<br \/>\n\ud83d\udd38 3 cojines peque\u00f1os \u2013 Para mayor comodidad y estilo.<\/p>\n<p>\ud83d\udd39 Medidas:<br \/>\n\ud83d\udccf 3 x 1.69 metros \u2013 Perfecta para adaptarse a cualquier espacio.<\/p>\n<p>\ud83d\udcde Cont\u00e1ctanos para m\u00e1s informaci\u00f3n: +593984123231<\/p>","protected":false},"featured_media":15170,"comment_status":"open","ping_status":"closed","template":"","meta":{"_acf_changed":false},"product_brand":[],"product_cat":[542,579],"product_tag":[],"class_list":{"0":"post-15169","1":"product","2":"type-product","3":"status-publish","4":"has-post-thumbnail","6":"product_cat-muebles","7":"product_cat-salas","9":"first","10":"instock","11":"sale","12":"taxable","13":"shipping-taxable","14":"purchasable","15":"product-type-simple"},"acf":[],"_links":{"self":[{"href":"https:\/\/tiendaflex.ec\/en\/wp-json\/wp\/v2\/product\/15169","targetHints":{"allow":["GET"]}}],"collection":[{"href":"https:\/\/tiendaflex.ec\/en\/wp-json\/wp\/v2\/product"}],"about":[{"href":"https:\/\/tiendaflex.ec\/en\/wp-json\/wp\/v2\/types\/product"}],"replies":[{"embeddable":true,"href":"https:\/\/tiendaflex.ec\/en\/wp-json\/wp\/v2\/comments?post=15169"}],"version-history":[{"count":3,"href":"https:\/\/tiendaflex.ec\/en\/wp-json\/wp\/v2\/product\/15169\/revisions"}],"predecessor-version":[{"id":15827,"href":"https:\/\/tiendaflex.ec\/en\/wp-json\/wp\/v2\/product\/15169\/revisions\/15827"}],"wp:featuredmedia":[{"embeddable":true,"href":"https:\/\/tiendaflex.ec\/en\/wp-json\/wp\/v2\/media\/15170"}],"wp:attachment":[{"href":"https:\/\/tiendaflex.ec\/en\/wp-json\/wp\/v2\/media?parent=15169"}],"wp:term":[{"taxonomy":"product_brand","embeddable":true,"href":"https:\/\/tiendaflex.ec\/en\/wp-json\/wp\/v2\/product_brand?post=15169"},{"taxonomy":"product_cat","embeddable":true,"href":"https:\/\/tiendaflex.ec\/en\/wp-json\/wp\/v2\/product_cat?post=15169"},{"taxonomy":"product_tag","embeddable":true,"href":"https:\/\/tiendaflex.ec\/en\/wp-json\/wp\/v2\/product_tag?post=15169"}],"curies":[{"name":"wp","href":"https:\/\/api.w.org\/{rel}","templated":true}]}}