{"id":15151,"date":"2025-03-31T17:52:51","date_gmt":"2025-03-31T22:52:51","guid":{"rendered":"https:\/\/tiendaflex.ec\/?post_type=product&#038;p=15151"},"modified":"2026-02-19T18:52:23","modified_gmt":"2026-02-19T23:52:23","slug":"base-imperial-chaide-chaide","status":"publish","type":"product","link":"https:\/\/tiendaflex.ec\/en\/product\/base-imperial-chaide-chaide\/","title":{"rendered":"Base Imperial &#8211; CHAIDE &#038; CHAIDE"},"content":{"rendered":"","protected":false},"excerpt":{"rendered":"<p>Descansa con la m\u00e1xima calidad y confort en la Base Imperial de CHAIDE &amp; CHAIDE. Su estructura resistente y dise\u00f1o cl\u00e1sico la convierten en la opci\u00f3n ideal para cualquier dormitorio, ofreciendo el soporte necesario para un descanso reparador.\u00bb<\/p>\n<p>\u2705 Estructura s\u00f3lida \u2013 Resistencia y durabilidad garantizadas.<br \/>\n\u2705 Dise\u00f1o elegante \u2013 Combina con cualquier estilo de decoraci\u00f3n.<br \/>\n\u2705 Soporte firme \u2013 Prolonga la vida \u00fatil de tu colch\u00f3n y evita hundimientos.<br \/>\n\u2705 Variedad de tama\u00f1os \u2013 Se ajusta a todas tus necesidades de descanso.<\/p>\n<p>\ud83d\udcde Cont\u00e1ctanos para m\u00e1s informaci\u00f3n: +593984123231<\/p>","protected":false},"featured_media":15152,"comment_status":"open","ping_status":"closed","template":"","meta":{"_acf_changed":false},"product_brand":[],"product_cat":[577,542],"product_tag":[],"class_list":{"0":"post-15151","1":"product","2":"type-product","3":"status-publish","4":"has-post-thumbnail","6":"product_cat-bases-de-cama","7":"product_cat-muebles","9":"first","10":"instock","11":"sale","12":"taxable","13":"shipping-taxable","14":"purchasable","15":"product-type-variable"},"acf":[],"_links":{"self":[{"href":"https:\/\/tiendaflex.ec\/en\/wp-json\/wp\/v2\/product\/15151","targetHints":{"allow":["GET"]}}],"collection":[{"href":"https:\/\/tiendaflex.ec\/en\/wp-json\/wp\/v2\/product"}],"about":[{"href":"https:\/\/tiendaflex.ec\/en\/wp-json\/wp\/v2\/types\/product"}],"replies":[{"embeddable":true,"href":"https:\/\/tiendaflex.ec\/en\/wp-json\/wp\/v2\/comments?post=15151"}],"version-history":[{"count":2,"href":"https:\/\/tiendaflex.ec\/en\/wp-json\/wp\/v2\/product\/15151\/revisions"}],"predecessor-version":[{"id":15157,"href":"https:\/\/tiendaflex.ec\/en\/wp-json\/wp\/v2\/product\/15151\/revisions\/15157"}],"wp:featuredmedia":[{"embeddable":true,"href":"https:\/\/tiendaflex.ec\/en\/wp-json\/wp\/v2\/media\/15152"}],"wp:attachment":[{"href":"https:\/\/tiendaflex.ec\/en\/wp-json\/wp\/v2\/media?parent=15151"}],"wp:term":[{"taxonomy":"product_brand","embeddable":true,"href":"https:\/\/tiendaflex.ec\/en\/wp-json\/wp\/v2\/product_brand?post=15151"},{"taxonomy":"product_cat","embeddable":true,"href":"https:\/\/tiendaflex.ec\/en\/wp-json\/wp\/v2\/product_cat?post=15151"},{"taxonomy":"product_tag","embeddable":true,"href":"https:\/\/tiendaflex.ec\/en\/wp-json\/wp\/v2\/product_tag?post=15151"}],"curies":[{"name":"wp","href":"https:\/\/api.w.org\/{rel}","templated":true}]}}