{"id":15132,"date":"2025-03-31T17:21:46","date_gmt":"2025-03-31T22:21:46","guid":{"rendered":"https:\/\/tiendaflex.ec\/?post_type=product&#038;p=15132"},"modified":"2025-04-15T23:07:32","modified_gmt":"2025-04-16T04:07:32","slug":"sala-victoria","status":"publish","type":"product","link":"https:\/\/tiendaflex.ec\/en\/product\/sala-victoria\/","title":{"rendered":"SALA VICTORIA"},"content":{"rendered":"","protected":false},"excerpt":{"rendered":"<p>Descubre la Sala Victoria, una combinaci\u00f3n perfecta de durabilidad, comodidad y estilo, dise\u00f1ada para adaptarse a tu espacio y preferencias.<\/p>\n<p>\u2705 Estructura en Madera Laurel Negro del Oriente \u2013 Resistente y de alta calidad.<br \/>\n\u2705 Tratamiento anti-insectos y microorganismos \u2013 Mayor durabilidad y protecci\u00f3n.<br \/>\n\u2705 Esponja de alta densidad \u2013 M\u00e1ximo confort y soporte.<br \/>\n\u2705 Tapiz y color a elecci\u00f3n \u2013 Personaliza tu sala a tu gusto.<br \/>\n\u2705 Color de la madera a elecci\u00f3n \u2013 Armoniza con tu decoraci\u00f3n.<\/p>\n<p>\ud83d\udce6 INCLUYE:<br \/>\n\ud83d\udd39 Sof\u00e1 triple<br \/>\n\ud83d\udd39 Poltrona<br \/>\n\ud83d\udd39 4 Cojines peque\u00f1os<\/p>\n<p>\ud83d\udcb0 Precio en efectivo: $645<\/p>\n<p>\ud83d\udccd Disponible en Tienda Flex<br \/>\n\ud83d\ude9a Env\u00edos a todo el pa\u00eds<br \/>\n\ud83d\udcde Cont\u00e1ctanos para m\u00e1s informaci\u00f3n: +593984123231<\/p>","protected":false},"featured_media":15133,"comment_status":"open","ping_status":"closed","template":"","meta":{"_acf_changed":false},"product_brand":[],"product_cat":[542,579],"product_tag":[],"class_list":{"0":"post-15132","1":"product","2":"type-product","3":"status-publish","4":"has-post-thumbnail","6":"product_cat-muebles","7":"product_cat-salas","9":"first","10":"instock","11":"sale","12":"taxable","13":"shipping-taxable","14":"purchasable","15":"product-type-simple"},"acf":[],"_links":{"self":[{"href":"https:\/\/tiendaflex.ec\/en\/wp-json\/wp\/v2\/product\/15132","targetHints":{"allow":["GET"]}}],"collection":[{"href":"https:\/\/tiendaflex.ec\/en\/wp-json\/wp\/v2\/product"}],"about":[{"href":"https:\/\/tiendaflex.ec\/en\/wp-json\/wp\/v2\/types\/product"}],"replies":[{"embeddable":true,"href":"https:\/\/tiendaflex.ec\/en\/wp-json\/wp\/v2\/comments?post=15132"}],"version-history":[{"count":2,"href":"https:\/\/tiendaflex.ec\/en\/wp-json\/wp\/v2\/product\/15132\/revisions"}],"predecessor-version":[{"id":15301,"href":"https:\/\/tiendaflex.ec\/en\/wp-json\/wp\/v2\/product\/15132\/revisions\/15301"}],"wp:featuredmedia":[{"embeddable":true,"href":"https:\/\/tiendaflex.ec\/en\/wp-json\/wp\/v2\/media\/15133"}],"wp:attachment":[{"href":"https:\/\/tiendaflex.ec\/en\/wp-json\/wp\/v2\/media?parent=15132"}],"wp:term":[{"taxonomy":"product_brand","embeddable":true,"href":"https:\/\/tiendaflex.ec\/en\/wp-json\/wp\/v2\/product_brand?post=15132"},{"taxonomy":"product_cat","embeddable":true,"href":"https:\/\/tiendaflex.ec\/en\/wp-json\/wp\/v2\/product_cat?post=15132"},{"taxonomy":"product_tag","embeddable":true,"href":"https:\/\/tiendaflex.ec\/en\/wp-json\/wp\/v2\/product_tag?post=15132"}],"curies":[{"name":"wp","href":"https:\/\/api.w.org\/{rel}","templated":true}]}}