{"id":15112,"date":"2025-03-28T10:08:29","date_gmt":"2025-03-28T15:08:29","guid":{"rendered":"https:\/\/tiendaflex.ec\/?post_type=product&#038;p=15112"},"modified":"2026-02-25T13:32:34","modified_gmt":"2026-02-25T18:32:34","slug":"barrena-de-drenaje-hibrida-one-de-18v-p4002","status":"publish","type":"product","link":"https:\/\/tiendaflex.ec\/en\/product\/barrena-de-drenaje-hibrida-one-de-18v-p4002\/","title":{"rendered":"BARRENA DE DRENAJE H\u00cdBRIDA ONE+\u2122 DE 18V &#8211; P4002"},"content":{"rendered":"","protected":false},"excerpt":{"rendered":"<p>\ud83d\udd39 Desatasca con facilidad y potencia profesional. La Barrena de Drenaje H\u00edbrida ONE+\u2122 de 18V es la herramienta ideal para eliminar obstrucciones dif\u00edciles en fregaderos, ba\u00f1eras y tuber\u00edas de hasta 5 cm de ancho.\u00bb<\/p>\n<p>\u00ab\u2705 Cable resistente de 7,6 m (25&#8242;) con puntas intercambiables para destapar cualquier obstrucci\u00f3n.<br \/>\n\u2705 Tecnolog\u00eda h\u00edbrida \u2013 Funciona con bater\u00eda ONE+\u2122 de 18V o con el adaptador de CA incluido.<br \/>\n\u2705 Mecanismo de alimentaci\u00f3n autom\u00e1tica \u2013 Facilita el avance y retracci\u00f3n del cable sin esfuerzo.<br \/>\n\u2705 Tambor reemplazable con puerto de drenaje \u2013 Mayor durabilidad y f\u00e1cil mantenimiento.<br \/>\n\u2705 Cambio de accesorios sin herramientas \u2013 Intercambia puntas f\u00e1cilmente seg\u00fan el tipo de obstrucci\u00f3n.<br \/>\n\ud83d\udcde Cont\u00e1ctanos para m\u00e1s informaci\u00f3n: +593984123231<\/p>","protected":false},"featured_media":15113,"comment_status":"open","ping_status":"closed","template":"","meta":{"_acf_changed":false},"product_brand":[],"product_cat":[544],"product_tag":[],"class_list":{"0":"post-15112","1":"product","2":"type-product","3":"status-publish","4":"has-post-thumbnail","6":"product_cat-agricultura-e-industria","8":"first","9":"instock","10":"sale","11":"taxable","12":"shipping-taxable","13":"purchasable","14":"product-type-simple"},"acf":[],"_links":{"self":[{"href":"https:\/\/tiendaflex.ec\/en\/wp-json\/wp\/v2\/product\/15112","targetHints":{"allow":["GET"]}}],"collection":[{"href":"https:\/\/tiendaflex.ec\/en\/wp-json\/wp\/v2\/product"}],"about":[{"href":"https:\/\/tiendaflex.ec\/en\/wp-json\/wp\/v2\/types\/product"}],"replies":[{"embeddable":true,"href":"https:\/\/tiendaflex.ec\/en\/wp-json\/wp\/v2\/comments?post=15112"}],"version-history":[{"count":3,"href":"https:\/\/tiendaflex.ec\/en\/wp-json\/wp\/v2\/product\/15112\/revisions"}],"predecessor-version":[{"id":26337,"href":"https:\/\/tiendaflex.ec\/en\/wp-json\/wp\/v2\/product\/15112\/revisions\/26337"}],"wp:featuredmedia":[{"embeddable":true,"href":"https:\/\/tiendaflex.ec\/en\/wp-json\/wp\/v2\/media\/15113"}],"wp:attachment":[{"href":"https:\/\/tiendaflex.ec\/en\/wp-json\/wp\/v2\/media?parent=15112"}],"wp:term":[{"taxonomy":"product_brand","embeddable":true,"href":"https:\/\/tiendaflex.ec\/en\/wp-json\/wp\/v2\/product_brand?post=15112"},{"taxonomy":"product_cat","embeddable":true,"href":"https:\/\/tiendaflex.ec\/en\/wp-json\/wp\/v2\/product_cat?post=15112"},{"taxonomy":"product_tag","embeddable":true,"href":"https:\/\/tiendaflex.ec\/en\/wp-json\/wp\/v2\/product_tag?post=15112"}],"curies":[{"name":"wp","href":"https:\/\/api.w.org\/{rel}","templated":true}]}}