{"id":15108,"date":"2025-03-28T09:57:08","date_gmt":"2025-03-28T14:57:08","guid":{"rendered":"https:\/\/tiendaflex.ec\/?post_type=product&#038;p=15108"},"modified":"2025-09-08T23:01:49","modified_gmt":"2025-09-09T04:01:49","slug":"campana-extractora-cei-60ne","status":"publish","type":"product","link":"https:\/\/tiendaflex.ec\/en\/product\/campana-extractora-cei-60ne\/","title":{"rendered":"CEI-60NE CAMPANA EXTRACTORA"},"content":{"rendered":"","protected":false},"excerpt":{"rendered":"<p>\ud83d\udd39 Espacios libres de humo y olores con m\u00e1xima eficiencia. La Campana Extractora CEI-60NE es la soluci\u00f3n ideal para mantener tu cocina fresca, limpia y libre de grasa gracias a su potente succi\u00f3n y dise\u00f1o moderno.\u00bb<\/p>\n<ul>\n<li>Marca: INDURAMA<\/li>\n<\/ul>\n<p>\u00ab\u2705 Potente succi\u00f3n de 300 m\u00b3\/hr \u2013 Elimina r\u00e1pidamente el humo y los olores.<br \/>\n\u2705 3 velocidades ajustables \u2013 Controla la intensidad seg\u00fan tu necesidad.<br \/>\n\u2705 Modo de funcionamiento dual \u2013 Opci\u00f3n de ducto o recirculaci\u00f3n de aire.<br \/>\n\u2705 Panel con pulsantes \u2013 F\u00e1cil manejo y mayor comodidad.<br \/>\n\u2705 Iluminaci\u00f3n LED integrada \u2013 Visibilidad \u00f3ptima mientras cocinas.<br \/>\n\u2705 Filtros de aluminio lavables (5 capas) y filtro de carb\u00f3n \u2013 Mayor higiene y durabilidad.<\/p>\n<p>\ud83d\udccf Dimensiones:<br \/>\n\ud83d\udccc Alto: 13.5 cm | Ancho: 60 cm | Profundidad: 49.4 cm<\/p>\n<p>\ud83d\udcde Cont\u00e1ctanos para m\u00e1s informaci\u00f3n: +593984123231<\/p>","protected":false},"featured_media":15109,"comment_status":"open","ping_status":"closed","template":"","meta":{"_acf_changed":false},"product_brand":[],"product_cat":[585,549],"product_tag":[],"class_list":{"0":"post-15108","1":"product","2":"type-product","3":"status-publish","4":"has-post-thumbnail","6":"product_cat-campanas","7":"product_cat-electrodomesticos","9":"first","10":"instock","11":"sale","12":"taxable","13":"shipping-taxable","14":"purchasable","15":"product-type-simple"},"acf":[],"_links":{"self":[{"href":"https:\/\/tiendaflex.ec\/en\/wp-json\/wp\/v2\/product\/15108","targetHints":{"allow":["GET"]}}],"collection":[{"href":"https:\/\/tiendaflex.ec\/en\/wp-json\/wp\/v2\/product"}],"about":[{"href":"https:\/\/tiendaflex.ec\/en\/wp-json\/wp\/v2\/types\/product"}],"replies":[{"embeddable":true,"href":"https:\/\/tiendaflex.ec\/en\/wp-json\/wp\/v2\/comments?post=15108"}],"version-history":[{"count":4,"href":"https:\/\/tiendaflex.ec\/en\/wp-json\/wp\/v2\/product\/15108\/revisions"}],"predecessor-version":[{"id":23449,"href":"https:\/\/tiendaflex.ec\/en\/wp-json\/wp\/v2\/product\/15108\/revisions\/23449"}],"wp:featuredmedia":[{"embeddable":true,"href":"https:\/\/tiendaflex.ec\/en\/wp-json\/wp\/v2\/media\/15109"}],"wp:attachment":[{"href":"https:\/\/tiendaflex.ec\/en\/wp-json\/wp\/v2\/media?parent=15108"}],"wp:term":[{"taxonomy":"product_brand","embeddable":true,"href":"https:\/\/tiendaflex.ec\/en\/wp-json\/wp\/v2\/product_brand?post=15108"},{"taxonomy":"product_cat","embeddable":true,"href":"https:\/\/tiendaflex.ec\/en\/wp-json\/wp\/v2\/product_cat?post=15108"},{"taxonomy":"product_tag","embeddable":true,"href":"https:\/\/tiendaflex.ec\/en\/wp-json\/wp\/v2\/product_tag?post=15108"}],"curies":[{"name":"wp","href":"https:\/\/api.w.org\/{rel}","templated":true}]}}