{"id":15086,"date":"2025-03-28T09:23:29","date_gmt":"2025-03-28T14:23:29","guid":{"rendered":"https:\/\/tiendaflex.ec\/?post_type=product&#038;p=15086"},"modified":"2025-04-15T23:07:32","modified_gmt":"2025-04-16T04:07:32","slug":"cama-singapur-confort-y-elegancia-para-tu-descanso","status":"publish","type":"product","link":"https:\/\/tiendaflex.ec\/en\/product\/cama-singapur-confort-y-elegancia-para-tu-descanso\/","title":{"rendered":"CAMA SINGAPUR"},"content":{"rendered":"","protected":false},"excerpt":{"rendered":"<p>La Cama Singapur combina dise\u00f1o moderno y materiales de alta calidad para ofrecerte la mejor experiencia de descanso.<\/p>\n<p>\u2705 Estructura resistente y duradera \u2013 Calidad garantizada.<br \/>\n\u2705 Dise\u00f1o sofisticado \u2013 Se adapta a cualquier estilo de decoraci\u00f3n.<br \/>\n\u2705 Disponibilidad en varios tama\u00f1os \u2013 Elige el que mejor se adapte a tu espacio.<\/p>\n<p>\ud83d\udcde Cont\u00e1ctanos para m\u00e1s informaci\u00f3n: +593984123231<\/p>","protected":false},"featured_media":15092,"comment_status":"open","ping_status":"closed","template":"","meta":{"_acf_changed":false},"product_brand":[],"product_cat":[563,542],"product_tag":[],"class_list":{"0":"post-15086","1":"product","2":"type-product","3":"status-publish","4":"has-post-thumbnail","6":"product_cat-camas","7":"product_cat-muebles","9":"first","10":"instock","11":"sale","12":"taxable","13":"shipping-taxable","14":"purchasable","15":"product-type-variable"},"acf":[],"_links":{"self":[{"href":"https:\/\/tiendaflex.ec\/en\/wp-json\/wp\/v2\/product\/15086","targetHints":{"allow":["GET"]}}],"collection":[{"href":"https:\/\/tiendaflex.ec\/en\/wp-json\/wp\/v2\/product"}],"about":[{"href":"https:\/\/tiendaflex.ec\/en\/wp-json\/wp\/v2\/types\/product"}],"replies":[{"embeddable":true,"href":"https:\/\/tiendaflex.ec\/en\/wp-json\/wp\/v2\/comments?post=15086"}],"version-history":[{"count":2,"href":"https:\/\/tiendaflex.ec\/en\/wp-json\/wp\/v2\/product\/15086\/revisions"}],"predecessor-version":[{"id":15528,"href":"https:\/\/tiendaflex.ec\/en\/wp-json\/wp\/v2\/product\/15086\/revisions\/15528"}],"wp:featuredmedia":[{"embeddable":true,"href":"https:\/\/tiendaflex.ec\/en\/wp-json\/wp\/v2\/media\/15092"}],"wp:attachment":[{"href":"https:\/\/tiendaflex.ec\/en\/wp-json\/wp\/v2\/media?parent=15086"}],"wp:term":[{"taxonomy":"product_brand","embeddable":true,"href":"https:\/\/tiendaflex.ec\/en\/wp-json\/wp\/v2\/product_brand?post=15086"},{"taxonomy":"product_cat","embeddable":true,"href":"https:\/\/tiendaflex.ec\/en\/wp-json\/wp\/v2\/product_cat?post=15086"},{"taxonomy":"product_tag","embeddable":true,"href":"https:\/\/tiendaflex.ec\/en\/wp-json\/wp\/v2\/product_tag?post=15086"}],"curies":[{"name":"wp","href":"https:\/\/api.w.org\/{rel}","templated":true}]}}