{"id":15070,"date":"2025-03-28T08:43:55","date_gmt":"2025-03-28T13:43:55","guid":{"rendered":"https:\/\/tiendaflex.ec\/?post_type=product&#038;p=15070"},"modified":"2025-09-10T16:29:03","modified_gmt":"2025-09-10T21:29:03","slug":"lavadora-semiautomatica-doble-tina-15kg-lri-15blsa","status":"publish","type":"product","link":"https:\/\/tiendaflex.ec\/en\/product\/lavadora-semiautomatica-doble-tina-15kg-lri-15blsa\/","title":{"rendered":"LRI-15BLSA LAVADORA SEMIAUTOM\u00c1TICA DOBLE TINA 15KG"},"content":{"rendered":"","protected":false},"excerpt":{"rendered":"<p>\ud83d\udd39 Potencia y eficiencia para un lavado impecable. La Lavadora Semiautom\u00e1tica Doble Tina de 15Kg es la opci\u00f3n ideal para quienes buscan mayor capacidad, rapidez y ahorro de energ\u00eda en cada ciclo de lavado.\u00bb<\/p>\n<ul>\n<li>Marca: INDURAMA<\/li>\n<\/ul>\n<p>\u00ab\u2705 Prendas m\u00e1s secas con su Centrifugado Plus.<br \/>\n\u2705 Mayor potencia gracias a sus 2 motores independientes.<br \/>\n\u2705 Sistema de lavado por impulsor para un mejor desempe\u00f1o.<br \/>\n\u2705 Bandeja de prelavado f\u00e1cil para una limpieza m\u00e1s eficiente.<br \/>\n\u2705 Interior resistente con tambor de pl\u00e1stico ultra duradero.<br \/>\n\u2705 Filtro atrapa pelusas para un lavado m\u00e1s limpio.<br \/>\n\u2705 2 programas de lavado y 4 niveles de agua seg\u00fan la carga.<br \/>\n\u2705 Controles intuitivos: Selector de lavado, drenaje y tiempo de centrifugado.<\/p>\n<p>&#8211; Dimensiones: Alto: 101 cm. Ancho: 93 cm. Prof.: 54 cm.<\/p>\n<p>\ud83d\udccf Capacidades:<br \/>\n\ud83e\uddfa Lavado: 15 Kg<br \/>\n\ud83c\udf00 Centrifugado: 7 Kg<\/p>\n<p>\ud83d\udcde Cont\u00e1ctanos para m\u00e1s informaci\u00f3n: +593984123231<\/p>","protected":false},"featured_media":15074,"comment_status":"open","ping_status":"closed","template":"","meta":{"_acf_changed":false},"product_brand":[],"product_cat":[549,602],"product_tag":[],"class_list":{"0":"post-15070","1":"product","2":"type-product","3":"status-publish","4":"has-post-thumbnail","6":"product_cat-electrodomesticos","7":"product_cat-lavadoras","9":"first","10":"instock","11":"sale","12":"taxable","13":"shipping-taxable","14":"purchasable","15":"product-type-simple"},"acf":[],"_links":{"self":[{"href":"https:\/\/tiendaflex.ec\/en\/wp-json\/wp\/v2\/product\/15070","targetHints":{"allow":["GET"]}}],"collection":[{"href":"https:\/\/tiendaflex.ec\/en\/wp-json\/wp\/v2\/product"}],"about":[{"href":"https:\/\/tiendaflex.ec\/en\/wp-json\/wp\/v2\/types\/product"}],"replies":[{"embeddable":true,"href":"https:\/\/tiendaflex.ec\/en\/wp-json\/wp\/v2\/comments?post=15070"}],"version-history":[{"count":4,"href":"https:\/\/tiendaflex.ec\/en\/wp-json\/wp\/v2\/product\/15070\/revisions"}],"predecessor-version":[{"id":23784,"href":"https:\/\/tiendaflex.ec\/en\/wp-json\/wp\/v2\/product\/15070\/revisions\/23784"}],"wp:featuredmedia":[{"embeddable":true,"href":"https:\/\/tiendaflex.ec\/en\/wp-json\/wp\/v2\/media\/15074"}],"wp:attachment":[{"href":"https:\/\/tiendaflex.ec\/en\/wp-json\/wp\/v2\/media?parent=15070"}],"wp:term":[{"taxonomy":"product_brand","embeddable":true,"href":"https:\/\/tiendaflex.ec\/en\/wp-json\/wp\/v2\/product_brand?post=15070"},{"taxonomy":"product_cat","embeddable":true,"href":"https:\/\/tiendaflex.ec\/en\/wp-json\/wp\/v2\/product_cat?post=15070"},{"taxonomy":"product_tag","embeddable":true,"href":"https:\/\/tiendaflex.ec\/en\/wp-json\/wp\/v2\/product_tag?post=15070"}],"curies":[{"name":"wp","href":"https:\/\/api.w.org\/{rel}","templated":true}]}}