{"id":15002,"date":"2025-03-27T08:53:11","date_gmt":"2025-03-27T13:53:11","guid":{"rendered":"https:\/\/tiendaflex.ec\/?post_type=product&#038;p=15002"},"modified":"2026-02-25T13:27:45","modified_gmt":"2026-02-25T18:27:45","slug":"clavadora-airstrike-sin-escobillas-de-18v-y-one-hp-caloria-18-p322","status":"publish","type":"product","link":"https:\/\/tiendaflex.ec\/en\/product\/clavadora-airstrike-sin-escobillas-de-18v-y-one-hp-caloria-18-p322\/","title":{"rendered":"Clavadora AirStrike Sin Escobillas de 18V y ONE+ HP, Calor\u00eda 18 &#8211; P322"},"content":{"rendered":"","protected":false},"excerpt":{"rendered":"<p>Ampl\u00eda tu sistema RYOBI ONE+\u2122 de 18 V con esta clavadora inal\u00e1mbrica de clavos peque\u00f1os AirStrike de calibre 18 ONE+ HP. Perfecta para aquellos que buscan eficiencia, precisi\u00f3n y comodidad en sus proyectos de carpinter\u00eda y bricolaje.\u00bb<\/p>\n<p>\u00abCaracter\u00edsticas destacadas:<\/p>\n<ul>\n<li>Marca: RYOBI<\/li>\n<\/ul>\n<p>\u2714\ufe0f Tecnolog\u00eda AirStrike \u2013 Elimina la necesidad de compresores ruidosos, mangueras voluminosas o costosos cartuchos de gas.<br \/>\n\u2714\ufe0f Punta AccuDrive\u2122 \u2013 Ofrece una l\u00ednea de visi\u00f3n superior para una colocaci\u00f3n precisa de los clavos, incluso en espacios reducidos.<br \/>\n\u2714\ufe0f Alta potencia y autonom\u00eda \u2013 Clava hasta 2250 clavos por carga y un 60% m\u00e1s de potencia que el modelo cepillado.<br \/>\n\u2714\ufe0f Ajuste de profundidad de clavado sin herramientas \u2013 Permite un ajuste r\u00e1pido para cualquier aplicaci\u00f3n.<br \/>\n\u2714\ufe0f Dial de velocidad de la presi\u00f3n de aire \u2013 Ajuste preciso para clavar en diferentes materiales.<br \/>\n\u2714\ufe0f Pestillo de liberaci\u00f3n de atascos sin herramientas \u2013 Despeja r\u00e1pidamente los atascos de clavos.<br \/>\n\u2714\ufe0f Luz LED integrada \u2013 Ideal para trabajar en condiciones de poca luz.<br \/>\n\u2714\ufe0f Clavos de hasta 2-1\/8&#8243;\u00bb \u2013 Ideal para trabajar con maderas duras.<\/p>\n<p>\ud83d\udcde Cont\u00e1ctanos y haz tu pedido: +593984123231<\/p>","protected":false},"featured_media":15003,"comment_status":"open","ping_status":"closed","template":"","meta":{"_acf_changed":false},"product_brand":[],"product_cat":[544,582],"product_tag":[],"class_list":{"0":"post-15002","1":"product","2":"type-product","3":"status-publish","4":"has-post-thumbnail","6":"product_cat-agricultura-e-industria","7":"product_cat-grapadoras","9":"first","10":"instock","11":"sale","12":"taxable","13":"shipping-taxable","14":"purchasable","15":"product-type-simple"},"acf":[],"_links":{"self":[{"href":"https:\/\/tiendaflex.ec\/en\/wp-json\/wp\/v2\/product\/15002","targetHints":{"allow":["GET"]}}],"collection":[{"href":"https:\/\/tiendaflex.ec\/en\/wp-json\/wp\/v2\/product"}],"about":[{"href":"https:\/\/tiendaflex.ec\/en\/wp-json\/wp\/v2\/types\/product"}],"replies":[{"embeddable":true,"href":"https:\/\/tiendaflex.ec\/en\/wp-json\/wp\/v2\/comments?post=15002"}],"version-history":[{"count":5,"href":"https:\/\/tiendaflex.ec\/en\/wp-json\/wp\/v2\/product\/15002\/revisions"}],"predecessor-version":[{"id":26335,"href":"https:\/\/tiendaflex.ec\/en\/wp-json\/wp\/v2\/product\/15002\/revisions\/26335"}],"wp:featuredmedia":[{"embeddable":true,"href":"https:\/\/tiendaflex.ec\/en\/wp-json\/wp\/v2\/media\/15003"}],"wp:attachment":[{"href":"https:\/\/tiendaflex.ec\/en\/wp-json\/wp\/v2\/media?parent=15002"}],"wp:term":[{"taxonomy":"product_brand","embeddable":true,"href":"https:\/\/tiendaflex.ec\/en\/wp-json\/wp\/v2\/product_brand?post=15002"},{"taxonomy":"product_cat","embeddable":true,"href":"https:\/\/tiendaflex.ec\/en\/wp-json\/wp\/v2\/product_cat?post=15002"},{"taxonomy":"product_tag","embeddable":true,"href":"https:\/\/tiendaflex.ec\/en\/wp-json\/wp\/v2\/product_tag?post=15002"}],"curies":[{"name":"wp","href":"https:\/\/api.w.org\/{rel}","templated":true}]}}