{"id":14989,"date":"2025-03-27T08:24:15","date_gmt":"2025-03-27T13:24:15","guid":{"rendered":"https:\/\/tiendaflex.ec\/?post_type=product&#038;p=14989"},"modified":"2026-02-25T13:38:04","modified_gmt":"2026-02-25T18:38:04","slug":"herramienta-de-abrazadera-de-presion-pex-one-de-18v-p660","status":"publish","type":"product","link":"https:\/\/tiendaflex.ec\/en\/product\/herramienta-de-abrazadera-de-presion-pex-one-de-18v-p660\/","title":{"rendered":"Herramienta de Abrazadera de Presi\u00f3n PEX ONE+ de 18V &#8211; P660"},"content":{"rendered":"","protected":false},"excerpt":{"rendered":"<p>La Herramienta de Abrazadera de Presi\u00f3n PEX ONE+ de RYOBI es la primera herramienta motorizada de sujeci\u00f3n de la industria. Ideal para realizar abrazaderas de manera r\u00e1pida y eficiente, con la comodidad de activaci\u00f3n con un solo toque y f\u00e1cil manejo con una sola mano.\u00bb<\/p>\n<p>\u00abCaracter\u00edsticas destacadas:<br \/>\n\u2714\ufe0f Primera herramienta de abrazadera motorizada \u2013 Innovadora herramienta de sujeci\u00f3n para un trabajo m\u00e1s eficiente.<br \/>\n\u2714\ufe0f Activaci\u00f3n con un solo toque \u2013 Manejo f\u00e1cil y r\u00e1pido para mayor comodidad.<br \/>\n\u2714\ufe0f Realiza hasta 400 abrazaderas por carga \u2013 Utilizando la bater\u00eda P108, lo que aumenta la productividad.<br \/>\n\u2714\ufe0f Adaptable a todos los tama\u00f1os de anillos de abrazadera PEX \u2013 Sin restricciones en el tipo de trabajo que puedas realizar.<br \/>\n\u2714\ufe0f Luces LED dobles \u2013 Iluminan el \u00e1rea de trabajo para un uso preciso, incluso en condiciones de baja visibilidad.<br \/>\n\u2714\ufe0f Clip para cintur\u00f3n incluido \u2013 Facilita la portabilidad y el acceso r\u00e1pido mientras trabajas.<br \/>\n\u2714\ufe0f Medidor de paso\/no paso \u2013 Para asegurar la correcta instalaci\u00f3n de las abrazaderas.<\/p>\n<p>\ud83d\udcde Cont\u00e1ctanos y haz tu pedido: +593984123231<\/p>","protected":false},"featured_media":14990,"comment_status":"open","ping_status":"closed","template":"","meta":{"_acf_changed":false},"product_brand":[],"product_cat":[544],"product_tag":[],"class_list":{"0":"post-14989","1":"product","2":"type-product","3":"status-publish","4":"has-post-thumbnail","6":"product_cat-agricultura-e-industria","8":"first","9":"instock","10":"sale","11":"taxable","12":"shipping-taxable","13":"purchasable","14":"product-type-simple"},"acf":[],"_links":{"self":[{"href":"https:\/\/tiendaflex.ec\/en\/wp-json\/wp\/v2\/product\/14989","targetHints":{"allow":["GET"]}}],"collection":[{"href":"https:\/\/tiendaflex.ec\/en\/wp-json\/wp\/v2\/product"}],"about":[{"href":"https:\/\/tiendaflex.ec\/en\/wp-json\/wp\/v2\/types\/product"}],"replies":[{"embeddable":true,"href":"https:\/\/tiendaflex.ec\/en\/wp-json\/wp\/v2\/comments?post=14989"}],"version-history":[{"count":5,"href":"https:\/\/tiendaflex.ec\/en\/wp-json\/wp\/v2\/product\/14989\/revisions"}],"predecessor-version":[{"id":26339,"href":"https:\/\/tiendaflex.ec\/en\/wp-json\/wp\/v2\/product\/14989\/revisions\/26339"}],"wp:featuredmedia":[{"embeddable":true,"href":"https:\/\/tiendaflex.ec\/en\/wp-json\/wp\/v2\/media\/14990"}],"wp:attachment":[{"href":"https:\/\/tiendaflex.ec\/en\/wp-json\/wp\/v2\/media?parent=14989"}],"wp:term":[{"taxonomy":"product_brand","embeddable":true,"href":"https:\/\/tiendaflex.ec\/en\/wp-json\/wp\/v2\/product_brand?post=14989"},{"taxonomy":"product_cat","embeddable":true,"href":"https:\/\/tiendaflex.ec\/en\/wp-json\/wp\/v2\/product_cat?post=14989"},{"taxonomy":"product_tag","embeddable":true,"href":"https:\/\/tiendaflex.ec\/en\/wp-json\/wp\/v2\/product_tag?post=14989"}],"curies":[{"name":"wp","href":"https:\/\/api.w.org\/{rel}","templated":true}]}}