{"id":14977,"date":"2025-03-26T23:11:33","date_gmt":"2025-03-27T04:11:33","guid":{"rendered":"https:\/\/tiendaflex.ec\/?post_type=product&#038;p=14977"},"modified":"2025-09-08T12:55:55","modified_gmt":"2025-09-08T17:55:55","slug":"aspiradora-en-seco-y-humedo-one-de-18v-y-6-galones-p770","status":"publish","type":"product","link":"https:\/\/tiendaflex.ec\/en\/product\/aspiradora-en-seco-y-humedo-one-de-18v-y-6-galones-p770\/","title":{"rendered":"Aspiradora en Seco y H\u00famedo ONE+ de 18V y 6 Galones &#8211; P770"},"content":{"rendered":"","protected":false},"excerpt":{"rendered":"<p>La Aspiradora en Seco y H\u00famedo RYOBI ONE+ de 6 galones es la herramienta ideal para mantener tu espacio limpio y ordenado. Con su potente caudal de 80 CFM, dise\u00f1o compacto y vers\u00e1til, es perfecta para trabajos tanto en seco como en h\u00famedo. Forma parte de la familia RYOBI ONE+, compatible con m\u00e1s de 100 herramientas.\u00bb<\/p>\n<ul>\n<li>Marca: RYOBI<\/li>\n<\/ul>\n<p>\u00abCaracter\u00edsticas destacadas:<br \/>\n\u2714\ufe0f Dise\u00f1o de ruedas antivuelco \u2013 Garantiza una movilidad de 360\u00b0 y estabilidad, incluso al pasar por cables y umbrales.<br \/>\n\u2714\ufe0f Potente caudal de 80 CFM \u2013 Ofrece un rendimiento de alta eficiencia para la limpieza de \u00e1reas grandes o dif\u00edciles de alcanzar.<br \/>\n\u2714\ufe0f Almacenaje pr\u00e1ctico a bordo \u2013 Incluye compartimentos para accesorios como la herramienta para rincones, boquilla para pisos y varillas de extensi\u00f3n.<br \/>\n\u2714\ufe0f Soporte para manguera \u2013 Organiza la manguera sin desorden cuando no se usa.<br \/>\n\u2714\ufe0f M\u00faltiples asas de transporte \u2013 Facilita el traslado de la aspiradora a cualquier lugar con facilidad.<br \/>\n\u2714\ufe0f Parte superior extra\u00edble \u2013 Permite vaciar el polvo, residuos y l\u00edquidos de manera r\u00e1pida y sencilla.<br \/>\n\u2714\ufe0f Dise\u00f1o compacto \u2013 Ahorrar\u00e1s espacio cuando no la est\u00e9s utilizando.<\/p>\n<p>\ud83d\udcde Cont\u00e1ctanos y haz tu pedido: +593984123231<\/p>","protected":false},"featured_media":14978,"comment_status":"open","ping_status":"closed","template":"","meta":{"_acf_changed":false},"product_brand":[],"product_cat":[544,603],"product_tag":[],"class_list":{"0":"post-14977","1":"product","2":"type-product","3":"status-publish","4":"has-post-thumbnail","6":"product_cat-agricultura-e-industria","7":"product_cat-aspiradoras","9":"first","10":"instock","11":"sale","12":"taxable","13":"shipping-taxable","14":"purchasable","15":"product-type-simple"},"acf":[],"_links":{"self":[{"href":"https:\/\/tiendaflex.ec\/en\/wp-json\/wp\/v2\/product\/14977","targetHints":{"allow":["GET"]}}],"collection":[{"href":"https:\/\/tiendaflex.ec\/en\/wp-json\/wp\/v2\/product"}],"about":[{"href":"https:\/\/tiendaflex.ec\/en\/wp-json\/wp\/v2\/types\/product"}],"replies":[{"embeddable":true,"href":"https:\/\/tiendaflex.ec\/en\/wp-json\/wp\/v2\/comments?post=14977"}],"version-history":[{"count":4,"href":"https:\/\/tiendaflex.ec\/en\/wp-json\/wp\/v2\/product\/14977\/revisions"}],"predecessor-version":[{"id":23194,"href":"https:\/\/tiendaflex.ec\/en\/wp-json\/wp\/v2\/product\/14977\/revisions\/23194"}],"wp:featuredmedia":[{"embeddable":true,"href":"https:\/\/tiendaflex.ec\/en\/wp-json\/wp\/v2\/media\/14978"}],"wp:attachment":[{"href":"https:\/\/tiendaflex.ec\/en\/wp-json\/wp\/v2\/media?parent=14977"}],"wp:term":[{"taxonomy":"product_brand","embeddable":true,"href":"https:\/\/tiendaflex.ec\/en\/wp-json\/wp\/v2\/product_brand?post=14977"},{"taxonomy":"product_cat","embeddable":true,"href":"https:\/\/tiendaflex.ec\/en\/wp-json\/wp\/v2\/product_cat?post=14977"},{"taxonomy":"product_tag","embeddable":true,"href":"https:\/\/tiendaflex.ec\/en\/wp-json\/wp\/v2\/product_tag?post=14977"}],"curies":[{"name":"wp","href":"https:\/\/api.w.org\/{rel}","templated":true}]}}