{"id":14970,"date":"2025-03-26T23:07:48","date_gmt":"2025-03-27T04:07:48","guid":{"rendered":"https:\/\/tiendaflex.ec\/?post_type=product&#038;p=14970"},"modified":"2026-02-24T11:39:04","modified_gmt":"2026-02-24T16:39:04","slug":"encimera-a-induccion-5-inductores-ei-5pvi","status":"publish","type":"product","link":"https:\/\/tiendaflex.ec\/en\/product\/encimera-a-induccion-5-inductores-ei-5pvi\/","title":{"rendered":"EI-5PVI ENCIMERA A INDUCCI\u00d3N 5 INDUCTORES"},"content":{"rendered":"","protected":false},"excerpt":{"rendered":"<p>La Encimera a Inducci\u00f3n EI-5PVI te brinda una cocci\u00f3n ultra r\u00e1pida, con 9 niveles de potencia y tecnolog\u00eda multifunci\u00f3n. Su dise\u00f1o en vitrocer\u00e1mica de alta resistencia y f\u00e1cil limpieza se adapta perfectamente a cualquier espacio, ofreciendo seguridad y comodidad en cada uso.\u00bb<\/p>\n<ul>\n<li>Marca: INDURAMA<\/li>\n<\/ul>\n<p>\u00abCaracter\u00edsticas destacadas:<br \/>\n\u2705 5 inductores de alta potencia \u2013 Distribuci\u00f3n eficiente del calor para una cocci\u00f3n uniforme.<br \/>\n\u2705 Doble booster \u2013 Aumenta la potencia para una cocci\u00f3n m\u00e1s r\u00e1pida.<br \/>\n\u2705 Control de pausa y temporizadores independientes \u2013 Mayor precisi\u00f3n en la cocci\u00f3n.<br \/>\n\u2705 Funci\u00f3n mantener caliente \u00ab\u00bbU\u00bb\u00bb y cocci\u00f3n autom\u00e1tica \u00ab\u00bbA\u00bb\u00bb \u2013 Ideal para conservar el calor de los alimentos.<br \/>\n\u2705 Bloqueo de funciones y sensores inteligentes \u2013 Seguridad ante sobrecalentamiento y desbordamiento.<br \/>\n\u2705 Panel t\u00e1ctil intuitivo \u2013 F\u00e1cil de usar y con dise\u00f1o moderno.<\/p>\n<p>Especificaciones de Inductores:<br \/>\n\ud83d\udd38 Inductor 1: 18 cm, 1850W con booster 2300W\/3000W<br \/>\n\ud83d\udd38 Inductor 2: 21 cm, 1850W con booster 2300W\/3000W<br \/>\n\ud83d\udd38 Inductor 3: 18 cm, 2100W con booster 2600W\/3700W<br \/>\n\ud83d\udd38 Inductor 4: 18 cm, 1850W con booster 2300W\/3000W<br \/>\n\ud83d\udd38 Inductor 5: 22.5 cm, 2100W con booster 2600W\/3700W<\/p>\n<p>Dimensiones:<br \/>\n\ud83d\udccf Producto: Alto: 6 cm | Ancho: 88 cm | Profundidad: 52 cm<br \/>\n\ud83d\udccf Para empotrar: Ancho: 81 cm | Profundidad: 49 cm<\/p>\n<p>\ud83d\udcde Cont\u00e1ctanos y haz tu pedido: +593984123231<\/p>","protected":false},"featured_media":14971,"comment_status":"open","ping_status":"closed","template":"","meta":{"_acf_changed":false},"product_brand":[],"product_cat":[549,572],"product_tag":[],"class_list":{"0":"post-14970","1":"product","2":"type-product","3":"status-publish","4":"has-post-thumbnail","6":"product_cat-electrodomesticos","7":"product_cat-encimeras","9":"first","10":"instock","11":"sale","12":"taxable","13":"shipping-taxable","14":"purchasable","15":"product-type-simple"},"acf":[],"_links":{"self":[{"href":"https:\/\/tiendaflex.ec\/en\/wp-json\/wp\/v2\/product\/14970","targetHints":{"allow":["GET"]}}],"collection":[{"href":"https:\/\/tiendaflex.ec\/en\/wp-json\/wp\/v2\/product"}],"about":[{"href":"https:\/\/tiendaflex.ec\/en\/wp-json\/wp\/v2\/types\/product"}],"replies":[{"embeddable":true,"href":"https:\/\/tiendaflex.ec\/en\/wp-json\/wp\/v2\/comments?post=14970"}],"version-history":[{"count":5,"href":"https:\/\/tiendaflex.ec\/en\/wp-json\/wp\/v2\/product\/14970\/revisions"}],"predecessor-version":[{"id":23511,"href":"https:\/\/tiendaflex.ec\/en\/wp-json\/wp\/v2\/product\/14970\/revisions\/23511"}],"wp:featuredmedia":[{"embeddable":true,"href":"https:\/\/tiendaflex.ec\/en\/wp-json\/wp\/v2\/media\/14971"}],"wp:attachment":[{"href":"https:\/\/tiendaflex.ec\/en\/wp-json\/wp\/v2\/media?parent=14970"}],"wp:term":[{"taxonomy":"product_brand","embeddable":true,"href":"https:\/\/tiendaflex.ec\/en\/wp-json\/wp\/v2\/product_brand?post=14970"},{"taxonomy":"product_cat","embeddable":true,"href":"https:\/\/tiendaflex.ec\/en\/wp-json\/wp\/v2\/product_cat?post=14970"},{"taxonomy":"product_tag","embeddable":true,"href":"https:\/\/tiendaflex.ec\/en\/wp-json\/wp\/v2\/product_tag?post=14970"}],"curies":[{"name":"wp","href":"https:\/\/api.w.org\/{rel}","templated":true}]}}