{"id":14962,"date":"2025-03-26T22:58:09","date_gmt":"2025-03-27T03:58:09","guid":{"rendered":"https:\/\/tiendaflex.ec\/?post_type=product&#038;p=14962"},"modified":"2026-02-24T12:07:40","modified_gmt":"2026-02-24T17:07:40","slug":"refrigeradora-top-mount-300l-croma-ri-405-avant-plus-c-d","status":"publish","type":"product","link":"https:\/\/tiendaflex.ec\/en\/product\/refrigeradora-top-mount-300l-croma-ri-405-avant-plus-c-d\/","title":{"rendered":"RI-405 AVANT PLUS C\/D REFRIGERADORA TOP MOUNT 300L CROMA"},"content":{"rendered":"","protected":false},"excerpt":{"rendered":"<p>La Refrigeradora RI-405 Avant Plus C\/D es la opci\u00f3n ideal para mantener tus alimentos frescos por m\u00e1s tiempo. Con su eficiencia energ\u00e9tica y control electr\u00f3nico, garantiza un menor consumo de energ\u00eda y un \u00f3ptimo rendimiento. Su sistema No Frost evita la acumulaci\u00f3n de escarcha, asegurando una refrigeraci\u00f3n uniforme.\u00bb<\/p>\n<ul>\n<li>Marca: INDURAMA<\/li>\n<\/ul>\n<p>\u00abCaracter\u00edsticas destacadas:<br \/>\n\u2705 Capacidad de 300 litros \u2013 Espacio ideal para almacenar tus alimentos.<br \/>\n\u2705 Sistema No Frost \u2013 Evita la formaci\u00f3n de hielo y escarcha.<br \/>\n\u2705 Iluminaci\u00f3n LED \u2013 Mayor visibilidad con menor consumo energ\u00e9tico.<br \/>\n\u2705 Refrigerante R600a \u2013 Respetuoso con el medio ambiente y de alta eficiencia.<br \/>\n\u2705 Dispensador de agua \u2013 Comodidad sin necesidad de abrir la puerta.<br \/>\n\u2705 Puertas en l\u00e1mina lisa con manijas laterales incorporadas \u2013 Dise\u00f1o elegante y f\u00e1cil de limpiar.<\/p>\n<p>Refrigerador:<br \/>\n\ud83e\uddca Bandejas regulables de vidrio templado \u2013 Mayor resistencia y facilidad de ajuste.<br \/>\n\ud83e\udd66 Legumbrera transparente \u2013 Conserva mejor frutas y verduras.<br \/>\n\ud83d\udce6 Balcones transparentes de gran capacidad \u2013 Almacenamiento \u00f3ptimo y duradero.<\/p>\n<p>Congelador:<br \/>\n\ud83e\uddca Bandeja de vidrio templado \u2013 Mayor organizaci\u00f3n y resistencia.<br \/>\n\ud83e\udd76 2 balcones transparentes \u2013 M\u00e1s espacio para tus congelados.<br \/>\n\u2744\ufe0f Hielo f\u00e1cil &#8211; Twist Ice \u2013 Obt\u00e9n hielo de forma r\u00e1pida y sencilla.<\/p>\n<p>Dimensiones:<br \/>\n\ud83d\udccf Alto: 167 cm<br \/>\n\ud83d\udccf Ancho: 61.5 cm<br \/>\n\ud83d\udccf Profundidad: 67 cm<\/p>\n<p>\ud83d\udcde Cont\u00e1ctanos y haz tu pedido: +593984123231<\/p>","protected":false},"featured_media":14963,"comment_status":"open","ping_status":"closed","template":"","meta":{"_acf_changed":false},"product_brand":[],"product_cat":[549,573],"product_tag":[],"class_list":{"0":"post-14962","1":"product","2":"type-product","3":"status-publish","4":"has-post-thumbnail","6":"product_cat-electrodomesticos","7":"product_cat-refrigeracion","9":"first","10":"instock","11":"sale","12":"taxable","13":"shipping-taxable","14":"purchasable","15":"product-type-simple"},"acf":[],"_links":{"self":[{"href":"https:\/\/tiendaflex.ec\/en\/wp-json\/wp\/v2\/product\/14962","targetHints":{"allow":["GET"]}}],"collection":[{"href":"https:\/\/tiendaflex.ec\/en\/wp-json\/wp\/v2\/product"}],"about":[{"href":"https:\/\/tiendaflex.ec\/en\/wp-json\/wp\/v2\/types\/product"}],"replies":[{"embeddable":true,"href":"https:\/\/tiendaflex.ec\/en\/wp-json\/wp\/v2\/comments?post=14962"}],"version-history":[{"count":6,"href":"https:\/\/tiendaflex.ec\/en\/wp-json\/wp\/v2\/product\/14962\/revisions"}],"predecessor-version":[{"id":23606,"href":"https:\/\/tiendaflex.ec\/en\/wp-json\/wp\/v2\/product\/14962\/revisions\/23606"}],"wp:featuredmedia":[{"embeddable":true,"href":"https:\/\/tiendaflex.ec\/en\/wp-json\/wp\/v2\/media\/14963"}],"wp:attachment":[{"href":"https:\/\/tiendaflex.ec\/en\/wp-json\/wp\/v2\/media?parent=14962"}],"wp:term":[{"taxonomy":"product_brand","embeddable":true,"href":"https:\/\/tiendaflex.ec\/en\/wp-json\/wp\/v2\/product_brand?post=14962"},{"taxonomy":"product_cat","embeddable":true,"href":"https:\/\/tiendaflex.ec\/en\/wp-json\/wp\/v2\/product_cat?post=14962"},{"taxonomy":"product_tag","embeddable":true,"href":"https:\/\/tiendaflex.ec\/en\/wp-json\/wp\/v2\/product_tag?post=14962"}],"curies":[{"name":"wp","href":"https:\/\/api.w.org\/{rel}","templated":true}]}}