{"id":14959,"date":"2025-03-26T22:43:52","date_gmt":"2025-03-27T03:43:52","guid":{"rendered":"https:\/\/tiendaflex.ec\/?post_type=product&#038;p=14959"},"modified":"2025-04-15T23:07:11","modified_gmt":"2025-04-16T04:07:11","slug":"kit-basico-para-alarma-de-incendio-cableada-paradox-px-kit04inc","status":"publish","type":"product","link":"https:\/\/tiendaflex.ec\/en\/product\/kit-basico-para-alarma-de-incendio-cableada-paradox-px-kit04inc\/","title":{"rendered":"KIT B\u00c1SICO PARA ALARMA DE INCENDIO CABLEADA \u2013 PARADOX PX-KIT04INC"},"content":{"rendered":"","protected":false},"excerpt":{"rendered":"<p>Aprovecha esta mega oferta y obt\u00e9n el KIT PARADOX PX-KIT04INC, dise\u00f1ado para maximizar la seguridad ante incendios. Este sistema no solo emite una alerta sonora, sino que tambi\u00e9n realiza llamadas telef\u00f3nicas en caso de emergencia.<\/p>\n<p>Caracter\u00edsticas destacadas:<br \/>\n\u2705 Expansi\u00f3n flexible \u2013 Soporta expansores de zonas inal\u00e1mbricas y cableadas.<br \/>\n\u2705 Capacidad para hasta 32 zonas \u2013 Protecci\u00f3n completa en diferentes \u00e1reas.<br \/>\n\u2705 Integraci\u00f3n con teclados \u2013 Compatible con hasta 15 teclados (excepto K636).<br \/>\n\u2705 Dos particiones \u2013 Permite dividir el sistema en dos \u00e1reas de seguridad.<br \/>\n\u2705 Hasta 32 usuarios registrados \u2013 Ideal para empresas o edificios con m\u00faltiples accesos.<\/p>\n<p>Kit incluye:<br \/>\n\ud83d\udce6 Central de alarma con 8 zonas<br \/>\n\ud83d\udce6 Teclado LED cableado de 10 zonas<br \/>\n\ud83d\udce6 Gabinete met\u00e1lico rojo resistente<br \/>\n\ud83d\udce6 Transformador de 16.5V AC<br \/>\n\ud83d\udce6 Bater\u00eda de respaldo de 4 Amp<br \/>\n\ud83d\udce6 Estaci\u00f3n manual pl\u00e1stica<br \/>\n\ud83d\udce6 Sensor de humo para detecci\u00f3n temprana<br \/>\n\ud83d\udce6 Sirena estrobosc\u00f3pica para alertas visuales<br \/>\n\ud83d\udce6 Sirena de 30W para alertas sonoras<br \/>\n\ud83d\udce6 Gabinete para sirena<\/p>\n<p>\ud83d\udcde Cont\u00e1ctanos y haz tu pedido: +593984123231<\/p>","protected":false},"featured_media":14960,"comment_status":"open","ping_status":"closed","template":"","meta":{"_acf_changed":false},"product_brand":[],"product_cat":[580,547],"product_tag":[],"class_list":{"0":"post-14959","1":"product","2":"type-product","3":"status-publish","4":"has-post-thumbnail","6":"product_cat-alarmas","7":"product_cat-tecnologia-del-hogar","9":"first","10":"instock","11":"sale","12":"taxable","13":"shipping-taxable","14":"purchasable","15":"product-type-simple"},"acf":[],"_links":{"self":[{"href":"https:\/\/tiendaflex.ec\/en\/wp-json\/wp\/v2\/product\/14959","targetHints":{"allow":["GET"]}}],"collection":[{"href":"https:\/\/tiendaflex.ec\/en\/wp-json\/wp\/v2\/product"}],"about":[{"href":"https:\/\/tiendaflex.ec\/en\/wp-json\/wp\/v2\/types\/product"}],"replies":[{"embeddable":true,"href":"https:\/\/tiendaflex.ec\/en\/wp-json\/wp\/v2\/comments?post=14959"}],"version-history":[{"count":4,"href":"https:\/\/tiendaflex.ec\/en\/wp-json\/wp\/v2\/product\/14959\/revisions"}],"predecessor-version":[{"id":16542,"href":"https:\/\/tiendaflex.ec\/en\/wp-json\/wp\/v2\/product\/14959\/revisions\/16542"}],"wp:featuredmedia":[{"embeddable":true,"href":"https:\/\/tiendaflex.ec\/en\/wp-json\/wp\/v2\/media\/14960"}],"wp:attachment":[{"href":"https:\/\/tiendaflex.ec\/en\/wp-json\/wp\/v2\/media?parent=14959"}],"wp:term":[{"taxonomy":"product_brand","embeddable":true,"href":"https:\/\/tiendaflex.ec\/en\/wp-json\/wp\/v2\/product_brand?post=14959"},{"taxonomy":"product_cat","embeddable":true,"href":"https:\/\/tiendaflex.ec\/en\/wp-json\/wp\/v2\/product_cat?post=14959"},{"taxonomy":"product_tag","embeddable":true,"href":"https:\/\/tiendaflex.ec\/en\/wp-json\/wp\/v2\/product_tag?post=14959"}],"curies":[{"name":"wp","href":"https:\/\/api.w.org\/{rel}","templated":true}]}}