{"id":14952,"date":"2025-03-26T22:31:18","date_gmt":"2025-03-27T03:31:18","guid":{"rendered":"https:\/\/tiendaflex.ec\/?post_type=product&#038;p=14952"},"modified":"2026-02-24T09:21:18","modified_gmt":"2026-02-24T14:21:18","slug":"televisor-50-uhd-google-tv-50tikgf2guhd","status":"publish","type":"product","link":"https:\/\/tiendaflex.ec\/en\/product\/televisor-50-uhd-google-tv-50tikgf2guhd\/","title":{"rendered":"TELEVISOR 50&#8243; UHD GOOGLE TV | 50TIKGF2GUHD"},"content":{"rendered":"","protected":false},"excerpt":{"rendered":"<p>Disfruta de im\u00e1genes impresionantes en calidad Ultra HD con el Televisor 50\u201d UHD Google TV. Con un dise\u00f1o ultra slim y tecnolog\u00eda avanzada, este Smart TV lleva tu entretenimiento a otro nivel, con acceso directo a tus plataformas favoritas y una experiencia visual y sonora incre\u00edble.\u00bb<\/p>\n<p>\u00abCaracter\u00edsticas destacadas:<br \/>\n\u2705 Pantalla 50&#8243;\u00bb UHD 4K (3840&#215;2160) \u2013 Resoluci\u00f3n ULTRA HIGH DEFINITION para im\u00e1genes m\u00e1s n\u00edtidas.<br \/>\n\u2705 Google TV \u2013 Accede f\u00e1cilmente a tus series, pel\u00edculas y apps favoritas.<br \/>\n\u2705 Procesador Quadcore 1.5GHz \u2013 Fluidez y rendimiento optimizado.<br \/>\n\u2705 16GB de almacenamiento + 2GB de RAM \u2013 Descarga aplicaciones y guarda contenido sin problemas.<br \/>\n\u2705 Bluetooth 5.1 + WiFi 2.4&amp;5G \u2013 Conectividad r\u00e1pida y estable.<\/p>\n<p>Funciones avanzadas:<br \/>\n\ud83c\udfa4 Comandos de voz \u2013 Controla tu TV sin necesidad de tocar el control.<br \/>\n\ud83c\udf10 Navegador web \u2013 Explora internet directamente en tu televisor.<br \/>\n\ud83c\udfae Game Visual Experience \u2013 Disfruta de juegos con mayor calidad de imagen y sonido.<br \/>\n\ud83c\udf9e\ufe0f 4 modalidades de imagen y sonido \u2013 Personaliza la experiencia seg\u00fan tu preferencia.<br \/>\n\ud83c\udfa8 Ajuste de temperatura de color \u2013 Personaliza los tonos de la imagen a tu gusto.<\/p>\n<ul>\n<li>Con respaldo tecnol\u00f3gico de Indurama<\/li>\n<\/ul>\n<p>\ud83d\udcde Cont\u00e1ctanos y haz tu pedido: +593984123231<\/p>","protected":false},"featured_media":14953,"comment_status":"open","ping_status":"closed","template":"","meta":{"_acf_changed":false},"product_brand":[],"product_cat":[549,601],"product_tag":[],"class_list":{"0":"post-14952","1":"product","2":"type-product","3":"status-publish","4":"has-post-thumbnail","6":"product_cat-electrodomesticos","7":"product_cat-televisores","9":"first","10":"outofstock","11":"sale","12":"taxable","13":"shipping-taxable","14":"purchasable","15":"product-type-simple"},"acf":[],"_links":{"self":[{"href":"https:\/\/tiendaflex.ec\/en\/wp-json\/wp\/v2\/product\/14952","targetHints":{"allow":["GET"]}}],"collection":[{"href":"https:\/\/tiendaflex.ec\/en\/wp-json\/wp\/v2\/product"}],"about":[{"href":"https:\/\/tiendaflex.ec\/en\/wp-json\/wp\/v2\/types\/product"}],"replies":[{"embeddable":true,"href":"https:\/\/tiendaflex.ec\/en\/wp-json\/wp\/v2\/comments?post=14952"}],"version-history":[{"count":5,"href":"https:\/\/tiendaflex.ec\/en\/wp-json\/wp\/v2\/product\/14952\/revisions"}],"predecessor-version":[{"id":23560,"href":"https:\/\/tiendaflex.ec\/en\/wp-json\/wp\/v2\/product\/14952\/revisions\/23560"}],"wp:featuredmedia":[{"embeddable":true,"href":"https:\/\/tiendaflex.ec\/en\/wp-json\/wp\/v2\/media\/14953"}],"wp:attachment":[{"href":"https:\/\/tiendaflex.ec\/en\/wp-json\/wp\/v2\/media?parent=14952"}],"wp:term":[{"taxonomy":"product_brand","embeddable":true,"href":"https:\/\/tiendaflex.ec\/en\/wp-json\/wp\/v2\/product_brand?post=14952"},{"taxonomy":"product_cat","embeddable":true,"href":"https:\/\/tiendaflex.ec\/en\/wp-json\/wp\/v2\/product_cat?post=14952"},{"taxonomy":"product_tag","embeddable":true,"href":"https:\/\/tiendaflex.ec\/en\/wp-json\/wp\/v2\/product_tag?post=14952"}],"curies":[{"name":"wp","href":"https:\/\/api.w.org\/{rel}","templated":true}]}}