{"id":14949,"date":"2025-03-26T22:27:48","date_gmt":"2025-03-27T03:27:48","guid":{"rendered":"https:\/\/tiendaflex.ec\/?post_type=product&#038;p=14949"},"modified":"2025-09-02T23:35:11","modified_gmt":"2025-09-03T04:35:11","slug":"kit-2-camaras-5mp-seguridad-dahua","status":"publish","type":"product","link":"https:\/\/tiendaflex.ec\/en\/product\/kit-2-camaras-5mp-seguridad-dahua\/","title":{"rendered":"KIT 2 C\u00c1MARAS 5MP \u2013 SEGURIDAD DAHUA"},"content":{"rendered":"","protected":false},"excerpt":{"rendered":"<p>Aprovecha esta mega oferta y obt\u00e9n el KIT DE C\u00c1MARAS DE SEGURIDAD DAHUA, con im\u00e1genes en alta definici\u00f3n de 5MP y visi\u00f3n nocturna de hasta 20 metros. Visualiza todo en tu PC o celular de forma f\u00e1cil y gratuita.<\/p>\n<p>Caracter\u00edsticas destacadas:<br \/>\n\u2705 Resoluci\u00f3n Ultra HD de 5MP \u2013 Imagen clara y n\u00edtida (2880\u00d71620).<br \/>\n\u2705 Sensor de imagen CMOS de alta calidad \u2013 Captura todos los detalles.<br \/>\n\u2705 Lente de 3.6mm \u2013 Amplio campo de visi\u00f3n.<br \/>\n\u2705 Visi\u00f3n nocturna IR hasta 20m \u2013 Seguridad 24\/7.<br \/>\n\u2705 Compatible con m\u00faltiples tecnolog\u00edas \u2013 CVI\/CVBS\/AHD\/TVI switchable.<br \/>\n\u2705 Alimentaci\u00f3n 12 VDC \u00b115% \u2013 Bajo consumo energ\u00e9tico.<\/p>\n<p>El kit incluye:<br \/>\n\ud83d\udce6 1 DVR 4CH + 4CH IP \u2013 Expansible para m\u00e1s c\u00e1maras.<br \/>\n\ud83d\udce6 1 C\u00e1mara domo de 5MP \u2013 Ideal para interiores.<br \/>\n\ud83d\udce6 1 C\u00e1mara tipo tubo de 5MP \u2013 Perfecta para exteriores.<br \/>\n\ud83d\udce6 2 Pares de video balun \u2013 Para conexi\u00f3n estable.<br \/>\n\ud83d\udce6 2 Fuentes de 12V 1A \u2013 Alimentaci\u00f3n segura y confiable.<\/p>\n<p>\u274c No incluye:<br \/>\n\ud83d\udeab Disco duro (adquirir por separado).<br \/>\n\ud83d\udeab Cable UTP (adquirir por separado).<\/p>\n<p>\ud83d\udcde Cont\u00e1ctanos y haz tu pedido: +593984123231<\/p>","protected":false},"featured_media":14950,"comment_status":"open","ping_status":"closed","template":"","meta":{"_acf_changed":false},"product_brand":[],"product_cat":[584,547],"product_tag":[],"class_list":{"0":"post-14949","1":"product","2":"type-product","3":"status-publish","4":"has-post-thumbnail","6":"product_cat-camaras","7":"product_cat-tecnologia-del-hogar","9":"first","10":"outofstock","11":"sale","12":"taxable","13":"shipping-taxable","14":"purchasable","15":"product-type-simple"},"acf":[],"_links":{"self":[{"href":"https:\/\/tiendaflex.ec\/en\/wp-json\/wp\/v2\/product\/14949","targetHints":{"allow":["GET"]}}],"collection":[{"href":"https:\/\/tiendaflex.ec\/en\/wp-json\/wp\/v2\/product"}],"about":[{"href":"https:\/\/tiendaflex.ec\/en\/wp-json\/wp\/v2\/types\/product"}],"replies":[{"embeddable":true,"href":"https:\/\/tiendaflex.ec\/en\/wp-json\/wp\/v2\/comments?post=14949"}],"version-history":[{"count":3,"href":"https:\/\/tiendaflex.ec\/en\/wp-json\/wp\/v2\/product\/14949\/revisions"}],"predecessor-version":[{"id":15398,"href":"https:\/\/tiendaflex.ec\/en\/wp-json\/wp\/v2\/product\/14949\/revisions\/15398"}],"wp:featuredmedia":[{"embeddable":true,"href":"https:\/\/tiendaflex.ec\/en\/wp-json\/wp\/v2\/media\/14950"}],"wp:attachment":[{"href":"https:\/\/tiendaflex.ec\/en\/wp-json\/wp\/v2\/media?parent=14949"}],"wp:term":[{"taxonomy":"product_brand","embeddable":true,"href":"https:\/\/tiendaflex.ec\/en\/wp-json\/wp\/v2\/product_brand?post=14949"},{"taxonomy":"product_cat","embeddable":true,"href":"https:\/\/tiendaflex.ec\/en\/wp-json\/wp\/v2\/product_cat?post=14949"},{"taxonomy":"product_tag","embeddable":true,"href":"https:\/\/tiendaflex.ec\/en\/wp-json\/wp\/v2\/product_tag?post=14949"}],"curies":[{"name":"wp","href":"https:\/\/api.w.org\/{rel}","templated":true}]}}